{"id":990,"date":"2025-07-15T12:21:29","date_gmt":"2025-07-15T11:21:29","guid":{"rendered":"https:\/\/www.medhairclinic.eu\/de\/?page_id=990"},"modified":"2025-08-29T00:44:44","modified_gmt":"2025-08-28T23:44:44","slug":"rechtliche-hinweise","status":"publish","type":"page","link":"https:\/\/www.medhairclinic.eu\/de\/rechtliche-hinweise\/","title":{"rendered":"Rechtliche Hinweise"},"content":{"rendered":"\t\t<div data-elementor-type=\"wp-page\" data-elementor-id=\"990\" class=\"elementor elementor-990\" data-elementor-post-type=\"page\">\n\t\t\t\t<div class=\"elementor-element elementor-element-73b6e31 e-flex e-con-boxed e-con e-parent\" data-id=\"73b6e31\" data-element_type=\"container\" data-e-type=\"container\" data-settings=\"{&quot;background_background&quot;:&quot;classic&quot;,&quot;jet_parallax_layout_list&quot;:[]}\">\n\t\t\t\t\t<div class=\"e-con-inner\">\n\t\t<div class=\"elementor-element elementor-element-68db5a5 e-con-full e-flex e-con e-child\" data-id=\"68db5a5\" data-element_type=\"container\" data-e-type=\"container\" data-settings=\"{&quot;jet_parallax_layout_list&quot;:[]}\">\n\t\t\t\t<div class=\"elementor-element elementor-element-27893e7 elementor-widget__width-inherit elementor-widget elementor-widget-heading\" data-id=\"27893e7\" data-element_type=\"widget\" data-e-type=\"widget\" data-widget_type=\"heading.default\">\n\t\t\t\t<div class=\"elementor-widget-container\">\n\t\t\t\t\t<h1 class=\"elementor-heading-title elementor-size-default\">Rechtliche Hinweise<\/h1>\t\t\t\t<\/div>\n\t\t\t\t<\/div>\n\t\t\t\t<\/div>\n\t\t\t\t\t<\/div>\n\t\t\t\t<\/div>\n\t\t<div class=\"elementor-element elementor-element-d7cdab7 e-flex e-con-boxed e-con e-parent\" data-id=\"d7cdab7\" data-element_type=\"container\" data-e-type=\"container\" data-settings=\"{&quot;jet_parallax_layout_list&quot;:[]}\">\n\t\t\t\t\t<div class=\"e-con-inner\">\n\t\t\t\t<div class=\"elementor-element elementor-element-27304f7 elementor-button-info elementor-align-left elementor-widget elementor-widget-button\" data-id=\"27304f7\" data-element_type=\"widget\" data-e-type=\"widget\" data-widget_type=\"button.default\">\n\t\t\t\t<div class=\"elementor-widget-container\">\n\t\t\t\t\t\t\t\t\t<div class=\"elementor-button-wrapper\">\n\t\t\t\t\t<a class=\"elementor-button elementor-size-sm\" role=\"button\">\n\t\t\t\t\t\t<span class=\"elementor-button-content-wrapper\">\n\t\t\t\t\t\t\t\t\t<span class=\"elementor-button-text\">MedHair Clinic<\/span>\n\t\t\t\t\t<\/span>\n\t\t\t\t\t<\/a>\n\t\t\t\t<\/div>\n\t\t\t\t\t\t\t\t<\/div>\n\t\t\t\t<\/div>\n\t\t\t\t<div class=\"elementor-element elementor-element-7563c10 elementor-widget elementor-widget-text-editor\" data-id=\"7563c10\" data-element_type=\"widget\" data-e-type=\"widget\" data-widget_type=\"text-editor.default\">\n\t\t\t\t<div class=\"elementor-widget-container\">\n\t\t\t\t\t\t\t\t\t<p><span style=\"font-weight: 400;\">bietet u.a. allgemein anwendbare Gesundheitsinformationen und ersetzt ausdr\u00fccklich keine ggf. n\u00f6tige \u00e4rztliche oder psychotherapeutische Behandlung.<\/span><\/p><h2><span style=\"color: #004269;\"><b>I. Haftungsbeschr\u00e4nkung<\/b><\/span><\/h2><p><span style=\"font-weight: 400;\">Die Inhalte dieser Website werden mit gr\u00f6\u00dftm\u00f6glicher Sorgfalt erstellt. Der Anbieter \u00fcbernimmt jedoch keine Gew\u00e4hr f\u00fcr die Richtigkeit, Vollst\u00e4ndigkeit und Aktualit\u00e4t der bereitgestellten Inhalte. Die Nutzung der Inhalte der Website erfolgt auf eigene Gefahr des Nutzers. Namentlich gekennzeichnete Beitr\u00e4ge geben die Meinung des jeweiligen Autors und nicht immer die Meinung des Anbieters wieder. Mit der reinen Nutzung der Website des Anbieters kommt keinerlei Vertragsverh\u00e4ltnis zwischen dem Nutzer und dem Anbieter zustande.<\/span><\/p><p><span style=\"font-weight: 400;\">\u00a0<\/span><\/p><h2><span style=\"color: #004269;\"><b>II. Externe Links<\/b><\/span><\/h2><p><span style=\"font-weight: 400;\">Diese Website enth\u00e4lt Verkn\u00fcpfungen zu Websites Dritter (\u201cexterne Links\u201d). Diese Websites unterliegen der Haftung der jeweiligen Betreiber. Der Anbieter hat bei der erstmaligen Verkn\u00fcpfung der externen Links die fremden Inhalte daraufhin \u00fcberpr\u00fcft, ob etwaige Rechtsverst\u00f6\u00dfe bestehen. Zu dem Zeitpunkt waren keine Rechtsverst\u00f6\u00dfe ersichtlich. Der Anbieter hat keinerlei Einfluss auf die aktuelle und zuk\u00fcnftige Gestaltung und auf die Inhalte der verkn\u00fcpften Seiten. Das Setzen von externen Links bedeutet nicht, dass sich der Anbieter die hinter dem Verweis oder Link liegenden Inhalte zu Eigen macht. Eine st\u00e4ndige Kontrolle der externen Links ist f\u00fcr den Anbieter ohne konkrete Hinweise auf Rechtsverst\u00f6\u00dfe nicht zumutbar. Bei Kenntnis von Rechtsverst\u00f6\u00dfen werden jedoch derartige externe Links unverz\u00fcglich gel\u00f6scht.<\/span><\/p><p><span style=\"font-weight: 400;\">\u00a0<\/span><\/p><h2><span style=\"color: #004269;\"><b>III. Urheber- und Leistungsschutzrechte<\/b><\/span><\/h2><p><span style=\"font-weight: 400;\">Die auf dieser Website ver\u00f6ffentlichten Inhalte unterliegen dem deutschen Urheber- und Leistungsschutzrecht. Jede vom deutschen Urheber- und Leistungsschutzrecht nicht zugelassene Verwertung bedarf der vorherigen schriftlichen Zustimmung des Anbieters oder jeweiligen Rechteinhabers. Dies gilt insbesondere f\u00fcr Vervielf\u00e4ltigung, Bearbeitung, \u00dcbersetzung, Einspeicherung, Verarbeitung bzw. Wiedergabe von Inhalten in Datenbanken oder anderen elektronischen Medien und Systemen. Inhalte und Rechte Dritter sind dabei als solche gekennzeichnet. Die unerlaubte Vervielf\u00e4ltigung oder Weitergabe einzelner Inhalte oder kompletter Seiten ist nicht gestattet und strafbar. Die Darstellung dieser Website in fremden Frames ist nur mit schriftlicher Erlaubnis zul\u00e4ssig.<\/span><\/p><p><span style=\"font-weight: 400;\">\u00a0<\/span><\/p><h2><strong><span style=\"color: #004269;\">IV. Datenschutz<\/span><\/strong><\/h2><p><span style=\"font-weight: 400;\">Durch den Besuch der Website des Anbieters k\u00f6nnen Informationen \u00fcber den Zugriff (Datum, Uhrzeit, betrachtete Seite) gespeichert werden. Diese Daten geh\u00f6ren nicht zu den personenbezogenen Daten, sondern sind anonymisiert. Sie werden ausschlie\u00dflich zu statistischen Zwecken ausgewertet. Eine Weitergabe an Dritte, zu kommerziellen oder nichtkommerziellen Zwecken, findet nicht statt.<\/span><\/p><p><span style=\"font-weight: 400;\">Der Anbieter weist ausdr\u00fccklich darauf hin, dass die Daten\u00fcbertragung im Internet (z.B. bei der Kommunikation per E-Mail) Sicherheitsl\u00fccken aufweisen und nicht l\u00fcckenlos vor dem Zugriff durch Dritte gesch\u00fctzt werden kann.<\/span><\/p><p><span style=\"font-weight: 400;\">Die Verwendung der Kontaktdaten des Impressums zur gewerblichen Werbung ist ausdr\u00fccklich nicht erw\u00fcnscht, es sei denn der Anbieter hatte zuvor seine schriftliche Einwilligung erteilt oder es besteht bereits eine Gesch\u00e4ftsbeziehung. Der Anbieter und alle auf dieser Website genannten Personen widersprechen hiermit jeder kommerziellen Verwendung und Weitergabe ihrer Daten.<\/span><\/p><p><span style=\"font-weight: 400;\">\u00a0<\/span><\/p><h2><span style=\"color: #004269;\"><b>IV. Besondere Nutzungsbedingungen<\/b><\/span><\/h2><p><span style=\"font-weight: 400;\">Soweit besondere Bedingungen f\u00fcr einzelne Nutzungen dieser Website von den vorgenannten Nummern I. bis IV. abweichen, wird an entsprechender Stelle ausdr\u00fccklich darauf hingewiesen. In diesem Falle gelten im jeweiligen Einzelfall die besonderen Nutzungsbedingungen.<\/span><\/p><p><span style=\"font-weight: 400;\">\u00a0<\/span><\/p><h2><span style=\"color: #004269;\"><b>VI. Google Analytics<\/b><\/span><\/h2><p><span style=\"font-weight: 400;\">Unsere Homepage benutzt Google Analytics, einen Webanalysedienst von Google. Google Analytics verwendet so genannte Cookies (kleine Textdateien), die auf Ihrem Computer gespeichert werden und die eine Analyse der Benutzung der Website durch Sie erm\u00f6glichen. Die durch die Cookie erzeugten Informationen \u00fcber Ihre Benutzung dieser Homepage (einschlie\u00dflich Ihrer IP-Adresse) werden an einen Server von Google in den USA \u00fcbertragen und dort gespeichert. Google wird diese Informationen benutzen, um Ihre Nutzung der Website auszuwerten, um Reports \u00fcber die Websiteaktivit\u00e4ten f\u00fcr die Homepage-Betreiber zusammenzustellen und um weitere mit der Websitenutzung und der Internetnutzung verbundene Dienstleistungen zu erbringen. Auch wird Google diese Informationen gegebenenfalls an Dritte \u00fcbertragen, sofern dieses gesetzlich vorgeschrieben ist oder soweit Dritte diese Daten im Auftrag von Google verarbeiten. Google wird in keinem Fall Ihre IP-Adresse mit anderen Daten von Google in Verbindung bringen. Sie k\u00f6nnen die Installation der Cookies durch eine entsprechende Einstellung in Ihrer Browser-Software verhindern, wir weisen Sie jedoch darauf hin, dass Sie in diesem Fall gegebenenfalls nicht s\u00e4mtliche Funktionen dieser Website in vollem Umfang nutzen k\u00f6nnen. Durch die Nutzung unserer Homepage erkl\u00e4ren Sie sich mit der Bearbeitung, der \u00fcber Sie erhobenen Daten durch Google, in der zuvor beschriebenen Art und Weise und zu dem zuvor benannten Zweck einverstanden.<\/span><\/p><p><span style=\"font-weight: 400;\">\u00a0<\/span><\/p><h3><strong><span style=\"color: #004269;\">VII. Verwendung von Plugins sozialer Netzwerke<\/span><\/strong><\/h3><p><span style=\"font-weight: 400;\">Auf unserer Website sind Plugins der sozialen Netzwerke facebook.com, twitter.com und anderer Anbieter eingebaut. Die Plugins sind mit einem Anbieter Logo entsprechend gekennzeichnet. Hinweise zur Funktionsweise und Datenschutz finden Sie auf den Websites der jeweiligen Anbieter. Sofern Sie bei einem der Anbieter selbst einen Useraccount haben und Sie keine Sammlung von Daten \u00fcber Ihren Besuch auf unserer Website w\u00fcnschen, loggen Sie sich bei den betreffenden Anbietern einfach aus, so werden dann keine Daten gespeichert. Gleiches gilt auch etwa f\u00fcr die eingebauten Buttons wie etwa \u201cGef\u00e4llt mir\u201d, \u201cTeilen\u201d, \u201cFollow me Twitter\u201d usw. Wichtiger Hinweis zur Abmahnpraxis: Keine Abmahnung ohne vorherigen Kontakt! Sollte irgendwelcher Inhalt oder die Gestaltung einzelner Seiten oder Teile dieser Website fremde Rechte Dritter oder gesetzliche Bestimmungen verletzen oder anderweitig in irgendeiner Form wettbewerbsrechtliche Probleme hervorbringen, so bitten wir unter Berufung auf \u00a7 8 Abs. 4 UWG, um eine angemessene, ausreichend erl\u00e4uternde und schnelle Nachricht ohne Kostennote. Wir garantieren, dass die zu Recht beanstandeten Passagen oder Teile dieser Website in angemessener Frist entfernt bzw. den rechtlichen Vorgaben angepasst werden, ohne dass von Ihrer Seite die Einschaltung eines Rechtsbeistandes erforderlich ist. Die Einschaltung eines Anwaltes, zur f\u00fcr den Diensteanbieter kostenpflichtigen Abmahnung, entspricht nicht dessen wirklichen oder mutma\u00dflichen Willen und w\u00fcrde damit einen Verstoss gegen \u00a7 13 Abs. 5 UWG, wegen der Verfolgung sachfremder Ziele als beherrschendes Motiv der Verfahrenseinleitung, insbesondere einer Kostenerzielungsabsicht als eigentliche Triebfeder, sowie einen Versto\u00df gegen die Schadensminderungspflicht darstellen.<\/span><\/p>\t\t\t\t\t\t\t\t<\/div>\n\t\t\t\t<\/div>\n\t\t\t\t\t<\/div>\n\t\t\t\t<\/div>\n\t\t\t\t<\/div>\n\t\t","protected":false},"excerpt":{"rendered":"<p>Rechtliche Hinweise MedHair Clinic bietet u.a. allgemein anwendbare Gesundheitsinformationen und ersetzt ausdr\u00fccklich keine ggf. n\u00f6tige \u00e4rztliche oder psychotherapeutische Behandlung. I. Haftungsbeschr\u00e4nkung Die Inhalte dieser Website werden mit gr\u00f6\u00dftm\u00f6glicher Sorgfalt erstellt. Der Anbieter \u00fcbernimmt jedoch keine Gew\u00e4hr f\u00fcr die Richtigkeit, Vollst\u00e4ndigkeit und Aktualit\u00e4t der bereitgestellten Inhalte. Die Nutzung der Inhalte der Website erfolgt auf eigene Gefahr [&hellip;]<\/p>\n","protected":false},"author":2,"featured_media":0,"parent":0,"menu_order":0,"comment_status":"closed","ping_status":"closed","template":"","meta":{"footnotes":""},"class_list":["post-990","page","type-page","status-publish","hentry"],"yoast_head":"<!-- This site is optimized with the Yoast SEO plugin v27.3 - https:\/\/yoast.com\/product\/yoast-seo-wordpress\/ -->\n<title>Rechtliche Hinweise - MedHair Clinic<\/title>\n<meta name=\"description\" content=\"Rechtliche Hinweise zu unserer Website, den Inhalten und medizinischen Informationen \u2013 transparent und gesetzeskonform.\" \/>\n<meta name=\"robots\" content=\"noindex, nofollow\" \/>\n<meta property=\"og:locale\" content=\"de_DE\" \/>\n<meta property=\"og:type\" content=\"article\" \/>\n<meta property=\"og:title\" content=\"Rechtliche Hinweise - MedHair Clinic\" \/>\n<meta property=\"og:description\" content=\"Rechtliche Hinweise zu unserer Website, den Inhalten und medizinischen Informationen \u2013 transparent und gesetzeskonform.\" \/>\n<meta property=\"og:url\" content=\"https:\/\/www.medhairclinic.eu\/de\/rechtliche-hinweise\/\" \/>\n<meta property=\"og:site_name\" content=\"MedHair Clinic\" \/>\n<meta property=\"article:publisher\" content=\"https:\/\/www.facebook.com\/medhairclinic\" \/>\n<meta property=\"article:modified_time\" content=\"2025-08-28T23:44:44+00:00\" \/>\n<meta name=\"twitter:card\" content=\"summary_large_image\" \/>\n<script type=\"application\/ld+json\" class=\"yoast-schema-graph\">{\"@context\":\"https:\\\/\\\/schema.org\",\"@graph\":[{\"@type\":\"WebPage\",\"@id\":\"https:\\\/\\\/www.medhairclinic.eu\\\/de\\\/rechtliche-hinweise\\\/\",\"url\":\"https:\\\/\\\/www.medhairclinic.eu\\\/de\\\/rechtliche-hinweise\\\/\",\"name\":\"Rechtliche Hinweise - MedHair Clinic\",\"isPartOf\":{\"@id\":\"https:\\\/\\\/www.medhairclinic.eu\\\/de\\\/#website\"},\"datePublished\":\"2025-07-15T11:21:29+00:00\",\"dateModified\":\"2025-08-28T23:44:44+00:00\",\"description\":\"Rechtliche Hinweise zu unserer Website, den Inhalten und medizinischen Informationen \u2013 transparent und gesetzeskonform.\",\"breadcrumb\":{\"@id\":\"https:\\\/\\\/www.medhairclinic.eu\\\/de\\\/rechtliche-hinweise\\\/#breadcrumb\"},\"inLanguage\":\"de\",\"potentialAction\":[{\"@type\":\"ReadAction\",\"target\":[\"https:\\\/\\\/www.medhairclinic.eu\\\/de\\\/rechtliche-hinweise\\\/\"]}]},{\"@type\":\"BreadcrumbList\",\"@id\":\"https:\\\/\\\/www.medhairclinic.eu\\\/de\\\/rechtliche-hinweise\\\/#breadcrumb\",\"itemListElement\":[{\"@type\":\"ListItem\",\"position\":1,\"name\":\"Startseite\",\"item\":\"https:\\\/\\\/www.medhairclinic.eu\\\/de\\\/\"},{\"@type\":\"ListItem\",\"position\":2,\"name\":\"Rechtliche Hinweise\"}]},{\"@type\":\"WebSite\",\"@id\":\"https:\\\/\\\/www.medhairclinic.eu\\\/de\\\/#website\",\"url\":\"https:\\\/\\\/www.medhairclinic.eu\\\/de\\\/\",\"name\":\"MedHair Clinic\",\"description\":\"Haartransplantation in der T\u00fcrkei mit Dr. Vedat Tosun\",\"publisher\":{\"@id\":\"https:\\\/\\\/www.medhairclinic.eu\\\/de\\\/#organization\"},\"potentialAction\":[{\"@type\":\"SearchAction\",\"target\":{\"@type\":\"EntryPoint\",\"urlTemplate\":\"https:\\\/\\\/www.medhairclinic.eu\\\/de\\\/?s={search_term_string}\"},\"query-input\":{\"@type\":\"PropertyValueSpecification\",\"valueRequired\":true,\"valueName\":\"search_term_string\"}}],\"inLanguage\":\"de\"},{\"@type\":\"Organization\",\"@id\":\"https:\\\/\\\/www.medhairclinic.eu\\\/de\\\/#organization\",\"name\":\"MedHair Clinic\",\"url\":\"https:\\\/\\\/www.medhairclinic.eu\\\/de\\\/\",\"logo\":{\"@type\":\"ImageObject\",\"inLanguage\":\"de\",\"@id\":\"https:\\\/\\\/www.medhairclinic.eu\\\/de\\\/#\\\/schema\\\/logo\\\/image\\\/\",\"url\":\"https:\\\/\\\/www.medhairclinic.eu\\\/de\\\/wp-content\\\/uploads\\\/2025\\\/07\\\/Medhair-klinik-Logo-square.png\",\"contentUrl\":\"https:\\\/\\\/www.medhairclinic.eu\\\/de\\\/wp-content\\\/uploads\\\/2025\\\/07\\\/Medhair-klinik-Logo-square.png\",\"width\":409,\"height\":411,\"caption\":\"MedHair Clinic\"},\"image\":{\"@id\":\"https:\\\/\\\/www.medhairclinic.eu\\\/de\\\/#\\\/schema\\\/logo\\\/image\\\/\"},\"sameAs\":[\"https:\\\/\\\/www.facebook.com\\\/medhairclinic\",\"https:\\\/\\\/www.instagram.com\\\/medhairclinic\\\/\",\"https:\\\/\\\/www.youtube.com\\\/channel\\\/UCW0wNIo2U0Ih4JYEfsW2DbQ\"]}]}<\/script>\n<!-- \/ Yoast SEO plugin. -->","yoast_head_json":{"title":"Rechtliche Hinweise - MedHair Clinic","description":"Rechtliche Hinweise zu unserer Website, den Inhalten und medizinischen Informationen \u2013 transparent und gesetzeskonform.","robots":{"index":"noindex","follow":"nofollow"},"og_locale":"de_DE","og_type":"article","og_title":"Rechtliche Hinweise - MedHair Clinic","og_description":"Rechtliche Hinweise zu unserer Website, den Inhalten und medizinischen Informationen \u2013 transparent und gesetzeskonform.","og_url":"https:\/\/www.medhairclinic.eu\/de\/rechtliche-hinweise\/","og_site_name":"MedHair Clinic","article_publisher":"https:\/\/www.facebook.com\/medhairclinic","article_modified_time":"2025-08-28T23:44:44+00:00","twitter_card":"summary_large_image","schema":{"@context":"https:\/\/schema.org","@graph":[{"@type":"WebPage","@id":"https:\/\/www.medhairclinic.eu\/de\/rechtliche-hinweise\/","url":"https:\/\/www.medhairclinic.eu\/de\/rechtliche-hinweise\/","name":"Rechtliche Hinweise - MedHair Clinic","isPartOf":{"@id":"https:\/\/www.medhairclinic.eu\/de\/#website"},"datePublished":"2025-07-15T11:21:29+00:00","dateModified":"2025-08-28T23:44:44+00:00","description":"Rechtliche Hinweise zu unserer Website, den Inhalten und medizinischen Informationen \u2013 transparent und gesetzeskonform.","breadcrumb":{"@id":"https:\/\/www.medhairclinic.eu\/de\/rechtliche-hinweise\/#breadcrumb"},"inLanguage":"de","potentialAction":[{"@type":"ReadAction","target":["https:\/\/www.medhairclinic.eu\/de\/rechtliche-hinweise\/"]}]},{"@type":"BreadcrumbList","@id":"https:\/\/www.medhairclinic.eu\/de\/rechtliche-hinweise\/#breadcrumb","itemListElement":[{"@type":"ListItem","position":1,"name":"Startseite","item":"https:\/\/www.medhairclinic.eu\/de\/"},{"@type":"ListItem","position":2,"name":"Rechtliche Hinweise"}]},{"@type":"WebSite","@id":"https:\/\/www.medhairclinic.eu\/de\/#website","url":"https:\/\/www.medhairclinic.eu\/de\/","name":"MedHair Clinic","description":"Haartransplantation in der T\u00fcrkei mit Dr. Vedat Tosun","publisher":{"@id":"https:\/\/www.medhairclinic.eu\/de\/#organization"},"potentialAction":[{"@type":"SearchAction","target":{"@type":"EntryPoint","urlTemplate":"https:\/\/www.medhairclinic.eu\/de\/?s={search_term_string}"},"query-input":{"@type":"PropertyValueSpecification","valueRequired":true,"valueName":"search_term_string"}}],"inLanguage":"de"},{"@type":"Organization","@id":"https:\/\/www.medhairclinic.eu\/de\/#organization","name":"MedHair Clinic","url":"https:\/\/www.medhairclinic.eu\/de\/","logo":{"@type":"ImageObject","inLanguage":"de","@id":"https:\/\/www.medhairclinic.eu\/de\/#\/schema\/logo\/image\/","url":"https:\/\/www.medhairclinic.eu\/de\/wp-content\/uploads\/2025\/07\/Medhair-klinik-Logo-square.png","contentUrl":"https:\/\/www.medhairclinic.eu\/de\/wp-content\/uploads\/2025\/07\/Medhair-klinik-Logo-square.png","width":409,"height":411,"caption":"MedHair Clinic"},"image":{"@id":"https:\/\/www.medhairclinic.eu\/de\/#\/schema\/logo\/image\/"},"sameAs":["https:\/\/www.facebook.com\/medhairclinic","https:\/\/www.instagram.com\/medhairclinic\/","https:\/\/www.youtube.com\/channel\/UCW0wNIo2U0Ih4JYEfsW2DbQ"]}]}},"_links":{"self":[{"href":"https:\/\/www.medhairclinic.eu\/de\/wp-json\/wp\/v2\/pages\/990","targetHints":{"allow":["GET"]}}],"collection":[{"href":"https:\/\/www.medhairclinic.eu\/de\/wp-json\/wp\/v2\/pages"}],"about":[{"href":"https:\/\/www.medhairclinic.eu\/de\/wp-json\/wp\/v2\/types\/page"}],"author":[{"embeddable":true,"href":"https:\/\/www.medhairclinic.eu\/de\/wp-json\/wp\/v2\/users\/2"}],"replies":[{"embeddable":true,"href":"https:\/\/www.medhairclinic.eu\/de\/wp-json\/wp\/v2\/comments?post=990"}],"version-history":[{"count":0,"href":"https:\/\/www.medhairclinic.eu\/de\/wp-json\/wp\/v2\/pages\/990\/revisions"}],"wp:attachment":[{"href":"https:\/\/www.medhairclinic.eu\/de\/wp-json\/wp\/v2\/media?parent=990"}],"curies":[{"name":"wp","href":"https:\/\/api.w.org\/{rel}","templated":true}]}}