{"id":6205,"date":"2024-07-12T13:42:11","date_gmt":"2024-07-12T10:42:11","guid":{"rendered":"https:\/\/medhairclinic.eu\/about-us\/"},"modified":"2026-04-01T10:20:51","modified_gmt":"2026-04-01T07:20:51","slug":"sobre-nosotros","status":"publish","type":"page","link":"https:\/\/www.medhairclinic.eu\/es\/sobre-nosotros\/","title":{"rendered":"Sobre nosotros"},"content":{"rendered":"<div class=\"elementor-element elementor-element-09302a6 elementor-widget elementor-widget-text-editor\" data-id=\"09302a6\" data-element_type=\"widget\" data-e-type=\"widget\" data-widget_type=\"text-editor.default\">\n<h2 class=\"elementor-widget-container\">Cl\u00ednica MedHair: Trasplante capilar y tratamientos capilares con m\u00e1s de 15 a\u00f1os de experiencia.<\/h2>\n<p>Medhair Clinic, con su equipo de m\u00e1s de 15 a\u00f1os de experiencia, ofrece los mejores servicios en el tratamiento de la p\u00e9rdida de cabello, especialmente en el trasplante capilar. Medhair Clinic, que presta servicios con su equipo de expertos en las \u00e1reas de trasplante de barba, trasplante de cejas y trasplante capilar, siempre ha tenido como objetivo utilizar la tecnolog\u00eda m\u00e1s avanzada, as\u00ed como un servicio de salud de calidad y fiable en todos los tratamientos.<\/p>\n<\/div>\n<div class=\"elementor-element elementor-element-f8460f7 elementor-widget__width-inherit elementor-mobile-align-justify elementor-widget elementor-widget-button\" data-id=\"f8460f7\" data-element_type=\"widget\" data-e-type=\"widget\" data-widget_type=\"button.default\">\n<div class=\"elementor-widget-container\">\n<div class=\"elementor-button-wrapper\"><\/div>\n<\/div>\n<\/div>\n<p><iframe loading=\"lazy\" title=\"Reproductor de video de YouTube\" src=\"https:\/\/www.youtube.com\/embed\/yVB092qwUGM\" width=\"100%\" height=\"500\" frameborder=\"0\" allowfullscreen=\"allowfullscreen\"><\/iframe><\/p>\n<div class=\"elementor-element elementor-element-14a266c elementor-widget elementor-widget-heading\" data-id=\"14a266c\" data-element_type=\"widget\" data-e-type=\"widget\" data-widget_type=\"heading.default\">\n<div class=\"elementor-widget-container\">\n<h2 class=\"elementor-heading-title elementor-size-default\">Dr. Vedat Tosun \u2013 Especialista en trasplante capilar reconocido internacionalmente<\/h2>\n<\/div>\n<\/div>\n<div class=\"elementor-element elementor-element-39de5f4 elementor-widget elementor-widget-text-editor\" data-id=\"39de5f4\" data-element_type=\"widget\" data-e-type=\"widget\" data-widget_type=\"text-editor.default\">\n<div class=\"elementor-widget-container\">\n<p data-start=\"109\" data-end=\"490\">El Dr. Vedat Tosun, Doctor en Ciencias M\u00e9dicas, cuenta con m\u00e1s de 12 a\u00f1os de experiencia en el campo del trasplante capilar. En nuestra cl\u00ednica, ya ha ayudado a m\u00e1s de 14.000 pacientes a recuperar una cabellera abundante. El Dr. Tosun es reconocido por su precisi\u00f3n art\u00edstica y sus resultados de aspecto natural. Con gran sensibilidad y una t\u00e9cnica meticulosa, logra constantemente resultados sobresalientes.<\/p>\n<p data-start=\"492\" data-end=\"779\">Su trabajo es su pasi\u00f3n:<br data-start=\"516\" data-end=\"519\" \/><em data-start=\"519\" data-end=\"763\">\u201cCon los procedimientos pl\u00e1sticos y quir\u00fargicos, ayudas a las personas tanto f\u00edsica como emocionalmente al restaurar su confianza en s\u00ed mismas. Hago feliz a la gente, y por eso amo lo que hago. Por eso quiero seguir especializ\u00e1ndome en trasplantes capilares\u201d<\/em>, afirma el Dr. Tosun.<\/p>\n<p data-start=\"781\" data-end=\"1208\">El Dr. Vedat Tosun cuenta con el apoyo de un equipo de tres dermat\u00f3logos. Cada miembro de nuestro equipo posee un t\u00edtulo universitario en \u00e1reas sanitarias relevantes. El Dr. Tosun ha formado personalmente a su equipo mediante una amplia capacitaci\u00f3n y a\u00f1os de experiencia pr\u00e1ctica, garantizando que nuestra cl\u00ednica ofrezca constantemente servicios de alta calidad. Como resultado, todo el equipo est\u00e1 cualificado para llevar a cabo <strong data-start=\"1157\" data-end=\"1171\">todas las fases<\/strong> del proceso de trasplante capilar.<\/p>\n<div class=\"elementor-element elementor-element-2b3faa9 elementor-widget elementor-widget-heading\" data-id=\"2b3faa9\" data-element_type=\"widget\" data-e-type=\"widget\" data-widget_type=\"heading.default\">\n<div class=\"elementor-widget-container\">\n<h2 class=\"elementor-heading-title elementor-size-default\">Planes de tratamiento totalmente personalizados<\/h2>\n<\/div>\n<\/div>\n<div class=\"elementor-element elementor-element-1300c33 elementor-widget elementor-widget-text-editor\" data-id=\"1300c33\" data-element_type=\"widget\" data-e-type=\"widget\" data-widget_type=\"text-editor.default\">\n<div class=\"elementor-widget-container\">\n<p data-start=\"106\" data-end=\"448\">En MedHair, el proceso comienza con un <strong data-start=\"144\" data-end=\"180\">an\u00e1lisis capilar online sin compromiso<\/strong>, mediante el cual los pacientes reciben una oferta inicial. Esto nos permite obtener una primera impresi\u00f3n de su situaci\u00f3n capilar y preparar una estimaci\u00f3n de costes. Proporcionamos asesoramiento detallado sobre los distintos m\u00e9todos de trasplante capilar y calculamos el n\u00famero estimado de injertos necesarios.<\/p>\n<p data-start=\"450\" data-end=\"757\">Una vez que decida continuar con un <strong data-start=\"484\" data-end=\"526\">trasplante capilar en Turqu\u00eda con MedHair<\/strong>, nos encargamos de todas las reservas necesarias como parte de nuestros <strong data-start=\"586\" data-end=\"612\">paquetes todo incluido<\/strong>. Cuando llegue a Estambul, nuestro servicio de traslado le llevar\u00e1 a su hotel de 4 o 5 estrellas. Al d\u00eda siguiente, ser\u00e1 trasladado a la cl\u00ednica.<\/p>\n<p data-start=\"759\" data-end=\"1066\">El Dr. Tosun planifica personalmente el tratamiento utilizando sus conocimientos m\u00e9dicos especializados y dise\u00f1a la l\u00ednea capilar propuesta. Una vez que el paciente est\u00e1 satisfecho con el plan, el procedimiento puede comenzar. Despu\u00e9s de la operaci\u00f3n, ser\u00e1 llevado de regreso a su hotel, convenientemente ubicado para que pueda disfrutar de la hermosa ciudad de Estambul.<\/p>\n<p data-start=\"1068\" data-end=\"1428\">Al d\u00eda siguiente se realiza una revisi\u00f3n postoperatoria y, despu\u00e9s, uno de nuestros conductores le llevar\u00e1 al aeropuerto.<br data-start=\"1182\" data-end=\"1185\" \/><strong data-start=\"1185\" data-end=\"1234\">El soporte online contin\u00faa incluso despu\u00e9s de su viaje<\/strong>, para que cualquier inquietud o pregunta pueda ser atendida.<br data-start=\"1282\" data-end=\"1285\" \/>En MedHair, nos comprometemos a acompa\u00f1arle <strong data-start=\"1331\" data-end=\"1371\">mucho despu\u00e9s de que el procedimiento haya finalizado<\/strong>, y siempre estamos disponibles para consultas de seguimiento.<\/p>\n\n\t\t<style type=\"text\/css\">\n\t\t\t#gallery-1 {\n\t\t\t\tmargin: auto;\n\t\t\t}\n\t\t\t#gallery-1 .gallery-item {\n\t\t\t\tfloat: left;\n\t\t\t\tmargin-top: 10px;\n\t\t\t\ttext-align: center;\n\t\t\t\twidth: 33%;\n\t\t\t}\n\t\t\t#gallery-1 img {\n\t\t\t\tborder: 2px solid #cfcfcf;\n\t\t\t}\n\t\t\t#gallery-1 .gallery-caption {\n\t\t\t\tmargin-left: 0;\n\t\t\t}\n\t\t\t\/* see gallery_shortcode() in wp-includes\/media.php *\/\n\t\t<\/style>\n\t\t<div id='gallery-1' class='gallery galleryid-6205 gallery-columns-3 gallery-size-thumbnail'><dl class='gallery-item'>\n\t\t\t<dt class='gallery-icon landscape'>\n\t\t\t\t<a href='https:\/\/www.medhairclinic.eu\/es\/sobre-nosotros\/medhair-hair-analysis_2026-150x150\/'><img loading=\"lazy\" decoding=\"async\" width=\"150\" height=\"150\" src=\"https:\/\/www.medhairclinic.eu\/wp-content\/uploads\/2026\/04\/MedHair-Hair-analysis_2026-150x150-4.webp\" class=\"attachment-thumbnail size-thumbnail\" alt=\"\" \/><\/a>\n\t\t\t<\/dt><\/dl><dl class='gallery-item'>\n\t\t\t<dt class='gallery-icon landscape'>\n\t\t\t\t<a href='https:\/\/www.medhairclinic.eu\/es\/sobre-nosotros\/dr-tosun-with-happy-patient_2026-150x150\/'><img loading=\"lazy\" decoding=\"async\" width=\"150\" height=\"150\" src=\"https:\/\/www.medhairclinic.eu\/wp-content\/uploads\/2026\/04\/Dr.-Tosun-with-happy-patient_2026-150x150-4.webp\" class=\"attachment-thumbnail size-thumbnail\" alt=\"\" \/><\/a>\n\t\t\t<\/dt><\/dl><dl class='gallery-item'>\n\t\t\t<dt class='gallery-icon landscape'>\n\t\t\t\t<a href='https:\/\/www.medhairclinic.eu\/es\/sobre-nosotros\/dr-verdat-tosun-hair-analysis_2026-150x150\/'><img loading=\"lazy\" decoding=\"async\" width=\"150\" height=\"150\" src=\"https:\/\/www.medhairclinic.eu\/wp-content\/uploads\/2026\/04\/Dr.-Verdat-Tosun-Hair-analysis_2026-150x150-4.webp\" class=\"attachment-thumbnail size-thumbnail\" alt=\"\" \/><\/a>\n\t\t\t<\/dt><\/dl><br style=\"clear: both\" \/><dl class='gallery-item'>\n\t\t\t<dt class='gallery-icon landscape'>\n\t\t\t\t<a href='https:\/\/www.medhairclinic.eu\/es\/sobre-nosotros\/liv-hospital-lobby_2026-150x150\/'><img loading=\"lazy\" decoding=\"async\" width=\"150\" height=\"150\" src=\"https:\/\/www.medhairclinic.eu\/wp-content\/uploads\/2026\/04\/LIV-Hospital-lobby_2026-150x150-4.webp\" class=\"attachment-thumbnail size-thumbnail\" alt=\"\" \/><\/a>\n\t\t\t<\/dt><\/dl><dl class='gallery-item'>\n\t\t\t<dt class='gallery-icon landscape'>\n\t\t\t\t<a href='https:\/\/www.medhairclinic.eu\/es\/sobre-nosotros\/liv-hostpital-istanbul_2026-150x150\/'><img loading=\"lazy\" decoding=\"async\" width=\"150\" height=\"150\" src=\"https:\/\/www.medhairclinic.eu\/wp-content\/uploads\/2026\/04\/Liv-Hostpital-Istanbul_2026-150x150-4.webp\" class=\"attachment-thumbnail size-thumbnail\" alt=\"\" \/><\/a>\n\t\t\t<\/dt><\/dl><dl class='gallery-item'>\n\t\t\t<dt class='gallery-icon landscape'>\n\t\t\t\t<a href='https:\/\/www.medhairclinic.eu\/es\/sobre-nosotros\/medhair-clinic-happy-patient_2026-150x150\/'><img loading=\"lazy\" decoding=\"async\" width=\"150\" height=\"150\" src=\"https:\/\/www.medhairclinic.eu\/wp-content\/uploads\/2026\/04\/MedHair-Clinic-happy-patient_2026-150x150-4.webp\" class=\"attachment-thumbnail size-thumbnail\" alt=\"\" \/><\/a>\n\t\t\t<\/dt><\/dl><br style=\"clear: both\" \/>\n\t\t<\/div>\n\n<h2 class=\"elementor-heading-title elementor-size-default\">MedHair &#8211; Reconocida internacionalmente y destacada en los medios europeos<\/h2>\n<\/div>\n<\/div>\n<p data-start=\"396\" data-end=\"861\">MedHair Clinic ha obtenido reconocimiento internacional y ha sido destacada en dos importantes series documentales europeas. Las reconocidas cadenas <strong data-start=\"533\" data-end=\"541\">Arte<\/strong> y <strong data-start=\"546\" data-end=\"557\">Galileo<\/strong> (Alemania) produjeron reportajes en profundidad sobre los trasplantes capilares en MedHair, en Turqu\u00eda. Los documentales destacaron las <strong data-start=\"679\" data-end=\"700\">instalaciones modernas<\/strong>, los <strong data-start=\"702\" data-end=\"730\">alojamientos de lujo<\/strong>, la <strong data-start=\"732\" data-end=\"747\">atenci\u00f3n experta<\/strong> y los <strong data-start=\"753\" data-end=\"775\">resultados notables<\/strong> de la cl\u00ednica. Cabe destacar que <strong data-start=\"786\" data-end=\"836\">el 95 % de los pacientes no necesita tratamiento de seguimiento<\/strong> en sus pa\u00edses de origen.<\/p>\n<p data-start=\"863\" data-end=\"944\">Un paciente, <strong data-start=\"876\" data-end=\"886\">Dennis<\/strong>, comparti\u00f3 su experiencia seis meses despu\u00e9s de su trasplante:<\/p>\n<blockquote data-start=\"945\" data-end=\"1161\">\n<p data-start=\"947\" data-end=\"1161\"><em data-start=\"947\" data-end=\"1096\">\u201cLas zonas con retroceso han desaparecido por completo y todo cicatriz\u00f3 perfectamente. Mi cabello vuelve a verse abundante. Me siento m\u00e1s joven y, sinceramente, m\u00e1s atractivo.\u201d<\/em><br data-start=\"1096\" data-end=\"1099\" \/>Ya est\u00e1 planeando una segunda visita para tratar la zona de la coronilla.<\/p>\n<\/blockquote>\n<p data-start=\"1163\" data-end=\"1416\">Otro paciente, <strong data-start=\"1180\" data-end=\"1189\">Felix<\/strong>, vio un progreso visible apenas <strong data-start=\"1217\" data-end=\"1238\">ocho semanas despu\u00e9s<\/strong> del procedimiento: el cabello trasplantado ya hab\u00eda crecido alrededor de un cent\u00edmetro. Felix afirma que los resultados superaron con creces sus expectativas y le dieron un <strong data-start=\"1383\" data-end=\"1415\">importante impulso de confianza<\/strong>.<\/p>\n<h2 class=\"elementor-heading-title elementor-size-default\">Ubicaci\u00f3n privilegiada dentro de Liv Hospital Vadistanbul<\/h2>\n<\/div>\n<\/div>\n<p data-start=\"180\" data-end=\"487\">Nuestra cl\u00ednica de trasplante capilar est\u00e1 ubicada dentro del prestigioso <strong data-start=\"241\" data-end=\"269\">Liv Hospital Vadistanbul<\/strong>, uno de los hospitales privados mejor valorados de Turqu\u00eda. El hospital est\u00e1 certificado tanto por <strong data-start=\"355\" data-end=\"366\">T\u00dcV S\u00dcD<\/strong> como por la <strong data-start=\"375\" data-end=\"415\">Joint Commission International (JCI)<\/strong>, lo que garantiza los <strong data-start=\"430\" data-end=\"486\">m\u00e1s altos est\u00e1ndares en atenci\u00f3n m\u00e9dica y seguridad del paciente<\/strong>.<\/p>\n<p data-start=\"489\" data-end=\"782\">La cl\u00ednica ofrece un nivel de calidad comparable al de los principales hospitales de Alemania y otros pa\u00edses. Puede estar seguro de que est\u00e1 en <strong data-start=\"616\" data-end=\"643\">las mejores manos posibles<\/strong>. Su comodidad y su seguridad son nuestras m\u00e1ximas prioridades, y precisamente por eso hemos elegido <strong data-start=\"730\" data-end=\"758\">Liv Hospital Vadistanbul<\/strong> como sede de MedHair.<\/p>\n","protected":false},"excerpt":{"rendered":"<p>Cl\u00ednica MedHair: Trasplante capilar y tratamientos capilares con m\u00e1s de 15 a\u00f1os de experiencia. Medhair Clinic, con su equipo de m\u00e1s de 15 a\u00f1os de experiencia, ofrece los mejores servicios en el tratamiento de la p\u00e9rdida de cabello, especialmente en el trasplante capilar. Medhair Clinic, que presta servicios con su equipo de expertos en las [&hellip;]<\/p>\n","protected":false},"author":1,"featured_media":6207,"parent":0,"menu_order":0,"comment_status":"closed","ping_status":"closed","template":"","meta":{"footnotes":""},"class_list":["post-6205","page","type-page","status-publish","has-post-thumbnail","hentry"],"_links":{"self":[{"href":"https:\/\/www.medhairclinic.eu\/es\/wp-json\/wp\/v2\/pages\/6205","targetHints":{"allow":["GET"]}}],"collection":[{"href":"https:\/\/www.medhairclinic.eu\/es\/wp-json\/wp\/v2\/pages"}],"about":[{"href":"https:\/\/www.medhairclinic.eu\/es\/wp-json\/wp\/v2\/types\/page"}],"author":[{"embeddable":true,"href":"https:\/\/www.medhairclinic.eu\/es\/wp-json\/wp\/v2\/users\/1"}],"replies":[{"embeddable":true,"href":"https:\/\/www.medhairclinic.eu\/es\/wp-json\/wp\/v2\/comments?post=6205"}],"version-history":[{"count":5,"href":"https:\/\/www.medhairclinic.eu\/es\/wp-json\/wp\/v2\/pages\/6205\/revisions"}],"predecessor-version":[{"id":6411,"href":"https:\/\/www.medhairclinic.eu\/es\/wp-json\/wp\/v2\/pages\/6205\/revisions\/6411"}],"wp:featuredmedia":[{"embeddable":true,"href":"https:\/\/www.medhairclinic.eu\/es\/wp-json\/wp\/v2\/media\/6207"}],"wp:attachment":[{"href":"https:\/\/www.medhairclinic.eu\/es\/wp-json\/wp\/v2\/media?parent=6205"}],"curies":[{"name":"wp","href":"https:\/\/api.w.org\/{rel}","templated":true}]}}