{"id":8061,"date":"2026-04-01T15:05:29","date_gmt":"2026-04-01T12:05:29","guid":{"rendered":"https:\/\/medhairclinic.eu\/dr-vedat-tosun\/"},"modified":"2026-04-02T15:32:24","modified_gmt":"2026-04-02T12:32:24","slug":"dr-vedat-tosun","status":"publish","type":"page","link":"https:\/\/www.medhairclinic.eu\/es\/dr-vedat-tosun\/","title":{"rendered":"Dr. Vedat Tosun &#8211; Su experto en trasplantes capilares"},"content":{"rendered":"<p>La elecci\u00f3n del m\u00e9dico adecuado desempe\u00f1a un papel enorme cuando est\u00e1 planeando un trasplante capilar. Lo mejor es revisar con atenci\u00f3n la experiencia, las <b>cualificaciones<\/b> y las opiniones de pacientes anteriores. As\u00ed se asegura de estar en buenas manos.<\/p>\n<p>El Dr. Vedat Tosun, por ejemplo, est\u00e1 considerado uno de los principales expertos en <a href=\"https:\/\/medhairclinic.eu\/es\/\"><b>trasplante capilar en Turqu\u00eda<\/b><\/a>. Fue cofundador de la prestigiosa MedHair Clinic en 2011 y la dirige desde entonces. Ya suma m\u00e1s de 14 000 procedimientos exitosos, lo que habla por s\u00ed solo. Lleva m\u00e1s de 12 a\u00f1os trabajando en el \u00e1mbito del trasplante capilar.<\/p>\n<p>Forma continuamente a su experimentado equipo utilizando sus <b>amplios conocimientos especializados<\/b>, para que los colaboradores puedan realizar trasplantes capilares de forma aut\u00f3noma, pero siempre bajo la supervisi\u00f3n del Dr. Vedat Tosun.<\/p>\n<h2>Dr. Vedat Tosun \u2013 experiencia m\u00e9dica y trayectoria<\/h2>\n<p><center><iframe loading=\"lazy\" title=\"Trasplante Capilar en Turqu\u00eda - Dr. Vedat Tosun\" src=\"https:\/\/www.youtube.com\/embed\/N0Vc_VXVEzM\" width=\"951\" height=\"535\" frameborder=\"0\" allowfullscreen=\"allowfullscreen\"><\/iframe><\/center>El Dr. Tosun es un m\u00e9dico apasionado desde hace m\u00e1s de 16 a\u00f1os y cuenta con una amplia experiencia en el sector m\u00e9dico. Su formaci\u00f3n es impresionante y posee las siguientes acreditaciones:<\/p>\n<h3>Formaci\u00f3n<\/h3>\n<ul>\n<li><b>2017<\/b> \u2013 Tercer Taller Akdeniz FUE, Antalya, Turqu\u00eda<\/li>\n<li><b>2014<\/b> \u2013 Cuarto D\u00eda Internacional de Cirug\u00eda Dermatol\u00f3gica, Estambul, Turqu\u00eda<\/li>\n<li><b>2013\u20132015<\/b> \u2013 Facultad de Ciencias de la Salud, Universidad Medipol (Facultad de Medicina), Estambul, Turqu\u00eda<\/li>\n<li><b>2010<\/b> \u2013 Formaci\u00f3n en Dermocosmetolog\u00eda, Universidad Medipol, Estambul, Turqu\u00eda<\/li>\n<li><b>2004\u20132011<\/b> \u2013 Estudios de Medicina, Facultad de Medicina de la Universidad de Bak\u00fa, Bak\u00fa, Azerbaiy\u00e1n<\/li>\n<\/ul>\n<h3>Experiencia Profesional<\/h3>\n<ul>\n<li><b>Desde 2016<\/b> \u2013 Especialista en Trasplante Capilar, MedHair Clinic, Estambul, Turqu\u00eda<\/li>\n<li><b>Desde 2014<\/b> \u2013 Especialista en Trasplante Capilar, ISU LIV Bah\u00e7e\u015fehir Hospital, Estambul, Turqu\u00eda<\/li>\n<li><b>2015\u20132016<\/b> \u2013 Coordinador de Trasplante Capilar, Hospital Florence Nightingale de la Universidad de Estambul, Estambul, Turqu\u00eda<\/li>\n<li><b>2011\u20132015<\/b> \u2013 Coordinador de Trasplante Capilar, Apex Medical Center, Estambul, Turqu\u00eda<\/li>\n<li><b>2008\u20132011<\/b> \u2013 Coordinador de Trasplante Capilar, Hospital Alem\u00e1n (Alman Hastanesi), Estambul, Turqu\u00eda<\/li>\n<\/ul>\n<p>Con su larga experiencia en el \u00e1mbito del trasplante capilar aut\u00f3logo, se ha ganado un nombre destacado en el sector. Atiende a numerosos pacientes tanto internacionales como locales en el prestigioso Liv Hospital de Estambul, uno de los principales hospitales privados de Turqu\u00eda.<\/p>\n<h2>Dr. Vedat Tosun \u2013 enfoque terap\u00e9utico y filosof\u00eda<\/h2>\n<p>El Dr. Vedat Tosun concede gran importancia a la consulta y a la planificaci\u00f3n individualizadas. Asesora a sus pacientes internacionales mediante videollamada y planifica con ellos el tratamiento y el m\u00e9todo. Determina de forma individual el <b>n\u00famero de injertos<\/b> y el m\u00e9todo de tratamiento para cada paciente.<\/p>\n<p><em>\u201cPara m\u00ed es importante que cada paciente vuelva a casa con un resultado natural y est\u00e9tico, sin compromisos\u201d<\/em>, afirma el Dr. Tosun. La planificaci\u00f3n individual garantiza <b>l\u00edneas capilares naturales<\/b> y resultados est\u00e9ticos. Gracias a las t\u00e9cnicas m\u00ednimamente invasivas, la zona donante se preserva y la formaci\u00f3n de cicatrices es m\u00ednima.<\/p>\n<p>Tras un tratamiento exitoso, los pacientes suelen recibir documentos que confirman los detalles del procedimiento, el n\u00famero de injertos trasplantados y una <b>garant\u00eda de 30 a\u00f1os<\/b>. El Dr. Vedat y su equipo acompa\u00f1an a los pacientes desde la primera consulta hasta mucho tiempo despu\u00e9s del procedimiento, porque los cuidados postoperatorios adecuados son tan importantes como el propio tratamiento.<\/p>\n<p>Despu\u00e9s del trasplante capilar, tambi\u00e9n puede aplicarse un <b>tratamiento con exosomas<\/b> (terapia con c\u00e9lulas madre). Este tratamiento favorece la cicatrizaci\u00f3n natural del cuero cabelludo y promueve un crecimiento uniforme y fuerte del cabello trasplantado. Adem\u00e1s, puede influir positivamente en la estructura y la densidad capilar. Los exosomas estimulan el proceso de crecimiento capilar al activar los fol\u00edculos pilosos inactivos y aportarles de forma dirigida factores de crecimiento esenciales y prote\u00ednas de se\u00f1alizaci\u00f3n. De este modo, pueden apoyarse los procesos regenerativos y mejorarse las condiciones para un crecimiento capilar saludable.<\/p>\n<h2>Los m\u00e9todos de trasplante capilar m\u00e1s avanzados del Dr. Vedat Tosun<\/h2>\n<p>La MedHair Clinic de Estambul est\u00e1 especializada en t\u00e9cnicas m\u00ednimamente invasivas y delicadas:<\/p>\n<h3>M\u00e9todo FUE<\/h3>\n<p>Los fol\u00edculos capilares extra\u00eddos se obtienen de la zona donante y se mantienen en una soluci\u00f3n rica en nutrientes hasta la implantaci\u00f3n para preservar su vitalidad.<\/p>\n<h3>Sapphire FUE<\/h3>\n<p>Se trata de una evoluci\u00f3n del m\u00e9todo FUE, en la que las incisiones se realizan con precisi\u00f3n utilizando hojas de zafiro sint\u00e9tico.<\/p>\n<h3>T\u00e9cnica DHI<\/h3>\n<p>Inmediatamente despu\u00e9s de la extracci\u00f3n, los fol\u00edculos capilares se implantan en la zona receptora sin demora.<\/p>\n<p>El m\u00e9todo utilizado se determina siempre de forma individual y se adapta a las necesidades espec\u00edficas de los pacientes. Tambi\u00e9n tiene la posibilidad de solicitar que la apertura de los canales sea realizada personalmente por el Dr. Vedat Tosun.<\/p>\n<h2>Tratamiento en el prestigioso Liv Hospital de Estambul<\/h2>\n<p>El Liv Hospital Istanbul es uno de los principales hospitales privados de Turqu\u00eda. Cumple con los m\u00e1s altos est\u00e1ndares m\u00e9dicos y requisitos de higiene, comparables a los de Alemania, y cuenta con certificaciones de prestigio como T\u00dcV S\u00dcD y JCI.<\/p>\n<p>Los pacientes se benefician de los m\u00e1s altos est\u00e1ndares de calidad, y este prestigioso hospital permite realizar trasplantes capilares al m\u00e1s alto nivel, desde el equipamiento hasta la atenci\u00f3n y el seguimiento despu\u00e9s del procedimiento.<\/p>\n<h2>Por qu\u00e9 la experiencia m\u00e9dica es decisiva<\/h2>\n<p>La competencia de un m\u00e9dico marca la diferencia: a diferencia del modelo t\u00e9cnico, es el m\u00e9dico quien dirige personalmente el procedimiento, lo cual es decisivo para lograr una l\u00ednea capilar precisa y una <b>densidad capilar \u00f3ptima<\/b>. El Dr. Vedat Tosun supervisa personalmente el control de calidad y garantiza as\u00ed un resultado natural y duradero.<\/p>\n<h2>Dr. Vedat Tosun y MedHair Clinic<\/h2>\n<p>Un equipo especializado trabaja mano a mano bajo la direcci\u00f3n m\u00e9dica del Dr. Tosun para ofrecer a los pacientes la <b>mejor atenci\u00f3n posible<\/b> antes, durante y despu\u00e9s de la operaci\u00f3n. De este modo, se garantizan la m\u00e1xima seguridad y precisi\u00f3n.<\/p>\n<h2>Conclusi\u00f3n<\/h2>\n<p>Gracias a la experiencia del Dr. Vedat Tosun y a la atenci\u00f3n profesional del equipo de MedHair, los pacientes se benefician de la m\u00e1xima seguridad, una calidad constantemente alta y un <b>resultado natural.<\/b> Reserve ahora su consulta personal con el Dr. Vedat Tosun para hablar sobre su trasplante capilar individual.<\/p>\n\n\t\t<style type=\"text\/css\">\n\t\t\t#gallery-1 {\n\t\t\t\tmargin: auto;\n\t\t\t}\n\t\t\t#gallery-1 .gallery-item {\n\t\t\t\tfloat: left;\n\t\t\t\tmargin-top: 10px;\n\t\t\t\ttext-align: center;\n\t\t\t\twidth: 33%;\n\t\t\t}\n\t\t\t#gallery-1 img {\n\t\t\t\tborder: 2px solid #cfcfcf;\n\t\t\t}\n\t\t\t#gallery-1 .gallery-caption {\n\t\t\t\tmargin-left: 0;\n\t\t\t}\n\t\t\t\/* see gallery_shortcode() in wp-includes\/media.php *\/\n\t\t<\/style>\n\t\t<div id='gallery-1' class='gallery galleryid-8061 gallery-columns-3 gallery-size-medium'><dl class='gallery-item'>\n\t\t\t<dt class='gallery-icon landscape'>\n\t\t\t\t<a href='https:\/\/www.medhairclinic.eu\/wp-content\/uploads\/2026\/04\/medhair-clinic-glcklicher-patient-69cd09df1bb16.webp'><img loading=\"lazy\" decoding=\"async\" width=\"300\" height=\"200\" src=\"https:\/\/www.medhairclinic.eu\/wp-content\/uploads\/2026\/04\/medhair-clinic-glcklicher-patient-69cd09df1bb16-300x200.webp\" class=\"attachment-medium size-medium\" alt=\"\" srcset=\"https:\/\/www.medhairclinic.eu\/wp-content\/uploads\/2026\/04\/medhair-clinic-glcklicher-patient-69cd09df1bb16-300x200.webp 300w, https:\/\/www.medhairclinic.eu\/wp-content\/uploads\/2026\/04\/medhair-clinic-glcklicher-patient-69cd09df1bb16-1024x683.webp 1024w, https:\/\/www.medhairclinic.eu\/wp-content\/uploads\/2026\/04\/medhair-clinic-glcklicher-patient-69cd09df1bb16-768x512.webp 768w, https:\/\/www.medhairclinic.eu\/wp-content\/uploads\/2026\/04\/medhair-clinic-glcklicher-patient-69cd09df1bb16-1536x1025.webp 1536w, https:\/\/www.medhairclinic.eu\/wp-content\/uploads\/2026\/04\/medhair-clinic-glcklicher-patient-69cd09df1bb16-600x400.webp 600w, https:\/\/www.medhairclinic.eu\/wp-content\/uploads\/2026\/04\/medhair-clinic-glcklicher-patient-69cd09df1bb16-150x100.webp 150w, https:\/\/www.medhairclinic.eu\/wp-content\/uploads\/2026\/04\/medhair-clinic-glcklicher-patient-69cd09df1bb16.webp 2048w\" sizes=\"auto, (max-width: 300px) 100vw, 300px\" \/><\/a>\n\t\t\t<\/dt><\/dl><dl class='gallery-item'>\n\t\t\t<dt class='gallery-icon landscape'>\n\t\t\t\t<a href='https:\/\/www.medhairclinic.eu\/wp-content\/uploads\/2026\/04\/dr-verdat-tosun-haaranalyse-69cd09dc95370.webp'><img loading=\"lazy\" decoding=\"async\" width=\"300\" height=\"200\" src=\"https:\/\/www.medhairclinic.eu\/wp-content\/uploads\/2026\/04\/dr-verdat-tosun-haaranalyse-69cd09dc95370-300x200.webp\" class=\"attachment-medium size-medium\" alt=\"\" srcset=\"https:\/\/www.medhairclinic.eu\/wp-content\/uploads\/2026\/04\/dr-verdat-tosun-haaranalyse-69cd09dc95370-300x200.webp 300w, https:\/\/www.medhairclinic.eu\/wp-content\/uploads\/2026\/04\/dr-verdat-tosun-haaranalyse-69cd09dc95370-1024x683.webp 1024w, https:\/\/www.medhairclinic.eu\/wp-content\/uploads\/2026\/04\/dr-verdat-tosun-haaranalyse-69cd09dc95370-768x512.webp 768w, https:\/\/www.medhairclinic.eu\/wp-content\/uploads\/2026\/04\/dr-verdat-tosun-haaranalyse-69cd09dc95370-600x400.webp 600w, https:\/\/www.medhairclinic.eu\/wp-content\/uploads\/2026\/04\/dr-verdat-tosun-haaranalyse-69cd09dc95370-150x100.webp 150w, https:\/\/www.medhairclinic.eu\/wp-content\/uploads\/2026\/04\/dr-verdat-tosun-haaranalyse-69cd09dc95370.webp 1200w\" sizes=\"auto, (max-width: 300px) 100vw, 300px\" \/><\/a>\n\t\t\t<\/dt><\/dl><dl class='gallery-item'>\n\t\t\t<dt class='gallery-icon landscape'>\n\t\t\t\t<a href='https:\/\/www.medhairclinic.eu\/wp-content\/uploads\/2026\/04\/medhair-clinic-istanbul-patient-69cd09de3e92c.webp'><img loading=\"lazy\" decoding=\"async\" width=\"300\" height=\"200\" src=\"https:\/\/www.medhairclinic.eu\/wp-content\/uploads\/2026\/04\/medhair-clinic-istanbul-patient-69cd09de3e92c-300x200.webp\" class=\"attachment-medium size-medium\" alt=\"\" srcset=\"https:\/\/www.medhairclinic.eu\/wp-content\/uploads\/2026\/04\/medhair-clinic-istanbul-patient-69cd09de3e92c-300x200.webp 300w, https:\/\/www.medhairclinic.eu\/wp-content\/uploads\/2026\/04\/medhair-clinic-istanbul-patient-69cd09de3e92c-1024x683.webp 1024w, https:\/\/www.medhairclinic.eu\/wp-content\/uploads\/2026\/04\/medhair-clinic-istanbul-patient-69cd09de3e92c-768x512.webp 768w, https:\/\/www.medhairclinic.eu\/wp-content\/uploads\/2026\/04\/medhair-clinic-istanbul-patient-69cd09de3e92c-1536x1025.webp 1536w, https:\/\/www.medhairclinic.eu\/wp-content\/uploads\/2026\/04\/medhair-clinic-istanbul-patient-69cd09de3e92c-600x400.webp 600w, https:\/\/www.medhairclinic.eu\/wp-content\/uploads\/2026\/04\/medhair-clinic-istanbul-patient-69cd09de3e92c-150x100.webp 150w, https:\/\/www.medhairclinic.eu\/wp-content\/uploads\/2026\/04\/medhair-clinic-istanbul-patient-69cd09de3e92c.webp 2048w\" sizes=\"auto, (max-width: 300px) 100vw, 300px\" \/><\/a>\n\t\t\t<\/dt><\/dl><br style=\"clear: both\" \/><dl class='gallery-item'>\n\t\t\t<dt class='gallery-icon landscape'>\n\t\t\t\t<a href='https:\/\/www.medhairclinic.eu\/wp-content\/uploads\/2026\/04\/liv-hostpital-istanbul-69cd09e1eb44f.webp'><img loading=\"lazy\" decoding=\"async\" width=\"300\" height=\"200\" src=\"https:\/\/www.medhairclinic.eu\/wp-content\/uploads\/2026\/04\/liv-hostpital-istanbul-69cd09e1eb44f-300x200.webp\" class=\"attachment-medium size-medium\" alt=\"\" srcset=\"https:\/\/www.medhairclinic.eu\/wp-content\/uploads\/2026\/04\/liv-hostpital-istanbul-69cd09e1eb44f-300x200.webp 300w, https:\/\/www.medhairclinic.eu\/wp-content\/uploads\/2026\/04\/liv-hostpital-istanbul-69cd09e1eb44f-1024x683.webp 1024w, https:\/\/www.medhairclinic.eu\/wp-content\/uploads\/2026\/04\/liv-hostpital-istanbul-69cd09e1eb44f-768x512.webp 768w, https:\/\/www.medhairclinic.eu\/wp-content\/uploads\/2026\/04\/liv-hostpital-istanbul-69cd09e1eb44f-1536x1024.webp 1536w, https:\/\/www.medhairclinic.eu\/wp-content\/uploads\/2026\/04\/liv-hostpital-istanbul-69cd09e1eb44f-600x400.webp 600w, https:\/\/www.medhairclinic.eu\/wp-content\/uploads\/2026\/04\/liv-hostpital-istanbul-69cd09e1eb44f-150x100.webp 150w, https:\/\/www.medhairclinic.eu\/wp-content\/uploads\/2026\/04\/liv-hostpital-istanbul-69cd09e1eb44f.webp 1600w\" sizes=\"auto, (max-width: 300px) 100vw, 300px\" \/><\/a>\n\t\t\t<\/dt><\/dl><dl class='gallery-item'>\n\t\t\t<dt class='gallery-icon landscape'>\n\t\t\t\t<a href='https:\/\/www.medhairclinic.eu\/wp-content\/uploads\/2026\/04\/dr-tosun-mit-patient-69cd09e026803.webp'><img loading=\"lazy\" decoding=\"async\" width=\"300\" height=\"200\" src=\"https:\/\/www.medhairclinic.eu\/wp-content\/uploads\/2026\/04\/dr-tosun-mit-patient-69cd09e026803-300x200.webp\" class=\"attachment-medium size-medium\" alt=\"\" srcset=\"https:\/\/www.medhairclinic.eu\/wp-content\/uploads\/2026\/04\/dr-tosun-mit-patient-69cd09e026803-300x200.webp 300w, https:\/\/www.medhairclinic.eu\/wp-content\/uploads\/2026\/04\/dr-tosun-mit-patient-69cd09e026803-1024x683.webp 1024w, https:\/\/www.medhairclinic.eu\/wp-content\/uploads\/2026\/04\/dr-tosun-mit-patient-69cd09e026803-768x512.webp 768w, https:\/\/www.medhairclinic.eu\/wp-content\/uploads\/2026\/04\/dr-tosun-mit-patient-69cd09e026803-1536x1025.webp 1536w, https:\/\/www.medhairclinic.eu\/wp-content\/uploads\/2026\/04\/dr-tosun-mit-patient-69cd09e026803-600x400.webp 600w, https:\/\/www.medhairclinic.eu\/wp-content\/uploads\/2026\/04\/dr-tosun-mit-patient-69cd09e026803-150x100.webp 150w, https:\/\/www.medhairclinic.eu\/wp-content\/uploads\/2026\/04\/dr-tosun-mit-patient-69cd09e026803.webp 2048w\" sizes=\"auto, (max-width: 300px) 100vw, 300px\" \/><\/a>\n\t\t\t<\/dt><\/dl><dl class='gallery-item'>\n\t\t\t<dt class='gallery-icon landscape'>\n\t\t\t\t<a href='https:\/\/www.medhairclinic.eu\/wp-content\/uploads\/2026\/04\/medhair_2026-6.webp'><img loading=\"lazy\" decoding=\"async\" width=\"300\" height=\"200\" src=\"https:\/\/www.medhairclinic.eu\/wp-content\/uploads\/2026\/04\/medhair_2026-6-300x200.webp\" class=\"attachment-medium size-medium\" alt=\"\" srcset=\"https:\/\/www.medhairclinic.eu\/wp-content\/uploads\/2026\/04\/medhair_2026-6-300x200.webp 300w, https:\/\/www.medhairclinic.eu\/wp-content\/uploads\/2026\/04\/medhair_2026-6-1024x683.webp 1024w, https:\/\/www.medhairclinic.eu\/wp-content\/uploads\/2026\/04\/medhair_2026-6-768x512.webp 768w, https:\/\/www.medhairclinic.eu\/wp-content\/uploads\/2026\/04\/medhair_2026-6-1536x1025.webp 1536w, https:\/\/www.medhairclinic.eu\/wp-content\/uploads\/2026\/04\/medhair_2026-6-600x400.webp 600w, https:\/\/www.medhairclinic.eu\/wp-content\/uploads\/2026\/04\/medhair_2026-6-150x100.webp 150w, https:\/\/www.medhairclinic.eu\/wp-content\/uploads\/2026\/04\/medhair_2026-6.webp 2048w\" sizes=\"auto, (max-width: 300px) 100vw, 300px\" \/><\/a>\n\t\t\t<\/dt><\/dl><br style=\"clear: both\" \/>\n\t\t<\/div>\n\n","protected":false},"excerpt":{"rendered":"<p>La elecci\u00f3n del m\u00e9dico adecuado desempe\u00f1a un papel enorme cuando est\u00e1 planeando un trasplante capilar. Lo mejor es revisar con atenci\u00f3n la experiencia, las cualificaciones y las opiniones de pacientes anteriores. As\u00ed se asegura de estar en buenas manos. El Dr. Vedat Tosun, por ejemplo, est\u00e1 considerado uno de los principales expertos en trasplante capilar [&hellip;]<\/p>\n","protected":false},"author":1,"featured_media":8062,"parent":0,"menu_order":0,"comment_status":"closed","ping_status":"closed","template":"","meta":{"footnotes":""},"class_list":["post-8061","page","type-page","status-publish","has-post-thumbnail","hentry"],"_links":{"self":[{"href":"https:\/\/www.medhairclinic.eu\/es\/wp-json\/wp\/v2\/pages\/8061","targetHints":{"allow":["GET"]}}],"collection":[{"href":"https:\/\/www.medhairclinic.eu\/es\/wp-json\/wp\/v2\/pages"}],"about":[{"href":"https:\/\/www.medhairclinic.eu\/es\/wp-json\/wp\/v2\/types\/page"}],"author":[{"embeddable":true,"href":"https:\/\/www.medhairclinic.eu\/es\/wp-json\/wp\/v2\/users\/1"}],"replies":[{"embeddable":true,"href":"https:\/\/www.medhairclinic.eu\/es\/wp-json\/wp\/v2\/comments?post=8061"}],"version-history":[{"count":3,"href":"https:\/\/www.medhairclinic.eu\/es\/wp-json\/wp\/v2\/pages\/8061\/revisions"}],"predecessor-version":[{"id":8145,"href":"https:\/\/www.medhairclinic.eu\/es\/wp-json\/wp\/v2\/pages\/8061\/revisions\/8145"}],"wp:featuredmedia":[{"embeddable":true,"href":"https:\/\/www.medhairclinic.eu\/es\/wp-json\/wp\/v2\/media\/8062"}],"wp:attachment":[{"href":"https:\/\/www.medhairclinic.eu\/es\/wp-json\/wp\/v2\/media?parent=8061"}],"curies":[{"name":"wp","href":"https:\/\/api.w.org\/{rel}","templated":true}]}}