{"id":153,"date":"2024-07-12T13:42:11","date_gmt":"2024-07-12T10:42:11","guid":{"rendered":"https:\/\/www.medhairclinic.eu\/?page_id=153"},"modified":"2026-04-10T09:38:25","modified_gmt":"2026-04-10T06:38:25","slug":"hakkimizda","status":"publish","type":"page","link":"https:\/\/www.medhairclinic.eu\/hakkimizda\/","title":{"rendered":"Hakk\u0131m\u0131zda"},"content":{"rendered":"<div class=\"elementor-element elementor-element-09302a6 elementor-widget elementor-widget-text-editor\" data-id=\"09302a6\" data-element_type=\"widget\" data-e-type=\"widget\" data-widget_type=\"text-editor.default\">\n<h2>MedHair Clinic: 20 Y\u0131l\u0131 A\u015fan Tecr\u00fcbe ile Sa\u00e7 Ekimi ve Sa\u00e7 Tedavileri<\/h2>\n<div class=\"elementor-widget-container\">Medhair Clinic, 20 y\u0131l\u0131 a\u015fk\u0131n deneyime sahip ekibiyle, \u00f6zellikle sa\u00e7 ekimi olmak \u00fczere sa\u00e7 d\u00f6k\u00fclmesi tedavisinde en iyi hizmetleri sunmaktad\u0131r. Sakal ekimi, ka\u015f ekimi ve sa\u00e7 ekimi alanlar\u0131nda uzman ekibiyle hizmet veren Medhair Clinic, t\u00fcm tedavilerde her zaman en ileri teknolojiyi, kaliteli ve g\u00fcvenilir sa\u011fl\u0131k hizmetini kullanmay\u0131 hedeflemi\u015ftir.<\/div>\n<\/div>\n<div class=\"elementor-element elementor-element-f8460f7 elementor-widget__width-inherit elementor-mobile-align-justify elementor-widget elementor-widget-button\" data-id=\"f8460f7\" data-element_type=\"widget\" data-e-type=\"widget\" data-widget_type=\"button.default\">\n<div class=\"elementor-widget-container\">\n<div class=\"elementor-button-wrapper\"><\/div>\n<\/div>\n<\/div>\n<p><iframe loading=\"lazy\" title=\"YouTube video oynat\u0131c\u0131\" src=\"https:\/\/www.youtube.com\/embed\/yVB092qwUGM\" width=\"100%\" height=\"500\" frameborder=\"0\" allowfullscreen=\"allowfullscreen\"><\/iframe><\/p>\n<div class=\"elementor-element elementor-element-14a266c elementor-widget elementor-widget-heading\" data-id=\"14a266c\" data-element_type=\"widget\" data-e-type=\"widget\" data-widget_type=\"heading.default\">\n<div class=\"elementor-widget-container\">\n<h2 class=\"elementor-heading-title elementor-size-default\">Dr. Vedat Tosun \u2013 Uluslararas\u0131 Alanda Tan\u0131nan Sa\u00e7 Ekimi Uzman\u0131<\/h2>\n<\/div>\n<\/div>\n<div class=\"elementor-element elementor-element-39de5f4 elementor-widget elementor-widget-text-editor\" data-id=\"39de5f4\" data-element_type=\"widget\" data-e-type=\"widget\" data-widget_type=\"text-editor.default\">\n<div class=\"elementor-widget-container\">\n<p data-start=\"109\" data-end=\"490\">T\u0131p Bilimleri Doktoru Dr. Vedat Tosun, sa\u00e7 ekimi alan\u0131nda 12 y\u0131l\u0131 a\u015fk\u0131n deneyime sahiptir. Klini\u011fimizde bug\u00fcne kadar 14.000\u2019den fazla hastan\u0131n yeniden g\u00fcr sa\u00e7lara kavu\u015fmas\u0131na yard\u0131mc\u0131 olmu\u015ftur. Dr. Tosun, sanatsal hassasiyeti ve do\u011fal g\u00f6r\u00fcn\u00fcml\u00fc sonu\u00e7lar\u0131yla tan\u0131nmaktad\u0131r. B\u00fcy\u00fck bir \u00f6zen ve titiz bir teknikle s\u00fcrekli olarak \u00fcst\u00fcn sonu\u00e7lar elde etmektedir.<\/p>\n<p data-start=\"492\" data-end=\"779\">\u0130\u015fi onun tutkusudur:<br data-start=\"516\" data-end=\"519\" \/><em data-start=\"519\" data-end=\"763\">\u201cPlastik ve cerrahi i\u015flemlerle insanlar\u0131n \u00f6zg\u00fcvenini yeniden kazand\u0131rarak onlara hem fiziksel hem de duygusal olarak yard\u0131mc\u0131 oluyorsunuz. \u0130nsanlar\u0131 mutlu ediyorum ve bu y\u00fczden yapt\u0131\u011f\u0131m i\u015fi seviyorum. Bu nedenle sa\u00e7 ekimi alan\u0131nda uzmanla\u015fmaya devam etmek istiyorum\u201d<\/em>, diyor Dr. Tosun.<\/p>\n<p data-start=\"781\" data-end=\"1208\">Dr. Vedat Tosun, \u00fc\u00e7 dermatologdan olu\u015fan bir ekip taraf\u0131ndan desteklenmektedir. Ekibimizin her bir \u00fcyesi sa\u011fl\u0131k alan\u0131nda ilgili \u00fcniversite derecelerine sahiptir. Dr. Tosun, kapsaml\u0131 e\u011fitim ve y\u0131llara dayanan pratik deneyimle ekibini bizzat yeti\u015ftirmi\u015ftir ve bu sayede klini\u011fimizin s\u00fcrekli olarak y\u00fcksek kaliteli hizmet sunmas\u0131n\u0131 sa\u011flamaktad\u0131r. Sonu\u00e7 olarak t\u00fcm ekip, sa\u00e7 ekimi s\u00fcrecinin <strong data-start=\"1157\" data-end=\"1171\">t\u00fcm a\u015famalar\u0131n\u0131<\/strong> ger\u00e7ekle\u015ftirebilecek niteliktedir.<\/p>\n<div class=\"elementor-element elementor-element-2b3faa9 elementor-widget elementor-widget-heading\" data-id=\"2b3faa9\" data-element_type=\"widget\" data-e-type=\"widget\" data-widget_type=\"heading.default\">\n<div class=\"elementor-widget-container\">\n<h2 class=\"elementor-heading-title elementor-size-default\">Tamamen Ki\u015fiselle\u015ftirilmi\u015f Tedavi Planlar\u0131<\/h2>\n<\/div>\n<\/div>\n<div class=\"elementor-element elementor-element-1300c33 elementor-widget elementor-widget-text-editor\" data-id=\"1300c33\" data-element_type=\"widget\" data-e-type=\"widget\" data-widget_type=\"text-editor.default\">\n<div class=\"elementor-widget-container\">\n<p data-start=\"106\" data-end=\"448\">MedHair\u2019da s\u00fcre\u00e7, hastalar\u0131n ilk teklif ald\u0131\u011f\u0131 <strong data-start=\"144\" data-end=\"180\">ba\u011flay\u0131c\u0131l\u0131\u011f\u0131 olmayan online sa\u00e7 analizi<\/strong> ile ba\u015flar. Bu sayede sa\u00e7 durumunuz hakk\u0131nda ilk izlenimi edinir ve bir maliyet tahmini haz\u0131rlar\u0131z. Farkl\u0131 sa\u00e7 ekimi y\u00f6ntemleri hakk\u0131nda detayl\u0131 dan\u0131\u015fmanl\u0131k sunar ve ihtiya\u00e7 duyulan tahmini greft say\u0131s\u0131n\u0131 hesaplar\u0131z.<\/p>\n<p data-start=\"450\" data-end=\"757\">MedHair ile <strong data-start=\"484\" data-end=\"526\">T\u00fcrkiye\u2019de sa\u00e7 ekimi<\/strong> yapt\u0131rmaya karar verdi\u011finizde, <strong data-start=\"586\" data-end=\"612\">her \u015fey dahil paketlerimiz<\/strong> kapsam\u0131nda gerekli t\u00fcm rezervasyonlarla biz ilgileniriz. \u0130stanbul\u2019a vard\u0131\u011f\u0131n\u0131zda transfer hizmetimiz sizi 4 veya 5 y\u0131ld\u0131zl\u0131 otelinize g\u00f6t\u00fcr\u00fcr. Ertesi g\u00fcn klini\u011fe getirilirsiniz.<\/p>\n<p data-start=\"759\" data-end=\"1066\">Dr. Tosun, uzman t\u0131bbi bilgisiyle tedaviyi bizzat planlar ve \u00f6nerilen sa\u00e7 \u00e7izgisini \u00e7izer. Hasta plan\u0131 onaylad\u0131ktan sonra i\u015flem ba\u015flayabilir. Operasyonun ard\u0131ndan, \u0130stanbul\u2019un g\u00fczelliklerini rahat\u00e7a ya\u015fayabilmeniz i\u00e7in uygun konumda bulunan otelinize geri g\u00f6t\u00fcr\u00fcl\u00fcrs\u00fcn\u00fcz.<\/p>\n<p data-start=\"1068\" data-end=\"1428\">Ertesi g\u00fcn ameliyat sonras\u0131 kontrol ger\u00e7ekle\u015ftirilir ve ard\u0131ndan \u015fof\u00f6rlerimizden biri sizi havaalan\u0131na g\u00f6t\u00fcr\u00fcr.<br data-start=\"1182\" data-end=\"1185\" \/><strong data-start=\"1185\" data-end=\"1234\">Online destek seyahatinizden sonra da devam eder<\/strong>, b\u00f6ylece t\u00fcm endi\u015feleriniz ve sorular\u0131n\u0131z yan\u0131tlanabilir.<br data-start=\"1282\" data-end=\"1285\" \/>MedHair olarak sizi <strong data-start=\"1331\" data-end=\"1371\">i\u015flem tamamland\u0131ktan \u00e7ok sonra da<\/strong> desteklemeye kararl\u0131y\u0131z ve takip dan\u0131\u015fmanl\u0131klar\u0131 i\u00e7in her zaman ula\u015f\u0131labiliriz.<\/p>\n\n\t\t<style type=\"text\/css\">\n\t\t\t#gallery-1 {\n\t\t\t\tmargin: auto;\n\t\t\t}\n\t\t\t#gallery-1 .gallery-item {\n\t\t\t\tfloat: left;\n\t\t\t\tmargin-top: 10px;\n\t\t\t\ttext-align: center;\n\t\t\t\twidth: 33%;\n\t\t\t}\n\t\t\t#gallery-1 img {\n\t\t\t\tborder: 2px solid #cfcfcf;\n\t\t\t}\n\t\t\t#gallery-1 .gallery-caption {\n\t\t\t\tmargin-left: 0;\n\t\t\t}\n\t\t\t\/* see gallery_shortcode() in wp-includes\/media.php *\/\n\t\t<\/style>\n\t\t<div id='gallery-1' class='gallery galleryid-153 gallery-columns-3 gallery-size-thumbnail'><dl class='gallery-item'>\n\t\t\t<dt class='gallery-icon landscape'>\n\t\t\t\t<a href='https:\/\/www.medhairclinic.eu\/fr\/a-propos-de-nous\/medhair-hair-analysis_2026-150x150-2\/'><img loading=\"lazy\" decoding=\"async\" width=\"150\" height=\"150\" src=\"https:\/\/www.medhairclinic.eu\/wp-content\/uploads\/2026\/04\/MedHair-Hair-analysis_2026-150x150-6.webp\" class=\"attachment-thumbnail size-thumbnail\" alt=\"\" \/><\/a>\n\t\t\t<\/dt><\/dl><dl class='gallery-item'>\n\t\t\t<dt class='gallery-icon landscape'>\n\t\t\t\t<a href='https:\/\/www.medhairclinic.eu\/fr\/a-propos-de-nous\/dr-tosun-with-happy-patient_2026-150x150-2\/'><img loading=\"lazy\" decoding=\"async\" width=\"150\" height=\"150\" src=\"https:\/\/www.medhairclinic.eu\/wp-content\/uploads\/2026\/04\/Dr.-Tosun-with-happy-patient_2026-150x150-6.webp\" class=\"attachment-thumbnail size-thumbnail\" alt=\"\" \/><\/a>\n\t\t\t<\/dt><\/dl><dl class='gallery-item'>\n\t\t\t<dt class='gallery-icon landscape'>\n\t\t\t\t<a href='https:\/\/www.medhairclinic.eu\/fr\/a-propos-de-nous\/dr-verdat-tosun-hair-analysis_2026-150x150-2\/'><img loading=\"lazy\" decoding=\"async\" width=\"150\" height=\"150\" src=\"https:\/\/www.medhairclinic.eu\/wp-content\/uploads\/2026\/04\/Dr.-Verdat-Tosun-Hair-analysis_2026-150x150-6.webp\" class=\"attachment-thumbnail size-thumbnail\" alt=\"\" \/><\/a>\n\t\t\t<\/dt><\/dl><br style=\"clear: both\" \/><dl class='gallery-item'>\n\t\t\t<dt class='gallery-icon landscape'>\n\t\t\t\t<a href='https:\/\/www.medhairclinic.eu\/fr\/a-propos-de-nous\/liv-hospital-lobby_2026-150x150-2\/'><img loading=\"lazy\" decoding=\"async\" width=\"150\" height=\"150\" src=\"https:\/\/www.medhairclinic.eu\/wp-content\/uploads\/2026\/04\/LIV-Hospital-lobby_2026-150x150-6.webp\" class=\"attachment-thumbnail size-thumbnail\" alt=\"\" \/><\/a>\n\t\t\t<\/dt><\/dl><dl class='gallery-item'>\n\t\t\t<dt class='gallery-icon landscape'>\n\t\t\t\t<a href='https:\/\/www.medhairclinic.eu\/fr\/a-propos-de-nous\/liv-hostpital-istanbul_2026-150x150-2\/'><img loading=\"lazy\" decoding=\"async\" width=\"150\" height=\"150\" src=\"https:\/\/www.medhairclinic.eu\/wp-content\/uploads\/2026\/04\/Liv-Hostpital-Istanbul_2026-150x150-6.webp\" class=\"attachment-thumbnail size-thumbnail\" alt=\"\" \/><\/a>\n\t\t\t<\/dt><\/dl><dl class='gallery-item'>\n\t\t\t<dt class='gallery-icon landscape'>\n\t\t\t\t<a href='https:\/\/www.medhairclinic.eu\/fr\/a-propos-de-nous\/medhair-clinic-happy-patient_2026-150x150-2\/'><img loading=\"lazy\" decoding=\"async\" width=\"150\" height=\"150\" src=\"https:\/\/www.medhairclinic.eu\/wp-content\/uploads\/2026\/04\/MedHair-Clinic-happy-patient_2026-150x150-6.webp\" class=\"attachment-thumbnail size-thumbnail\" alt=\"\" \/><\/a>\n\t\t\t<\/dt><\/dl><br style=\"clear: both\" \/>\n\t\t<\/div>\n\n<h2 class=\"elementor-heading-title elementor-size-default\">MedHair &#8211; Uluslararas\u0131 Alanda Tan\u0131nan ve Avrupa Medyas\u0131nda Yer Alan Klinik<\/h2>\n<\/div>\n<\/div>\n<p data-start=\"396\" data-end=\"861\">MedHair Clinic uluslararas\u0131 tan\u0131n\u0131rl\u0131k kazanm\u0131\u015f ve iki b\u00fcy\u00fck Avrupa belgesel serisinde yer alm\u0131\u015ft\u0131r. \u00d6nde gelen yay\u0131n kurulu\u015flar\u0131 <strong data-start=\"533\" data-end=\"541\">Arte<\/strong> ve <strong data-start=\"546\" data-end=\"557\">Galileo<\/strong> (Almanya), T\u00fcrkiye\u2019deki MedHair\u2019da ger\u00e7ekle\u015ftirilen sa\u00e7 ekimleri hakk\u0131nda kapsaml\u0131 belgeseller haz\u0131rlam\u0131\u015ft\u0131r. Bu belgesellerde klini\u011fin <strong data-start=\"679\" data-end=\"700\">modern tesisleri<\/strong>, <strong data-start=\"702\" data-end=\"730\">l\u00fcks konaklama olanaklar\u0131<\/strong>, <strong data-start=\"732\" data-end=\"747\">uzman bak\u0131m\u0131<\/strong> ve <strong data-start=\"753\" data-end=\"775\">dikkat \u00e7ekici sonu\u00e7lar\u0131<\/strong> vurgulanm\u0131\u015ft\u0131r. \u00d6zellikle, <strong data-start=\"786\" data-end=\"836\">hastalar\u0131n %95\u2019inin kendi \u00fclkelerinde ek bir tedaviye ihtiya\u00e7 duymad\u0131\u011f\u0131<\/strong> belirtilmi\u015ftir.<\/p>\n<p data-start=\"863\" data-end=\"944\">Hastalardan biri olan <strong data-start=\"876\" data-end=\"886\">Dennis<\/strong>, ekiminden alt\u0131 ay sonra deneyimini \u015f\u00f6yle payla\u015ft\u0131:<\/p>\n<blockquote data-start=\"945\" data-end=\"1161\">\n<p data-start=\"947\" data-end=\"1161\"><em data-start=\"947\" data-end=\"1096\">\u201cA\u00e7\u0131lan b\u00f6lgeler tamamen kapand\u0131 ve her \u015fey m\u00fckemmel \u015fekilde iyile\u015fti. Sa\u00e7lar\u0131m yeniden dolgun g\u00f6r\u00fcn\u00fcyor. Kendimi daha gen\u00e7 ve a\u00e7\u0131k\u00e7as\u0131 daha \u00e7ekici hissediyorum.\u201d<\/em><br data-start=\"1096\" data-end=\"1099\" \/>\u015eimdiden tepe b\u00f6lgesini tedavi ettirmek i\u00e7in ikinci ziyaretini planl\u0131yor.<\/p>\n<\/blockquote>\n<p data-start=\"1163\" data-end=\"1416\">Bir di\u011fer hasta olan <strong data-start=\"1180\" data-end=\"1189\">Felix<\/strong>, i\u015flemden sadece <strong data-start=\"1217\" data-end=\"1238\">sekiz hafta sonra<\/strong> g\u00f6zle g\u00f6r\u00fcl\u00fcr ilerleme fark etti \u2014 ekilen sa\u00e7lar yakla\u015f\u0131k bir santimetre uzam\u0131\u015ft\u0131. Felix, sonu\u00e7lar\u0131n beklentilerini fazlas\u0131yla a\u015ft\u0131\u011f\u0131n\u0131 ve ona <strong data-start=\"1383\" data-end=\"1415\">\u00f6nemli bir \u00f6zg\u00fcven art\u0131\u015f\u0131<\/strong> sa\u011flad\u0131\u011f\u0131n\u0131 s\u00f6yl\u00fcyor.<\/p>\n<h2 class=\"elementor-heading-title elementor-size-default\">Se\u00e7kin Konum<\/h2>\n<\/div>\n<\/div>\n<p data-start=\"109\" data-end=\"404\">Sa\u00e7 ekimi klini\u011fimiz, T\u00fcrkiye\u2019nin en y\u00fcksek puan alan \u00f6zel hastanelerinden biri b\u00fcnyesinde yer almaktad\u0131r. Hastane hem <strong>T\u00dcV S\u00dcD<\/strong> hem de <strong>Joint Commission International (JCI)<\/strong> taraf\u0131ndan sertifikaland\u0131r\u0131lm\u0131\u015ft\u0131r ve bu sayede t\u0131bbi bak\u0131m ve hasta g\u00fcvenli\u011finde en y\u00fcksek standartlar\u0131 garanti etmektedir.<\/p>\n<p data-start=\"406\" data-end=\"697\">Klinik, Almanya\u2019daki ve di\u011fer \u00fclkelerdeki \u00f6nde gelen hastanelerle k\u0131yaslanabilecek bir kalite seviyesi sunmaktad\u0131r. En iyi ellerde oldu\u011funuzdan emin olabilirsiniz. Konforunuz ve g\u00fcvenli\u011finiz bizim en b\u00fcy\u00fck \u00f6nceli\u011fimizdir \u2014 MedHair\u2019\u0131n merkezini se\u00e7erken \u00f6nceli\u011fimiz de tam olarak bu olmu\u015ftur.<\/p>\n","protected":false},"excerpt":{"rendered":"<p>MedHair Clinic: 20 Y\u0131l\u0131 A\u015fan Tecr\u00fcbe ile Sa\u00e7 Ekimi ve Sa\u00e7 Tedavileri Medhair Clinic, 20 y\u0131l\u0131 a\u015fk\u0131n deneyime sahip ekibiyle, \u00f6zellikle sa\u00e7 ekimi olmak \u00fczere sa\u00e7 d\u00f6k\u00fclmesi tedavisinde en iyi hizmetleri sunmaktad\u0131r. Sakal ekimi, ka\u015f ekimi ve sa\u00e7 ekimi alanlar\u0131nda uzman ekibiyle hizmet veren Medhair Clinic, t\u00fcm tedavilerde her zaman en ileri teknolojiyi, kaliteli ve [&hellip;]<\/p>\n","protected":false},"author":1,"featured_media":1207,"parent":0,"menu_order":0,"comment_status":"closed","ping_status":"closed","template":"","meta":{"footnotes":""},"class_list":["post-153","page","type-page","status-publish","has-post-thumbnail","hentry"],"_links":{"self":[{"href":"https:\/\/www.medhairclinic.eu\/fr\/wp-json\/wp\/v2\/pages\/153","targetHints":{"allow":["GET"]}}],"collection":[{"href":"https:\/\/www.medhairclinic.eu\/fr\/wp-json\/wp\/v2\/pages"}],"about":[{"href":"https:\/\/www.medhairclinic.eu\/fr\/wp-json\/wp\/v2\/types\/page"}],"author":[{"embeddable":true,"href":"https:\/\/www.medhairclinic.eu\/fr\/wp-json\/wp\/v2\/users\/1"}],"replies":[{"embeddable":true,"href":"https:\/\/www.medhairclinic.eu\/fr\/wp-json\/wp\/v2\/comments?post=153"}],"version-history":[{"count":7,"href":"https:\/\/www.medhairclinic.eu\/fr\/wp-json\/wp\/v2\/pages\/153\/revisions"}],"predecessor-version":[{"id":8492,"href":"https:\/\/www.medhairclinic.eu\/fr\/wp-json\/wp\/v2\/pages\/153\/revisions\/8492"}],"wp:featuredmedia":[{"embeddable":true,"href":"https:\/\/www.medhairclinic.eu\/fr\/wp-json\/wp\/v2\/media\/1207"}],"wp:attachment":[{"href":"https:\/\/www.medhairclinic.eu\/fr\/wp-json\/wp\/v2\/media?parent=153"}],"curies":[{"name":"wp","href":"https:\/\/api.w.org\/{rel}","templated":true}]}}