{"id":6196,"date":"2024-07-12T13:42:11","date_gmt":"2024-07-12T10:42:11","guid":{"rendered":"https:\/\/medhairclinic.eu\/about-us\/"},"modified":"2026-04-10T09:38:57","modified_gmt":"2026-04-10T06:38:57","slug":"a-propos-de-nous","status":"publish","type":"page","link":"https:\/\/www.medhairclinic.eu\/fr\/a-propos-de-nous\/","title":{"rendered":"\u00c0 propos de nous"},"content":{"rendered":"<div class=\"elementor-element elementor-element-09302a6 elementor-widget elementor-widget-text-editor\" data-id=\"09302a6\" data-element_type=\"widget\" data-e-type=\"widget\" data-widget_type=\"text-editor.default\">\n<h2>Clinique MedHair : Greffe de cheveux et traitements capillaires avec plus de 20 ans d&rsquo;exp\u00e9rience<\/h2>\n<div class=\"elementor-widget-container\">Medhair Clinic, avec son \u00e9quipe de plus de 20 ans d\u2019exp\u00e9rience, offre les meilleurs services dans le traitement de la perte de cheveux, en particulier la greffe de cheveux. Medhair Clinic, qui propose des services avec son \u00e9quipe d\u2019experts dans les domaines de la greffe de barbe, de sourcils et de cheveux, a toujours eu pour objectif d\u2019utiliser la technologie la plus avanc\u00e9e, ainsi qu\u2019un service de sant\u00e9 de qualit\u00e9 et fiable dans tous les traitements.<\/div>\n<\/div>\n<div class=\"elementor-element elementor-element-f8460f7 elementor-widget__width-inherit elementor-mobile-align-justify elementor-widget elementor-widget-button\" data-id=\"f8460f7\" data-element_type=\"widget\" data-e-type=\"widget\" data-widget_type=\"button.default\">\n<div class=\"elementor-widget-container\">\n<div class=\"elementor-button-wrapper\"><\/div>\n<\/div>\n<\/div>\n<p><iframe loading=\"lazy\" title=\"Lecteur vid\u00e9o YouTube\" src=\"https:\/\/www.youtube.com\/embed\/yVB092qwUGM\" width=\"100%\" height=\"500\" frameborder=\"0\" allowfullscreen=\"allowfullscreen\"><\/iframe><\/p>\n<div class=\"elementor-element elementor-element-14a266c elementor-widget elementor-widget-heading\" data-id=\"14a266c\" data-element_type=\"widget\" data-e-type=\"widget\" data-widget_type=\"heading.default\">\n<div class=\"elementor-widget-container\">\n<h2 class=\"elementor-heading-title elementor-size-default\">Dr Vedat Tosun \u2013 Sp\u00e9cialiste de renomm\u00e9e internationale en greffe de cheveux<\/h2>\n<\/div>\n<\/div>\n<div class=\"elementor-element elementor-element-39de5f4 elementor-widget elementor-widget-text-editor\" data-id=\"39de5f4\" data-element_type=\"widget\" data-e-type=\"widget\" data-widget_type=\"text-editor.default\">\n<div class=\"elementor-widget-container\">\n<p data-start=\"109\" data-end=\"490\">Le Dr Vedat Tosun, Docteur en sciences m\u00e9dicales, poss\u00e8de plus de 12 ans d\u2019exp\u00e9rience dans le domaine de la greffe de cheveux. Dans notre clinique, il a d\u00e9j\u00e0 aid\u00e9 plus de 14 000 patients \u00e0 retrouver une chevelure dense. Le Dr Tosun est reconnu pour sa pr\u00e9cision artistique et ses r\u00e9sultats d\u2019apparence naturelle. Avec une grande sensibilit\u00e9 et une technique minutieuse, il obtient constamment des r\u00e9sultats remarquables.<\/p>\n<p data-start=\"492\" data-end=\"779\">Son travail est sa passion :<br data-start=\"516\" data-end=\"519\" \/><em data-start=\"519\" data-end=\"763\">\u00ab Gr\u00e2ce aux interventions plastiques et chirurgicales, vous aidez les personnes \u00e0 la fois physiquement et \u00e9motionnellement en restaurant leur confiance en elles. Je rends les gens heureux, et c\u2019est pourquoi j\u2019aime ce que je fais. C\u2019est pour cela que je souhaite continuer \u00e0 me sp\u00e9cialiser dans les greffes de cheveux \u00bb<\/em> d\u00e9clare le Dr Tosun.<\/p>\n<p data-start=\"781\" data-end=\"1208\">Le Dr Vedat Tosun est soutenu par une \u00e9quipe de trois dermatologues. Chaque membre de notre \u00e9quipe est titulaire d\u2019un dipl\u00f4me universitaire dans des domaines de sant\u00e9 pertinents. Le Dr Tosun a personnellement form\u00e9 son \u00e9quipe gr\u00e2ce \u00e0 une formation approfondie et \u00e0 des ann\u00e9es d\u2019exp\u00e9rience pratique, garantissant ainsi que notre clinique offre constamment des services de haute qualit\u00e9. Par cons\u00e9quent, toute l\u2019\u00e9quipe est qualifi\u00e9e pour r\u00e9aliser <strong data-start=\"1157\" data-end=\"1171\">toutes les \u00e9tapes<\/strong> du processus de greffe de cheveux.<\/p>\n<div class=\"elementor-element elementor-element-2b3faa9 elementor-widget elementor-widget-heading\" data-id=\"2b3faa9\" data-element_type=\"widget\" data-e-type=\"widget\" data-widget_type=\"heading.default\">\n<div class=\"elementor-widget-container\">\n<h2 class=\"elementor-heading-title elementor-size-default\">Plans de traitement enti\u00e8rement personnalis\u00e9s<\/h2>\n<\/div>\n<\/div>\n<div class=\"elementor-element elementor-element-1300c33 elementor-widget elementor-widget-text-editor\" data-id=\"1300c33\" data-element_type=\"widget\" data-e-type=\"widget\" data-widget_type=\"text-editor.default\">\n<div class=\"elementor-widget-container\">\n<p data-start=\"106\" data-end=\"448\">Chez MedHair, le processus commence par une <strong data-start=\"144\" data-end=\"180\">analyse capillaire en ligne sans engagement<\/strong>, gr\u00e2ce \u00e0 laquelle les patients re\u00e7oivent une offre initiale. Cela nous permet d\u2019obtenir une premi\u00e8re impression de votre situation capillaire et de pr\u00e9parer une estimation des co\u00fbts. Nous fournissons des conseils d\u00e9taill\u00e9s sur les diff\u00e9rentes m\u00e9thodes de greffe de cheveux et calculons le nombre estim\u00e9 de greffons n\u00e9cessaires.<\/p>\n<p data-start=\"450\" data-end=\"757\">Une fois que vous d\u00e9cidez de poursuivre une <strong data-start=\"484\" data-end=\"526\">greffe de cheveux en Turquie avec MedHair<\/strong>, nous nous chargeons de toutes les r\u00e9servations n\u00e9cessaires dans le cadre de nos <strong data-start=\"586\" data-end=\"612\">forfaits tout compris<\/strong>. \u00c0 votre arriv\u00e9e \u00e0 Istanbul, notre service de transfert vous conduira \u00e0 votre h\u00f4tel 4 ou 5 \u00e9toiles. Le lendemain, vous serez conduit \u00e0 la clinique.<\/p>\n<p data-start=\"759\" data-end=\"1066\">Le Dr Tosun planifie personnellement le traitement en utilisant son expertise m\u00e9dicale et dessine la ligne capillaire propos\u00e9e. Une fois que le patient est satisfait du plan, l\u2019intervention peut commencer. Apr\u00e8s l\u2019op\u00e9ration, vous serez ramen\u00e9 \u00e0 votre h\u00f4tel, id\u00e9alement situ\u00e9 pour vous permettre de profiter de la magnifique ville d\u2019Istanbul.<\/p>\n<p data-start=\"1068\" data-end=\"1428\">Un contr\u00f4le post-op\u00e9ratoire a lieu le lendemain, puis l\u2019un de nos chauffeurs vous conduira \u00e0 l\u2019a\u00e9roport.<br data-start=\"1182\" data-end=\"1185\" \/><strong data-start=\"1185\" data-end=\"1234\">L\u2019assistance en ligne se poursuit m\u00eame apr\u00e8s votre voyage<\/strong>, afin que toute pr\u00e9occupation ou question puisse \u00eatre prise en charge.<br data-start=\"1282\" data-end=\"1285\" \/>Chez MedHair, nous nous engageons \u00e0 vous accompagner <strong data-start=\"1331\" data-end=\"1371\">bien apr\u00e8s la fin de l\u2019intervention<\/strong>, et nous restons toujours disponibles pour des consultations de suivi.<\/p>\n\n\t\t<style type=\"text\/css\">\n\t\t\t#gallery-1 {\n\t\t\t\tmargin: auto;\n\t\t\t}\n\t\t\t#gallery-1 .gallery-item {\n\t\t\t\tfloat: left;\n\t\t\t\tmargin-top: 10px;\n\t\t\t\ttext-align: center;\n\t\t\t\twidth: 33%;\n\t\t\t}\n\t\t\t#gallery-1 img {\n\t\t\t\tborder: 2px solid #cfcfcf;\n\t\t\t}\n\t\t\t#gallery-1 .gallery-caption {\n\t\t\t\tmargin-left: 0;\n\t\t\t}\n\t\t\t\/* see gallery_shortcode() in wp-includes\/media.php *\/\n\t\t<\/style>\n\t\t<div id='gallery-1' class='gallery galleryid-6196 gallery-columns-3 gallery-size-thumbnail'><dl class='gallery-item'>\n\t\t\t<dt class='gallery-icon landscape'>\n\t\t\t\t<a href='https:\/\/www.medhairclinic.eu\/fr\/a-propos-de-nous\/liv-hostpital-istanbul_2026-150x150\/'><img loading=\"lazy\" decoding=\"async\" width=\"150\" height=\"150\" src=\"https:\/\/www.medhairclinic.eu\/wp-content\/uploads\/2026\/04\/Liv-Hostpital-Istanbul_2026-150x150-1.webp\" class=\"attachment-thumbnail size-thumbnail\" alt=\"\" \/><\/a>\n\t\t\t<\/dt><\/dl><dl class='gallery-item'>\n\t\t\t<dt class='gallery-icon landscape'>\n\t\t\t\t<a href='https:\/\/www.medhairclinic.eu\/fr\/a-propos-de-nous\/medhair-clinic-happy-patient_2026-150x150\/'><img loading=\"lazy\" decoding=\"async\" width=\"150\" height=\"150\" src=\"https:\/\/www.medhairclinic.eu\/wp-content\/uploads\/2026\/04\/MedHair-Clinic-happy-patient_2026-150x150-1.webp\" class=\"attachment-thumbnail size-thumbnail\" alt=\"\" \/><\/a>\n\t\t\t<\/dt><\/dl><dl class='gallery-item'>\n\t\t\t<dt class='gallery-icon landscape'>\n\t\t\t\t<a href='https:\/\/www.medhairclinic.eu\/fr\/a-propos-de-nous\/medhair-hair-analysis_2026-150x150\/'><img loading=\"lazy\" decoding=\"async\" width=\"150\" height=\"150\" src=\"https:\/\/www.medhairclinic.eu\/wp-content\/uploads\/2026\/04\/MedHair-Hair-analysis_2026-150x150-1.webp\" class=\"attachment-thumbnail size-thumbnail\" alt=\"\" \/><\/a>\n\t\t\t<\/dt><\/dl><br style=\"clear: both\" \/><dl class='gallery-item'>\n\t\t\t<dt class='gallery-icon landscape'>\n\t\t\t\t<a href='https:\/\/www.medhairclinic.eu\/fr\/a-propos-de-nous\/dr-tosun-with-happy-patient_2026-150x150\/'><img loading=\"lazy\" decoding=\"async\" width=\"150\" height=\"150\" src=\"https:\/\/www.medhairclinic.eu\/wp-content\/uploads\/2026\/04\/Dr.-Tosun-with-happy-patient_2026-150x150-1.webp\" class=\"attachment-thumbnail size-thumbnail\" alt=\"\" \/><\/a>\n\t\t\t<\/dt><\/dl><dl class='gallery-item'>\n\t\t\t<dt class='gallery-icon landscape'>\n\t\t\t\t<a href='https:\/\/www.medhairclinic.eu\/fr\/a-propos-de-nous\/dr-verdat-tosun-hair-analysis_2026-150x150\/'><img loading=\"lazy\" decoding=\"async\" width=\"150\" height=\"150\" src=\"https:\/\/www.medhairclinic.eu\/wp-content\/uploads\/2026\/04\/Dr.-Verdat-Tosun-Hair-analysis_2026-150x150-1.webp\" class=\"attachment-thumbnail size-thumbnail\" alt=\"\" \/><\/a>\n\t\t\t<\/dt><\/dl><dl class='gallery-item'>\n\t\t\t<dt class='gallery-icon landscape'>\n\t\t\t\t<a href='https:\/\/www.medhairclinic.eu\/fr\/a-propos-de-nous\/liv-hospital-lobby_2026-150x150\/'><img loading=\"lazy\" decoding=\"async\" width=\"150\" height=\"150\" src=\"https:\/\/www.medhairclinic.eu\/wp-content\/uploads\/2026\/04\/LIV-Hospital-lobby_2026-150x150-1.webp\" class=\"attachment-thumbnail size-thumbnail\" alt=\"\" \/><\/a>\n\t\t\t<\/dt><\/dl><br style=\"clear: both\" \/>\n\t\t<\/div>\n\n<h2 class=\"elementor-heading-title elementor-size-default\">MedHair &#8211; Reconnu \u00e0 l\u2019international et pr\u00e9sent\u00e9 dans les m\u00e9dias europ\u00e9ens<\/h2>\n<\/div>\n<\/div>\n<p data-start=\"396\" data-end=\"861\">MedHair Clinic a acquis une reconnaissance internationale et a \u00e9t\u00e9 pr\u00e9sent\u00e9e dans deux grandes s\u00e9ries documentaires europ\u00e9ennes. Les grandes cha\u00eenes <strong data-start=\"533\" data-end=\"541\">Arte<\/strong> et <strong data-start=\"546\" data-end=\"557\">Galileo<\/strong> (Allemagne) ont r\u00e9alis\u00e9 des reportages approfondis sur les greffes de cheveux chez MedHair en Turquie. Les documentaires ont mis en avant les <strong data-start=\"679\" data-end=\"700\">installations modernes<\/strong>, les <strong data-start=\"702\" data-end=\"730\">h\u00e9bergements luxueux<\/strong>, les <strong data-start=\"732\" data-end=\"747\">soins experts<\/strong> et les <strong data-start=\"753\" data-end=\"775\">r\u00e9sultats remarquables<\/strong> de la clinique. Il est \u00e0 noter que <strong data-start=\"786\" data-end=\"836\">95 % des patients n\u2019ont besoin d\u2019aucun traitement de suivi<\/strong> dans leur pays d\u2019origine.<\/p>\n<p data-start=\"863\" data-end=\"944\">Un patient, <strong data-start=\"876\" data-end=\"886\">Dennis<\/strong>, a partag\u00e9 son exp\u00e9rience six mois apr\u00e8s sa greffe :<\/p>\n<blockquote data-start=\"945\" data-end=\"1161\">\n<p data-start=\"947\" data-end=\"1161\"><em data-start=\"947\" data-end=\"1096\">\u00ab Les zones d\u00e9garnies ont compl\u00e8tement disparu, et tout a parfaitement cicatris\u00e9. Mes cheveux paraissent \u00e0 nouveau denses. Je me sens plus jeune et, honn\u00eatement, plus s\u00e9duisant. \u00bb<\/em><br data-start=\"1096\" data-end=\"1099\" \/>Il pr\u00e9voit d\u00e9j\u00e0 une seconde visite pour traiter la zone de la couronne.<\/p>\n<\/blockquote>\n<p data-start=\"1163\" data-end=\"1416\">Un autre patient, <strong data-start=\"1180\" data-end=\"1189\">Felix<\/strong>, a constat\u00e9 des progr\u00e8s visibles seulement <strong data-start=\"1217\" data-end=\"1238\">huit semaines apr\u00e8s<\/strong> l\u2019intervention \u2014 les cheveux transplant\u00e9s avaient d\u00e9j\u00e0 pouss\u00e9 d\u2019environ un centim\u00e8tre. Felix affirme que les r\u00e9sultats ont largement d\u00e9pass\u00e9 ses attentes et lui ont donn\u00e9 un <strong data-start=\"1383\" data-end=\"1415\">gain de confiance consid\u00e9rable<\/strong>.<\/p>\n<h2 class=\"elementor-heading-title elementor-size-default\">Emplacement privil\u00e9gi\u00e9 au sein de Liv Hospital Vadistanbul<\/h2>\n<\/div>\n<\/div>\n<p data-start=\"180\" data-end=\"487\">Notre clinique de greffe de cheveux est situ\u00e9e au sein du prestigieux <strong data-start=\"241\" data-end=\"269\">Liv Hospital Vadistanbul<\/strong>, l\u2019un des h\u00f4pitaux priv\u00e9s les mieux not\u00e9s de Turquie. L\u2019h\u00f4pital est certifi\u00e9 par <strong data-start=\"355\" data-end=\"366\">T\u00dcV S\u00dcD<\/strong> ainsi que par la <strong data-start=\"375\" data-end=\"415\">Joint Commission International (JCI)<\/strong>, garantissant les <strong data-start=\"430\" data-end=\"486\">normes les plus \u00e9lev\u00e9es en mati\u00e8re de soins m\u00e9dicaux et de s\u00e9curit\u00e9 des patients<\/strong>.<\/p>\n<p data-start=\"489\" data-end=\"782\">La clinique offre un niveau de qualit\u00e9 comparable \u00e0 celui des principaux h\u00f4pitaux en Allemagne et ailleurs. Vous pouvez \u00eatre certain d\u2019\u00eatre entre <strong data-start=\"616\" data-end=\"643\">les meilleures mains possibles<\/strong>. Votre confort et votre s\u00e9curit\u00e9 sont nos principales priorit\u00e9s \u2014 et c\u2019est pr\u00e9cis\u00e9ment pour cela que nous avons choisi <strong data-start=\"730\" data-end=\"758\">Liv Hospital Vadistanbul<\/strong> comme si\u00e8ge de MedHair.<\/p>\n","protected":false},"excerpt":{"rendered":"<p>Clinique MedHair : Greffe de cheveux et traitements capillaires avec plus de 20 ans d&rsquo;exp\u00e9rience Medhair Clinic, avec son \u00e9quipe de plus de 20 ans d\u2019exp\u00e9rience, offre les meilleurs services dans le traitement de la perte de cheveux, en particulier la greffe de cheveux. Medhair Clinic, qui propose des services avec son \u00e9quipe d\u2019experts dans [&hellip;]<\/p>\n","protected":false},"author":1,"featured_media":6198,"parent":0,"menu_order":0,"comment_status":"closed","ping_status":"closed","template":"","meta":{"footnotes":""},"class_list":["post-6196","page","type-page","status-publish","has-post-thumbnail","hentry"],"_links":{"self":[{"href":"https:\/\/www.medhairclinic.eu\/fr\/wp-json\/wp\/v2\/pages\/6196","targetHints":{"allow":["GET"]}}],"collection":[{"href":"https:\/\/www.medhairclinic.eu\/fr\/wp-json\/wp\/v2\/pages"}],"about":[{"href":"https:\/\/www.medhairclinic.eu\/fr\/wp-json\/wp\/v2\/types\/page"}],"author":[{"embeddable":true,"href":"https:\/\/www.medhairclinic.eu\/fr\/wp-json\/wp\/v2\/users\/1"}],"replies":[{"embeddable":true,"href":"https:\/\/www.medhairclinic.eu\/fr\/wp-json\/wp\/v2\/comments?post=6196"}],"version-history":[{"count":6,"href":"https:\/\/www.medhairclinic.eu\/fr\/wp-json\/wp\/v2\/pages\/6196\/revisions"}],"predecessor-version":[{"id":8493,"href":"https:\/\/www.medhairclinic.eu\/fr\/wp-json\/wp\/v2\/pages\/6196\/revisions\/8493"}],"wp:featuredmedia":[{"embeddable":true,"href":"https:\/\/www.medhairclinic.eu\/fr\/wp-json\/wp\/v2\/media\/6198"}],"wp:attachment":[{"href":"https:\/\/www.medhairclinic.eu\/fr\/wp-json\/wp\/v2\/media?parent=6196"}],"curies":[{"name":"wp","href":"https:\/\/api.w.org\/{rel}","templated":true}]}}