{"id":8031,"date":"2026-04-01T15:05:29","date_gmt":"2026-04-01T12:05:29","guid":{"rendered":"https:\/\/medhairclinic.eu\/dr-vedat-tosun\/"},"modified":"2026-04-02T15:30:41","modified_gmt":"2026-04-02T12:30:41","slug":"dr-vedat-tosun","status":"publish","type":"page","link":"https:\/\/www.medhairclinic.eu\/fr\/dr-vedat-tosun\/","title":{"rendered":"Dr Vedat Tosun &#8211; Votre expert en greffe de cheveux"},"content":{"rendered":"<p>Die Wahl des richtigen Arztes spielt eine riesige Rolle, wenn Sie eine Haartransplantation planen. Am besten schauen Sie sich die Erfahrung, <b>qualifications<\/b> und die Bewertungen fr\u00fcherer Patientinnen und Patienten genau an. So stellen Sie sicher, dass Sie in guten H\u00e4nden sind.<\/p>\n<p>Dr. Vedat Tosun zum Beispiel z\u00e4hlt zu den Top-Experten f\u00fcr <a href=\"https:\/\/medhairclinic.eu\/fr\/\"><b>greffe de cheveux en Turquie<\/b><\/a>. Er hat die angesehene MedHair Clinic 2011 mitgegr\u00fcndet und leitet sie seitdem. \u00dcber 14 000 erfolgreiche Eingriffe gehen inzwischen auf sein Konto \u2013 das spricht f\u00fcr sich. Seit mehr als 12 Jahren ist er im Bereich der Eigenhaarverpflanzungen t\u00e4tig.<\/p>\n<p>Er bildet sein eingespieltes Team kontinuierlich aus, indem er seine <b>vaste expertise<\/b> nutzt, damit die Mitarbeiter Haartransplantationen eigenst\u00e4ndig durchf\u00fchren k\u00f6nnen, jedoch unter der Kontrolle von Dr. Vedat Tosun.<\/p>\n<h2>Dr. Vedat Tosun \u2013 expertise m\u00e9dicale et parcours<\/h2>\n<p><center><iframe loading=\"lazy\" title=\"Greffe de cheveux en Turquie - Dr. Vedat Tosun\" src=\"https:\/\/www.youtube.com\/embed\/N0Vc_VXVEzM\" width=\"951\" height=\"535\" frameborder=\"0\" allowfullscreen=\"allowfullscreen\"><\/iframe><\/center>Dr. Tosun est un m\u00e9decin passionn\u00e9 depuis plus de 16 ans et poss\u00e8de une vaste exp\u00e9rience dans le secteur m\u00e9dical. Sa formation est impressionnante et il poss\u00e8de les accr\u00e9ditations suivantes :<\/p>\n<h3>Formation<\/h3>\n<ul>\n<li><b>2017<\/b> \u2013 Troisi\u00e8me atelier Akdeniz FUE, Antalya, Turquie<\/li>\n<li><b>2014<\/b> \u2013 Quatri\u00e8me Journ\u00e9e internationale de chirurgie dermatologique, Istanbul, Turquie<\/li>\n<li><b>2013\u20132015<\/b> \u2013 Facult\u00e9 des sciences de la sant\u00e9, Universit\u00e9 Medipol (Facult\u00e9 de m\u00e9decine), Istanbul, Turquie<\/li>\n<li><b>2010<\/b> \u2013 Formation en dermocosm\u00e9tologie, Universit\u00e9 Medipol, Istanbul, Turquie<\/li>\n<li><b>2004\u20132011<\/b> \u2013 \u00c9tudes de m\u00e9decine, Facult\u00e9 de m\u00e9decine de l\u2019Universit\u00e9 de Bakou, Bakou, Azerba\u00efdjan<\/li>\n<\/ul>\n<h3>Exp\u00e9rience professionnelle<\/h3>\n<ul>\n<li><b>Depuis 2016<\/b> \u2013 Sp\u00e9cialiste en greffe de cheveux, MedHair Clinic, Istanbul, Turquie<\/li>\n<li><b>Depuis 2014<\/b> \u2013 Sp\u00e9cialiste en greffe de cheveux, ISU LIV Bah\u00e7e\u015fehir Hospital, Istanbul, Turquie<\/li>\n<li><b>2015\u20132016<\/b> \u2013 Coordinateur en greffe de cheveux, H\u00f4pital Florence Nightingale de l\u2019Universit\u00e9 d\u2019Istanbul, Istanbul, Turquie<\/li>\n<li><b>2011\u20132015<\/b> \u2013 Coordinateur en greffe de cheveux, Apex Medical Center, Istanbul, Turquie<\/li>\n<li><b>2008\u20132011<\/b> \u2013 Coordinateur en greffe de cheveux, H\u00f4pital allemand (Alman Hastanesi), Istanbul, Turquie<\/li>\n<\/ul>\n<p>With his many years of experience in the field of autologous hair transplantation, he has made a name for himself in the industry. He treats both numerous international and local patients at the renowned Liv Hospital in Istanbul, one of the leading private hospitals in Turkey.<\/p>\n<h2>Dr. Vedat Tosun \u2013 approche th\u00e9rapeutique et philosophie<\/h2>\n<p>Dr. Vedat Tosun accorde une grande importance \u00e0 la consultation et \u00e0 la planification individuelles. Il conseille ses patients internationaux par appel vid\u00e9o et planifie avec eux le traitement et la m\u00e9thode. Il d\u00e9termine individuellement le <b>nombre de greffons<\/b> et la m\u00e9thode de traitement pour chacun de ses patients.<\/p>\n<p><em>\u00ab Il est important pour moi que chaque patient rentre chez lui avec un r\u00e9sultat naturel et esth\u00e9tique, sans compromis \u00bb<\/em>, d\u00e9clare le Dr. Tosun. Une planification individuelle garantit des <b>lignes capillaires naturelles<\/b> et des r\u00e9sultats esth\u00e9tiques. Gr\u00e2ce aux techniques mini-invasives, la zone donneuse est pr\u00e9serv\u00e9e et les cicatrices sont minimales.<\/p>\n<p>Apr\u00e8s un traitement r\u00e9ussi, les patients re\u00e7oivent g\u00e9n\u00e9ralement des documents confirmant les d\u00e9tails de l\u2019intervention, le nombre de greffons transplant\u00e9s et une <b>garantie de 30 ans<\/b>. Le Dr Vedat et son \u00e9quipe prennent soin de leurs patients depuis la premi\u00e8re consultation jusqu\u2019\u00e0 longtemps apr\u00e8s l\u2019intervention, car un bon suivi est tout aussi important que le traitement lui-m\u00eame.<\/p>\n<p>Apr\u00e8s la greffe de cheveux, un <b>traitement aux exosomes<\/b> (th\u00e9rapie par cellules souches) peut \u00eatre appliqu\u00e9 en compl\u00e9ment. Il soutient la cicatrisation naturelle du cuir chevelu et favorise une repousse homog\u00e8ne et forte des cheveux transplant\u00e9s. Il peut \u00e9galement influencer positivement la structure et la densit\u00e9 des cheveux. Les exosomes favorisent le processus de croissance capillaire en activant les follicules pileux dormants et en leur apportant de mani\u00e8re cibl\u00e9e des facteurs de croissance essentiels ainsi que des prot\u00e9ines de signalisation. Ainsi, les processus r\u00e9g\u00e9n\u00e9ratifs peuvent \u00eatre soutenus et les conditions d\u2019une croissance saine des cheveux peuvent \u00eatre am\u00e9lior\u00e9es.<\/p>\n<h2>Les m\u00e9thodes de greffe de cheveux les plus avanc\u00e9es du Dr Vedat Tosun<\/h2>\n<p>La MedHair Clinic \u00e0 Istanbul est sp\u00e9cialis\u00e9e dans les techniques mini-invasives et douces :<\/p>\n<h3>M\u00e9thode FUE<\/h3>\n<p>Les follicules pileux extraits sont pr\u00e9lev\u00e9s dans la zone donneuse et conserv\u00e9s dans une solution riche en nutriments jusqu\u2019\u00e0 l\u2019implantation afin de pr\u00e9server leur vitalit\u00e9.<\/p>\n<h3>Sapphire FUE<\/h3>\n<p>Il s\u2019agit d\u2019une \u00e9volution de la m\u00e9thode FUE, dans laquelle les incisions sont r\u00e9alis\u00e9es avec pr\u00e9cision \u00e0 l\u2019aide de lames en saphir synth\u00e9tique.<\/p>\n<h3>Technique DHI<\/h3>\n<p>Imm\u00e9diatement apr\u00e8s le pr\u00e9l\u00e8vement, les follicules pileux sont implant\u00e9s dans la zone receveuse sans d\u00e9lai.<\/p>\n<p>La m\u00e9thode utilis\u00e9e est toujours d\u00e9termin\u00e9e individuellement et adapt\u00e9e aux besoins sp\u00e9cifiques des patients. Vous avez \u00e9galement la possibilit\u00e9 de faire r\u00e9aliser personnellement l\u2019ouverture des canaux par le Dr Vedat Tosun.<\/p>\n<h2>Traitement dans le prestigieux Liv Hospital \u00e0 Istanbul<\/h2>\n<p>Le Liv Hospital Istanbul est l\u2019un des principaux h\u00f4pitaux priv\u00e9s de Turquie. Il r\u00e9pond aux normes m\u00e9dicales et aux exigences d\u2019hygi\u00e8ne les plus \u00e9lev\u00e9es, comparables \u00e0 celles de l\u2019Allemagne, et il est certifi\u00e9 par des accr\u00e9ditations prestigieuses telles que T\u00dcV S\u00dcD et JCI.<\/p>\n<p>Les patients b\u00e9n\u00e9ficient des normes de qualit\u00e9 les plus \u00e9lev\u00e9es, et ce prestigieux h\u00f4pital permet de r\u00e9aliser des greffes de cheveux au plus haut niveau, de l\u2019\u00e9quipement aux soins et au suivi postop\u00e9ratoire.<\/p>\n<h2>Pourquoi l\u2019exp\u00e9rience m\u00e9dicale est essentielle<\/h2>\n<p>L\u2019expertise d\u2019un m\u00e9decin fait la diff\u00e9rence : contrairement au mod\u00e8le du technicien, le m\u00e9decin dirige personnellement l\u2019intervention, ce qui est essentiel pour obtenir une ligne capillaire pr\u00e9cise et une <b>densit\u00e9 capillaire optimale<\/b>. Le Dr Vedat Tosun supervise personnellement le contr\u00f4le qualit\u00e9 et garantit ainsi un r\u00e9sultat naturel et durable.<\/p>\n<h2>Dr. Vedat Tosun et MedHair Clinic<\/h2>\n<p>Une \u00e9quipe sp\u00e9cialis\u00e9e travaille main dans la main sous la direction m\u00e9dicale du Dr Tosun afin d\u2019offrir aux patients les <b>meilleurs soins possibles<\/b> avant, pendant et apr\u00e8s l\u2019op\u00e9ration. De cette mani\u00e8re, une s\u00e9curit\u00e9 maximale et une grande pr\u00e9cision sont assur\u00e9es.<\/p>\n<h2>Conclusion<\/h2>\n<p>Gr\u00e2ce \u00e0 l\u2019exp\u00e9rience du Dr Vedat Tosun et aux soins professionnels de l\u2019\u00e9quipe MedHair, les patients b\u00e9n\u00e9ficient d\u2019une s\u00e9curit\u00e9 maximale, d\u2019une qualit\u00e9 constamment \u00e9lev\u00e9e et d\u2019un <b>r\u00e9sultat naturel.<\/b> R\u00e9servez d\u00e8s maintenant votre consultation personnelle avec le Dr Vedat Tosun pour discuter de votre greffe de cheveux sur mesure.<\/p>\n\n\t\t<style type=\"text\/css\">\n\t\t\t#gallery-1 {\n\t\t\t\tmargin: auto;\n\t\t\t}\n\t\t\t#gallery-1 .gallery-item {\n\t\t\t\tfloat: left;\n\t\t\t\tmargin-top: 10px;\n\t\t\t\ttext-align: center;\n\t\t\t\twidth: 33%;\n\t\t\t}\n\t\t\t#gallery-1 img {\n\t\t\t\tborder: 2px solid #cfcfcf;\n\t\t\t}\n\t\t\t#gallery-1 .gallery-caption {\n\t\t\t\tmargin-left: 0;\n\t\t\t}\n\t\t\t\/* see gallery_shortcode() in wp-includes\/media.php *\/\n\t\t<\/style>\n\t\t<div id='gallery-1' class='gallery galleryid-8031 gallery-columns-3 gallery-size-medium'><dl class='gallery-item'>\n\t\t\t<dt class='gallery-icon landscape'>\n\t\t\t\t<a href='https:\/\/www.medhairclinic.eu\/wp-content\/uploads\/2026\/04\/medhair-clinic-glcklicher-patient-69cd09df1bb16.webp'><img loading=\"lazy\" decoding=\"async\" width=\"300\" height=\"200\" src=\"https:\/\/www.medhairclinic.eu\/wp-content\/uploads\/2026\/04\/medhair-clinic-glcklicher-patient-69cd09df1bb16-300x200.webp\" class=\"attachment-medium size-medium\" alt=\"\" srcset=\"https:\/\/www.medhairclinic.eu\/wp-content\/uploads\/2026\/04\/medhair-clinic-glcklicher-patient-69cd09df1bb16-300x200.webp 300w, https:\/\/www.medhairclinic.eu\/wp-content\/uploads\/2026\/04\/medhair-clinic-glcklicher-patient-69cd09df1bb16-1024x683.webp 1024w, https:\/\/www.medhairclinic.eu\/wp-content\/uploads\/2026\/04\/medhair-clinic-glcklicher-patient-69cd09df1bb16-768x512.webp 768w, https:\/\/www.medhairclinic.eu\/wp-content\/uploads\/2026\/04\/medhair-clinic-glcklicher-patient-69cd09df1bb16-1536x1025.webp 1536w, https:\/\/www.medhairclinic.eu\/wp-content\/uploads\/2026\/04\/medhair-clinic-glcklicher-patient-69cd09df1bb16-600x400.webp 600w, https:\/\/www.medhairclinic.eu\/wp-content\/uploads\/2026\/04\/medhair-clinic-glcklicher-patient-69cd09df1bb16-150x100.webp 150w, https:\/\/www.medhairclinic.eu\/wp-content\/uploads\/2026\/04\/medhair-clinic-glcklicher-patient-69cd09df1bb16.webp 2048w\" sizes=\"auto, (max-width: 300px) 100vw, 300px\" \/><\/a>\n\t\t\t<\/dt><\/dl><dl class='gallery-item'>\n\t\t\t<dt class='gallery-icon landscape'>\n\t\t\t\t<a href='https:\/\/www.medhairclinic.eu\/wp-content\/uploads\/2026\/04\/dr-verdat-tosun-haaranalyse-69cd09dc95370.webp'><img loading=\"lazy\" decoding=\"async\" width=\"300\" height=\"200\" src=\"https:\/\/www.medhairclinic.eu\/wp-content\/uploads\/2026\/04\/dr-verdat-tosun-haaranalyse-69cd09dc95370-300x200.webp\" class=\"attachment-medium size-medium\" alt=\"\" srcset=\"https:\/\/www.medhairclinic.eu\/wp-content\/uploads\/2026\/04\/dr-verdat-tosun-haaranalyse-69cd09dc95370-300x200.webp 300w, https:\/\/www.medhairclinic.eu\/wp-content\/uploads\/2026\/04\/dr-verdat-tosun-haaranalyse-69cd09dc95370-1024x683.webp 1024w, https:\/\/www.medhairclinic.eu\/wp-content\/uploads\/2026\/04\/dr-verdat-tosun-haaranalyse-69cd09dc95370-768x512.webp 768w, https:\/\/www.medhairclinic.eu\/wp-content\/uploads\/2026\/04\/dr-verdat-tosun-haaranalyse-69cd09dc95370-600x400.webp 600w, https:\/\/www.medhairclinic.eu\/wp-content\/uploads\/2026\/04\/dr-verdat-tosun-haaranalyse-69cd09dc95370-150x100.webp 150w, https:\/\/www.medhairclinic.eu\/wp-content\/uploads\/2026\/04\/dr-verdat-tosun-haaranalyse-69cd09dc95370.webp 1200w\" sizes=\"auto, (max-width: 300px) 100vw, 300px\" \/><\/a>\n\t\t\t<\/dt><\/dl><dl class='gallery-item'>\n\t\t\t<dt class='gallery-icon landscape'>\n\t\t\t\t<a href='https:\/\/www.medhairclinic.eu\/wp-content\/uploads\/2026\/04\/medhair-clinic-istanbul-patient-69cd09de3e92c.webp'><img loading=\"lazy\" decoding=\"async\" width=\"300\" height=\"200\" src=\"https:\/\/www.medhairclinic.eu\/wp-content\/uploads\/2026\/04\/medhair-clinic-istanbul-patient-69cd09de3e92c-300x200.webp\" class=\"attachment-medium size-medium\" alt=\"\" srcset=\"https:\/\/www.medhairclinic.eu\/wp-content\/uploads\/2026\/04\/medhair-clinic-istanbul-patient-69cd09de3e92c-300x200.webp 300w, https:\/\/www.medhairclinic.eu\/wp-content\/uploads\/2026\/04\/medhair-clinic-istanbul-patient-69cd09de3e92c-1024x683.webp 1024w, https:\/\/www.medhairclinic.eu\/wp-content\/uploads\/2026\/04\/medhair-clinic-istanbul-patient-69cd09de3e92c-768x512.webp 768w, https:\/\/www.medhairclinic.eu\/wp-content\/uploads\/2026\/04\/medhair-clinic-istanbul-patient-69cd09de3e92c-1536x1025.webp 1536w, https:\/\/www.medhairclinic.eu\/wp-content\/uploads\/2026\/04\/medhair-clinic-istanbul-patient-69cd09de3e92c-600x400.webp 600w, https:\/\/www.medhairclinic.eu\/wp-content\/uploads\/2026\/04\/medhair-clinic-istanbul-patient-69cd09de3e92c-150x100.webp 150w, https:\/\/www.medhairclinic.eu\/wp-content\/uploads\/2026\/04\/medhair-clinic-istanbul-patient-69cd09de3e92c.webp 2048w\" sizes=\"auto, (max-width: 300px) 100vw, 300px\" \/><\/a>\n\t\t\t<\/dt><\/dl><br style=\"clear: both\" \/><dl class='gallery-item'>\n\t\t\t<dt class='gallery-icon landscape'>\n\t\t\t\t<a href='https:\/\/www.medhairclinic.eu\/wp-content\/uploads\/2026\/04\/liv-hostpital-istanbul-69cd09e1eb44f.webp'><img loading=\"lazy\" decoding=\"async\" width=\"300\" height=\"200\" src=\"https:\/\/www.medhairclinic.eu\/wp-content\/uploads\/2026\/04\/liv-hostpital-istanbul-69cd09e1eb44f-300x200.webp\" class=\"attachment-medium size-medium\" alt=\"\" srcset=\"https:\/\/www.medhairclinic.eu\/wp-content\/uploads\/2026\/04\/liv-hostpital-istanbul-69cd09e1eb44f-300x200.webp 300w, https:\/\/www.medhairclinic.eu\/wp-content\/uploads\/2026\/04\/liv-hostpital-istanbul-69cd09e1eb44f-1024x683.webp 1024w, https:\/\/www.medhairclinic.eu\/wp-content\/uploads\/2026\/04\/liv-hostpital-istanbul-69cd09e1eb44f-768x512.webp 768w, https:\/\/www.medhairclinic.eu\/wp-content\/uploads\/2026\/04\/liv-hostpital-istanbul-69cd09e1eb44f-1536x1024.webp 1536w, https:\/\/www.medhairclinic.eu\/wp-content\/uploads\/2026\/04\/liv-hostpital-istanbul-69cd09e1eb44f-600x400.webp 600w, https:\/\/www.medhairclinic.eu\/wp-content\/uploads\/2026\/04\/liv-hostpital-istanbul-69cd09e1eb44f-150x100.webp 150w, https:\/\/www.medhairclinic.eu\/wp-content\/uploads\/2026\/04\/liv-hostpital-istanbul-69cd09e1eb44f.webp 1600w\" sizes=\"auto, (max-width: 300px) 100vw, 300px\" \/><\/a>\n\t\t\t<\/dt><\/dl><dl class='gallery-item'>\n\t\t\t<dt class='gallery-icon landscape'>\n\t\t\t\t<a href='https:\/\/www.medhairclinic.eu\/wp-content\/uploads\/2026\/04\/dr-tosun-mit-patient-69cd09e026803.webp'><img loading=\"lazy\" decoding=\"async\" width=\"300\" height=\"200\" src=\"https:\/\/www.medhairclinic.eu\/wp-content\/uploads\/2026\/04\/dr-tosun-mit-patient-69cd09e026803-300x200.webp\" class=\"attachment-medium size-medium\" alt=\"\" srcset=\"https:\/\/www.medhairclinic.eu\/wp-content\/uploads\/2026\/04\/dr-tosun-mit-patient-69cd09e026803-300x200.webp 300w, https:\/\/www.medhairclinic.eu\/wp-content\/uploads\/2026\/04\/dr-tosun-mit-patient-69cd09e026803-1024x683.webp 1024w, https:\/\/www.medhairclinic.eu\/wp-content\/uploads\/2026\/04\/dr-tosun-mit-patient-69cd09e026803-768x512.webp 768w, https:\/\/www.medhairclinic.eu\/wp-content\/uploads\/2026\/04\/dr-tosun-mit-patient-69cd09e026803-1536x1025.webp 1536w, https:\/\/www.medhairclinic.eu\/wp-content\/uploads\/2026\/04\/dr-tosun-mit-patient-69cd09e026803-600x400.webp 600w, https:\/\/www.medhairclinic.eu\/wp-content\/uploads\/2026\/04\/dr-tosun-mit-patient-69cd09e026803-150x100.webp 150w, https:\/\/www.medhairclinic.eu\/wp-content\/uploads\/2026\/04\/dr-tosun-mit-patient-69cd09e026803.webp 2048w\" sizes=\"auto, (max-width: 300px) 100vw, 300px\" \/><\/a>\n\t\t\t<\/dt><\/dl><dl class='gallery-item'>\n\t\t\t<dt class='gallery-icon landscape'>\n\t\t\t\t<a href='https:\/\/www.medhairclinic.eu\/wp-content\/uploads\/2026\/04\/medhair_2026-2.webp'><img loading=\"lazy\" decoding=\"async\" width=\"300\" height=\"200\" src=\"https:\/\/www.medhairclinic.eu\/wp-content\/uploads\/2026\/04\/medhair_2026-2-300x200.webp\" class=\"attachment-medium size-medium\" alt=\"\" srcset=\"https:\/\/www.medhairclinic.eu\/wp-content\/uploads\/2026\/04\/medhair_2026-2-300x200.webp 300w, https:\/\/www.medhairclinic.eu\/wp-content\/uploads\/2026\/04\/medhair_2026-2-1024x683.webp 1024w, https:\/\/www.medhairclinic.eu\/wp-content\/uploads\/2026\/04\/medhair_2026-2-768x512.webp 768w, https:\/\/www.medhairclinic.eu\/wp-content\/uploads\/2026\/04\/medhair_2026-2-1536x1025.webp 1536w, https:\/\/www.medhairclinic.eu\/wp-content\/uploads\/2026\/04\/medhair_2026-2-600x400.webp 600w, https:\/\/www.medhairclinic.eu\/wp-content\/uploads\/2026\/04\/medhair_2026-2-150x100.webp 150w, https:\/\/www.medhairclinic.eu\/wp-content\/uploads\/2026\/04\/medhair_2026-2.webp 2048w\" sizes=\"auto, (max-width: 300px) 100vw, 300px\" \/><\/a>\n\t\t\t<\/dt><\/dl><br style=\"clear: both\" \/>\n\t\t<\/div>\n\n","protected":false},"excerpt":{"rendered":"<p>Die Wahl des richtigen Arztes spielt eine riesige Rolle, wenn Sie eine Haartransplantation planen. Am besten schauen Sie sich die Erfahrung, qualifications und die Bewertungen fr\u00fcherer Patientinnen und Patienten genau an. So stellen Sie sicher, dass Sie in guten H\u00e4nden sind. Dr. Vedat Tosun zum Beispiel z\u00e4hlt zu den Top-Experten f\u00fcr greffe de cheveux en [&hellip;]<\/p>\n","protected":false},"author":1,"featured_media":8032,"parent":0,"menu_order":0,"comment_status":"closed","ping_status":"closed","template":"","meta":{"footnotes":""},"class_list":["post-8031","page","type-page","status-publish","has-post-thumbnail","hentry"],"_links":{"self":[{"href":"https:\/\/www.medhairclinic.eu\/fr\/wp-json\/wp\/v2\/pages\/8031","targetHints":{"allow":["GET"]}}],"collection":[{"href":"https:\/\/www.medhairclinic.eu\/fr\/wp-json\/wp\/v2\/pages"}],"about":[{"href":"https:\/\/www.medhairclinic.eu\/fr\/wp-json\/wp\/v2\/types\/page"}],"author":[{"embeddable":true,"href":"https:\/\/www.medhairclinic.eu\/fr\/wp-json\/wp\/v2\/users\/1"}],"replies":[{"embeddable":true,"href":"https:\/\/www.medhairclinic.eu\/fr\/wp-json\/wp\/v2\/comments?post=8031"}],"version-history":[{"count":3,"href":"https:\/\/www.medhairclinic.eu\/fr\/wp-json\/wp\/v2\/pages\/8031\/revisions"}],"predecessor-version":[{"id":8134,"href":"https:\/\/www.medhairclinic.eu\/fr\/wp-json\/wp\/v2\/pages\/8031\/revisions\/8134"}],"wp:featuredmedia":[{"embeddable":true,"href":"https:\/\/www.medhairclinic.eu\/fr\/wp-json\/wp\/v2\/media\/8032"}],"wp:attachment":[{"href":"https:\/\/www.medhairclinic.eu\/fr\/wp-json\/wp\/v2\/media?parent=8031"}],"curies":[{"name":"wp","href":"https:\/\/api.w.org\/{rel}","templated":true}]}}