{"id":2023,"date":"2024-07-12T13:42:11","date_gmt":"2024-07-12T10:42:11","guid":{"rendered":"https:\/\/medhairclinic.eu\/hakkimizda\/"},"modified":"2026-04-10T09:39:26","modified_gmt":"2026-04-10T06:39:26","slug":"sobre-nosotros","status":"publish","type":"page","link":"https:\/\/www.medhairclinic.eu\/it\/sobre-nosotros\/","title":{"rendered":"Sobre Nosotros"},"content":{"rendered":"<div class=\"elementor-element elementor-element-09302a6 elementor-widget elementor-widget-text-editor\" data-id=\"09302a6\" data-element_type=\"widget\" data-e-type=\"widget\" data-widget_type=\"text-editor.default\">\n<h2>Clinica MedHair: Trapianto di capelli e trattamenti per capelli con oltre 20 anni di esperienza.<\/h2>\n<div class=\"elementor-widget-container\">Medhair Clinic, con il suo team con oltre 20 anni di esperienza, offre i migliori servizi nel trattamento della caduta dei capelli, in particolare nel trapianto di capelli. Medhair Clinic, che fornisce servizi con il suo team di esperti nei settori del trapianto di barba, del trapianto di sopracciglia e del trapianto di capelli, ha sempre avuto l\u2019obiettivo di utilizzare la tecnologia pi\u00f9 avanzata, oltre a garantire un servizio sanitario di qualit\u00e0 e affidabile in tutti i trattamenti.<\/div>\n<\/div>\n<div class=\"elementor-element elementor-element-f8460f7 elementor-widget__width-inherit elementor-mobile-align-justify elementor-widget elementor-widget-button\" data-id=\"f8460f7\" data-element_type=\"widget\" data-e-type=\"widget\" data-widget_type=\"button.default\">\n<div class=\"elementor-widget-container\">\n<div class=\"elementor-button-wrapper\"><\/div>\n<\/div>\n<\/div>\n<p><iframe loading=\"lazy\" title=\"Lettore video di YouTube\" src=\"https:\/\/www.youtube.com\/embed\/yVB092qwUGM\" width=\"100%\" height=\"500\" frameborder=\"0\" allowfullscreen=\"allowfullscreen\"><\/iframe><\/p>\n<div class=\"elementor-element elementor-element-14a266c elementor-widget elementor-widget-heading\" data-id=\"14a266c\" data-element_type=\"widget\" data-e-type=\"widget\" data-widget_type=\"heading.default\">\n<div class=\"elementor-widget-container\">\n<h2 class=\"elementor-heading-title elementor-size-default\">Dr. Vedat Tosun \u2013 Specialista in trapianto di capelli riconosciuto a livello internazionale<\/h2>\n<\/div>\n<\/div>\n<div class=\"elementor-element elementor-element-39de5f4 elementor-widget elementor-widget-text-editor\" data-id=\"39de5f4\" data-element_type=\"widget\" data-e-type=\"widget\" data-widget_type=\"text-editor.default\">\n<div class=\"elementor-widget-container\">\n<p data-start=\"109\" data-end=\"490\">Il Dr. Vedat Tosun, Dottore in Scienze Mediche, ha oltre 12 anni di esperienza nel campo del trapianto di capelli. Nella nostra clinica ha gi\u00e0 aiutato pi\u00f9 di 14.000 pazienti a ritrovare una capigliatura folta. Il Dr. Tosun \u00e8 rinomato per la sua precisione artistica e per i risultati dall\u2019aspetto naturale. Con grande sensibilit\u00e0 e una tecnica meticolosa, ottiene costantemente risultati eccezionali.<\/p>\n<p data-start=\"492\" data-end=\"779\">Il suo lavoro \u00e8 la sua passione:<br data-start=\"516\" data-end=\"519\" \/><em data-start=\"519\" data-end=\"763\">\u201cCon le procedure plastiche e chirurgiche, aiuti le persone sia fisicamente che emotivamente, restituendo loro fiducia in se stesse. Rendo felici le persone, ed \u00e8 per questo che amo ci\u00f2 che faccio. Per questo voglio continuare a specializzarmi nei trapianti di capelli\u201d<\/em>, afferma il Dr. Tosun.<\/p>\n<p data-start=\"781\" data-end=\"1208\">Il Dr. Vedat Tosun \u00e8 supportato da un team di tre dermatologi. Ogni membro del nostro team possiede una laurea universitaria in ambiti sanitari pertinenti. Il Dr. Tosun ha formato personalmente il suo team attraverso una preparazione approfondita e anni di esperienza pratica, garantendo che la nostra clinica offra costantemente servizi di alta qualit\u00e0. Di conseguenza, l\u2019intero team \u00e8 qualificato per eseguire <strong data-start=\"1157\" data-end=\"1171\">tutte le fasi<\/strong> del processo di trapianto di capelli.<\/p>\n<div class=\"elementor-element elementor-element-2b3faa9 elementor-widget elementor-widget-heading\" data-id=\"2b3faa9\" data-element_type=\"widget\" data-e-type=\"widget\" data-widget_type=\"heading.default\">\n<div class=\"elementor-widget-container\">\n<h2 class=\"elementor-heading-title elementor-size-default\">Piani di trattamento completamente personalizzati<\/h2>\n<\/div>\n<\/div>\n<div class=\"elementor-element elementor-element-1300c33 elementor-widget elementor-widget-text-editor\" data-id=\"1300c33\" data-element_type=\"widget\" data-e-type=\"widget\" data-widget_type=\"text-editor.default\">\n<div class=\"elementor-widget-container\">\n<p data-start=\"106\" data-end=\"448\">Da MedHair, il processo inizia con un\u2019<strong data-start=\"144\" data-end=\"180\">analisi dei capelli online senza impegno<\/strong>, attraverso la quale i pazienti ricevono una prima offerta. Questo ci consente di ottenere una prima impressione della vostra situazione capillare e di preparare una stima dei costi. Forniamo una consulenza dettagliata sui vari metodi di trapianto di capelli e calcoliamo il numero stimato di innesti necessari.<\/p>\n<p data-start=\"450\" data-end=\"757\">Una volta che decidete di procedere con un <strong data-start=\"484\" data-end=\"526\">trapianto di capelli in Turchia con MedHair<\/strong>, ci occupiamo di tutte le prenotazioni necessarie come parte dei nostri <strong data-start=\"586\" data-end=\"612\">pacchetti all-inclusive<\/strong>. Quando arrivate a Istanbul, il nostro servizio di trasferimento vi porter\u00e0 al vostro hotel a 4 o 5 stelle. Il giorno seguente sarete accompagnati in clinica.<\/p>\n<p data-start=\"759\" data-end=\"1066\">Il Dr. Tosun pianifica personalmente il trattamento utilizzando la sua competenza medica specialistica e disegna l\u2019attaccatura proposta. Una volta che il paziente \u00e8 soddisfatto del piano, la procedura pu\u00f2 iniziare. Dopo l\u2019operazione, sarete riaccompagnati al vostro hotel, situato in una posizione comoda per permettervi di godere della splendida citt\u00e0 di Istanbul.<\/p>\n<p data-start=\"1068\" data-end=\"1428\">Il giorno successivo si svolge un controllo post-operatorio e, successivamente, uno dei nostri autisti vi accompagner\u00e0 all\u2019aeroporto.<br data-start=\"1182\" data-end=\"1185\" \/><strong data-start=\"1185\" data-end=\"1234\">Il supporto online continua anche dopo il vostro viaggio<\/strong>, cos\u00ec che eventuali dubbi o domande possano essere affrontati.<br data-start=\"1282\" data-end=\"1285\" \/>Da MedHair, ci impegniamo a supportarvi <strong data-start=\"1331\" data-end=\"1371\">anche molto tempo dopo la conclusione della procedura<\/strong>, e siamo sempre disponibili per consulti di follow-up.<\/p>\n\n\t\t<style type=\"text\/css\">\n\t\t\t#gallery-1 {\n\t\t\t\tmargin: auto;\n\t\t\t}\n\t\t\t#gallery-1 .gallery-item {\n\t\t\t\tfloat: left;\n\t\t\t\tmargin-top: 10px;\n\t\t\t\ttext-align: center;\n\t\t\t\twidth: 33%;\n\t\t\t}\n\t\t\t#gallery-1 img {\n\t\t\t\tborder: 2px solid #cfcfcf;\n\t\t\t}\n\t\t\t#gallery-1 .gallery-caption {\n\t\t\t\tmargin-left: 0;\n\t\t\t}\n\t\t\t\/* see gallery_shortcode() in wp-includes\/media.php *\/\n\t\t<\/style>\n\t\t<div id='gallery-1' class='gallery galleryid-2023 gallery-columns-3 gallery-size-thumbnail'><dl class='gallery-item'>\n\t\t\t<dt class='gallery-icon landscape'>\n\t\t\t\t<a href='https:\/\/www.medhairclinic.eu\/it\/sobre-nosotros\/medhair-hair-analysis_2026-150x150-2\/'><img loading=\"lazy\" decoding=\"async\" width=\"150\" height=\"150\" src=\"https:\/\/www.medhairclinic.eu\/wp-content\/uploads\/2026\/04\/MedHair-Hair-analysis_2026-150x150-5.webp\" class=\"attachment-thumbnail size-thumbnail\" alt=\"\" \/><\/a>\n\t\t\t<\/dt><\/dl><dl class='gallery-item'>\n\t\t\t<dt class='gallery-icon landscape'>\n\t\t\t\t<a href='https:\/\/www.medhairclinic.eu\/it\/sobre-nosotros\/dr-tosun-with-happy-patient_2026-150x150-2\/'><img loading=\"lazy\" decoding=\"async\" width=\"150\" height=\"150\" src=\"https:\/\/www.medhairclinic.eu\/wp-content\/uploads\/2026\/04\/Dr.-Tosun-with-happy-patient_2026-150x150-5.webp\" class=\"attachment-thumbnail size-thumbnail\" alt=\"\" \/><\/a>\n\t\t\t<\/dt><\/dl><dl class='gallery-item'>\n\t\t\t<dt class='gallery-icon landscape'>\n\t\t\t\t<a href='https:\/\/www.medhairclinic.eu\/it\/sobre-nosotros\/dr-verdat-tosun-hair-analysis_2026-150x150-2\/'><img loading=\"lazy\" decoding=\"async\" width=\"150\" height=\"150\" src=\"https:\/\/www.medhairclinic.eu\/wp-content\/uploads\/2026\/04\/Dr.-Verdat-Tosun-Hair-analysis_2026-150x150-5.webp\" class=\"attachment-thumbnail size-thumbnail\" alt=\"\" \/><\/a>\n\t\t\t<\/dt><\/dl><br style=\"clear: both\" \/><dl class='gallery-item'>\n\t\t\t<dt class='gallery-icon landscape'>\n\t\t\t\t<a href='https:\/\/www.medhairclinic.eu\/it\/sobre-nosotros\/liv-hospital-lobby_2026-150x150-2\/'><img loading=\"lazy\" decoding=\"async\" width=\"150\" height=\"150\" src=\"https:\/\/www.medhairclinic.eu\/wp-content\/uploads\/2026\/04\/LIV-Hospital-lobby_2026-150x150-5.webp\" class=\"attachment-thumbnail size-thumbnail\" alt=\"\" \/><\/a>\n\t\t\t<\/dt><\/dl><dl class='gallery-item'>\n\t\t\t<dt class='gallery-icon landscape'>\n\t\t\t\t<a href='https:\/\/www.medhairclinic.eu\/it\/sobre-nosotros\/liv-hostpital-istanbul_2026-150x150-2\/'><img loading=\"lazy\" decoding=\"async\" width=\"150\" height=\"150\" src=\"https:\/\/www.medhairclinic.eu\/wp-content\/uploads\/2026\/04\/Liv-Hostpital-Istanbul_2026-150x150-5.webp\" class=\"attachment-thumbnail size-thumbnail\" alt=\"\" \/><\/a>\n\t\t\t<\/dt><\/dl><dl class='gallery-item'>\n\t\t\t<dt class='gallery-icon landscape'>\n\t\t\t\t<a href='https:\/\/www.medhairclinic.eu\/it\/sobre-nosotros\/medhair-clinic-happy-patient_2026-150x150-2\/'><img loading=\"lazy\" decoding=\"async\" width=\"150\" height=\"150\" src=\"https:\/\/www.medhairclinic.eu\/wp-content\/uploads\/2026\/04\/MedHair-Clinic-happy-patient_2026-150x150-5.webp\" class=\"attachment-thumbnail size-thumbnail\" alt=\"\" \/><\/a>\n\t\t\t<\/dt><\/dl><br style=\"clear: both\" \/>\n\t\t<\/div>\n\n<h2 class=\"elementor-heading-title elementor-size-default\">MedHair &#8211; Riconosciuta a livello internazionale e presente nei media europei<\/h2>\n<\/div>\n<\/div>\n<p data-start=\"396\" data-end=\"861\">MedHair Clinic ha ottenuto un riconoscimento internazionale ed \u00e8 stata presentata in due importanti serie documentarie europee. Le emittenti di primo piano <strong data-start=\"533\" data-end=\"541\">Arte<\/strong> e <strong data-start=\"546\" data-end=\"557\">Galileo<\/strong> (Germania) hanno realizzato approfonditi reportage sui trapianti di capelli presso MedHair in Turchia. I documentari hanno messo in evidenza le <strong data-start=\"679\" data-end=\"700\">strutture moderne<\/strong>, le <strong data-start=\"702\" data-end=\"730\">sistemazioni di lusso<\/strong>, l\u2019<strong data-start=\"732\" data-end=\"747\">assistenza esperta<\/strong> e i <strong data-start=\"753\" data-end=\"775\">risultati straordinari<\/strong> della clinica. In particolare, <strong data-start=\"786\" data-end=\"836\">il 95% dei pazienti non necessita di alcun trattamento di follow-up<\/strong> nei propri Paesi d\u2019origine.<\/p>\n<p data-start=\"863\" data-end=\"944\">Un paziente, <strong data-start=\"876\" data-end=\"886\">Dennis<\/strong>, ha condiviso la sua esperienza sei mesi dopo il trapianto:<\/p>\n<blockquote data-start=\"945\" data-end=\"1161\">\n<p data-start=\"947\" data-end=\"1161\"><em data-start=\"947\" data-end=\"1096\">\u201cLe aree diradate sono completamente scomparse e tutto \u00e8 guarito perfettamente. I miei capelli sembrano di nuovo folti. Mi sento pi\u00f9 giovane e, sinceramente, pi\u00f9 attraente.\u201d<\/em><br data-start=\"1096\" data-end=\"1099\" \/>Sta gi\u00e0 pianificando una seconda visita per trattare l\u2019area della corona.<\/p>\n<\/blockquote>\n<p data-start=\"1163\" data-end=\"1416\">Un altro paziente, <strong data-start=\"1180\" data-end=\"1189\">Felix<\/strong>, ha visto progressi visibili gi\u00e0 <strong data-start=\"1217\" data-end=\"1238\">otto settimane dopo<\/strong> la procedura: i capelli trapiantati erano gi\u00e0 cresciuti di circa un centimetro. Felix afferma che i risultati hanno superato di gran lunga le sue aspettative e gli hanno dato un <strong data-start=\"1383\" data-end=\"1415\">significativo aumento di fiducia in s\u00e9 stesso<\/strong>.<\/p>\n<h2 class=\"elementor-heading-title elementor-size-default\">Posizione privilegiata all\u2019interno del Liv Hospital Vadistanbul<\/h2>\n<\/div>\n<\/div>\n<p data-start=\"180\" data-end=\"487\">La nostra clinica per il trapianto di capelli si trova all\u2019interno del prestigioso <strong data-start=\"241\" data-end=\"269\">Liv Hospital Vadistanbul<\/strong>, uno degli ospedali privati meglio valutati della Turchia. L\u2019ospedale \u00e8 certificato sia da <strong data-start=\"355\" data-end=\"366\">T\u00dcV S\u00dcD<\/strong> sia dalla <strong data-start=\"375\" data-end=\"415\">Joint Commission International (JCI)<\/strong>, garantendo i <strong data-start=\"430\" data-end=\"486\">pi\u00f9 alti standard di assistenza medica e sicurezza del paziente<\/strong>.<\/p>\n<p data-start=\"489\" data-end=\"782\">La clinica offre un livello di qualit\u00e0 paragonabile a quello dei principali ospedali in Germania e altrove. Potete essere certi di essere in <strong data-start=\"616\" data-end=\"643\">ottime mani<\/strong>. Il vostro comfort e la vostra sicurezza sono le nostre massime priorit\u00e0, ed \u00e8 proprio per questo che abbiamo scelto il <strong data-start=\"730\" data-end=\"758\">Liv Hospital Vadistanbul<\/strong> come sede di MedHair.<\/p>\n","protected":false},"excerpt":{"rendered":"<p>Clinica MedHair: Trapianto di capelli e trattamenti per capelli con oltre 20 anni di esperienza. Medhair Clinic, con il suo team con oltre 20 anni di esperienza, offre i migliori servizi nel trattamento della caduta dei capelli, in particolare nel trapianto di capelli. Medhair Clinic, che fornisce servizi con il suo team di esperti nei [&hellip;]<\/p>\n","protected":false},"author":1,"featured_media":2024,"parent":0,"menu_order":0,"comment_status":"closed","ping_status":"closed","template":"","meta":{"footnotes":""},"class_list":["post-2023","page","type-page","status-publish","has-post-thumbnail","hentry"],"_links":{"self":[{"href":"https:\/\/www.medhairclinic.eu\/it\/wp-json\/wp\/v2\/pages\/2023","targetHints":{"allow":["GET"]}}],"collection":[{"href":"https:\/\/www.medhairclinic.eu\/it\/wp-json\/wp\/v2\/pages"}],"about":[{"href":"https:\/\/www.medhairclinic.eu\/it\/wp-json\/wp\/v2\/types\/page"}],"author":[{"embeddable":true,"href":"https:\/\/www.medhairclinic.eu\/it\/wp-json\/wp\/v2\/users\/1"}],"replies":[{"embeddable":true,"href":"https:\/\/www.medhairclinic.eu\/it\/wp-json\/wp\/v2\/comments?post=2023"}],"version-history":[{"count":7,"href":"https:\/\/www.medhairclinic.eu\/it\/wp-json\/wp\/v2\/pages\/2023\/revisions"}],"predecessor-version":[{"id":8494,"href":"https:\/\/www.medhairclinic.eu\/it\/wp-json\/wp\/v2\/pages\/2023\/revisions\/8494"}],"wp:featuredmedia":[{"embeddable":true,"href":"https:\/\/www.medhairclinic.eu\/it\/wp-json\/wp\/v2\/media\/2024"}],"wp:attachment":[{"href":"https:\/\/www.medhairclinic.eu\/it\/wp-json\/wp\/v2\/media?parent=2023"}],"curies":[{"name":"wp","href":"https:\/\/api.w.org\/{rel}","templated":true}]}}