{"id":8040,"date":"2026-04-01T15:05:29","date_gmt":"2026-04-01T12:05:29","guid":{"rendered":"https:\/\/medhairclinic.eu\/dr-vedat-tosun\/"},"modified":"2026-04-02T15:31:26","modified_gmt":"2026-04-02T12:31:26","slug":"dr-vedat-tosun","status":"publish","type":"page","link":"https:\/\/www.medhairclinic.eu\/it\/dr-vedat-tosun\/","title":{"rendered":"Dott. Vedat Tosun &#8211; Il tuo esperto di trapianto di capelli"},"content":{"rendered":"<p>Il choix du bon m\u00e9decin joue un r\u00f4le \u00e9norme si vous envisagez une greffe de cheveux. Il est pr\u00e9f\u00e9rable d\u2019examiner attentivement son exp\u00e9rience, ses <b>qualifications<\/b> et les avis des anciens patients. C\u2019est ainsi que vous vous assurez d\u2019\u00eatre entre de bonnes mains.<\/p>\n<p>Le Dr Vedat Tosun, par exemple, fait partie des meilleurs experts en <a href=\"https:\/\/medhairclinic.eu\/it\/\"><b>trapianto di capelli in Turchia<\/b><\/a>. Ha cofondato la rinomata MedHair Clinic nel 2011 e da allora la dirige. Ha ormai all\u2019attivo oltre 14.000 interventi di successo, un dato che parla da s\u00e9. Lavora nel campo del trapianto di capelli da oltre 12 anni.<\/p>\n<p>Forma costantemente il suo affiatato team utilizzando la sua <b>ampia esperienza<\/b>, affinch\u00e9 i collaboratori possano eseguire i trapianti di capelli in autonomia, ma sempre sotto il controllo del Dr. Vedat Tosun.<\/p>\n<h2>Dr. Vedat Tosun \u2013 competenza medica e background<\/h2>\n<p><center><iframe loading=\"lazy\" title=\"Trapianto di capelli in Turchia - Dr. Vedat Tosun\" src=\"https:\/\/www.youtube.com\/embed\/N0Vc_VXVEzM\" width=\"951\" height=\"535\" frameborder=\"0\" allowfullscreen=\"allowfullscreen\"><\/iframe><\/center>Il Dr. Tosun \u00e8 un medico appassionato da oltre 16 anni e vanta una vasta esperienza nel settore medico. La sua formazione \u00e8 notevole e possiede le seguenti accreditazioni:<\/p>\n<h3>Formazione<\/h3>\n<ul>\n<li><b>2017<\/b> \u2013 Terzo workshop Akdeniz FUE, Antalya, Turchia<\/li>\n<li><b>2014<\/b> \u2013 Quarta Giornata Internazionale di Chirurgia Dermatologica, Istanbul, Turchia<\/li>\n<li><b>2013\u20132015<\/b> \u2013 Facolt\u00e0 di Scienze della Salute, Universit\u00e0 Medipol (Facolt\u00e0 di Medicina), Istanbul, Turchia<\/li>\n<li><b>2010<\/b> \u2013 Formazione in dermocosmetologia, Universit\u00e0 Medipol, Istanbul, Turchia<\/li>\n<li><b>2004\u20132011<\/b> \u2013 Studi di medicina, Facolt\u00e0 di Medicina dell\u2019Universit\u00e0 di Baku, Baku, Azerbaigian<\/li>\n<\/ul>\n<h3>Esperienza professionale<\/h3>\n<ul>\n<li><b>Dal 2016<\/b> \u2013 Specialista in trapianto di capelli, MedHair Clinic, Istanbul, Turchia<\/li>\n<li><b>Dal 2014<\/b> \u2013 Specialista in trapianto di capelli, ISU LIV Bah\u00e7e\u015fehir Hospital, Istanbul, Turchia<\/li>\n<li><b>2015\u20132016<\/b> \u2013 Coordinatore del trapianto di capelli, Ospedale Florence Nightingale dell\u2019Universit\u00e0 di Istanbul, Istanbul, Turchia<\/li>\n<li><b>2011\u20132015<\/b> \u2013 Coordinatore del trapianto di capelli, Apex Medical Center, Istanbul, Turchia<\/li>\n<li><b>2008\u20132011<\/b> \u2013 Coordinatore del trapianto di capelli, Ospedale Tedesco (Alman Hastanesi), Istanbul, Turchia<\/li>\n<\/ul>\n<p>Con la sua lunga esperienza nel campo del trapianto di capelli autologo, si \u00e8 fatto un nome nel settore. Cura numerosi pazienti sia internazionali che locali presso il rinomato Liv Hospital di Istanbul, uno dei principali ospedali privati della Turchia.<\/p>\n<h2>Dr. Vedat Tosun \u2013 approccio terapeutico e filosofia<\/h2>\n<p>Il Dr. Vedat Tosun attribuisce grande importanza alla consulenza e alla pianificazione personalizzate. Fornisce consulenze ai suoi pazienti internazionali tramite videochiamata e pianifica insieme a loro il trattamento e il metodo. Determina individualmente il <b>numero di graft<\/b> e il metodo di trattamento per ciascun paziente.<\/p>\n<p><em>\u201cPer me \u00e8 importante che ogni paziente torni a casa con un risultato naturale ed estetico, senza compromessi\u201d<\/em>, afferma il Dr. Tosun. La pianificazione personalizzata garantisce <b>linee dell\u2019attaccatura naturali<\/b> e risultati estetici. Grazie alle tecniche minimamente invasive, l\u2019area donatrice viene preservata e la formazione di cicatrici \u00e8 minima.<\/p>\n<p>Dopo un trattamento riuscito, i pazienti ricevono generalmente documenti che confermano i dettagli dell\u2019intervento, il numero di graft trapiantati e una <b>garanzia di 30 anni<\/b>. Il Dr. Vedat e il suo team si prendono cura dei pazienti dal primo consulto fino a molto tempo dopo l\u2019intervento, perch\u00e9 la corretta assistenza post-operatoria \u00e8 importante tanto quanto il trattamento stesso.<\/p>\n<p>Dopo il trapianto di capelli, pu\u00f2 essere applicato in aggiunta un <b>trattamento con esosomi<\/b> (terapia con cellule staminali). Supporta la guarigione naturale del cuoio capelluto e favorisce una ricrescita uniforme e forte dei capelli trapiantati. Inoltre, pu\u00f2 influenzare positivamente la struttura e la densit\u00e0 dei capelli. Gli esosomi favoriscono il processo di crescita dei capelli attivando i follicoli piliferi dormienti e fornendo loro in modo mirato fattori di crescita essenziali e proteine di segnalazione. In questo modo, i processi rigenerativi possono essere supportati e si possono migliorare le condizioni per una crescita sana dei capelli.<\/p>\n<h2>I metodi di trapianto di capelli pi\u00f9 avanzati del Dr. Vedat Tosun<\/h2>\n<p>La MedHair Clinic di Istanbul \u00e8 specializzata in tecniche minimamente invasive e delicate:<\/p>\n<h3>Metodo FUE<\/h3>\n<p>I follicoli piliferi estratti vengono prelevati dall\u2019area donatrice e conservati in una soluzione ricca di nutrienti fino all\u2019impianto, per preservarne la vitalit\u00e0.<\/p>\n<h3>Sapphire FUE<\/h3>\n<p>Si tratta di un\u2019evoluzione del metodo FUE, in cui le incisioni vengono eseguite con precisione utilizzando lame in zaffiro sintetico.<\/p>\n<h3>Tecnica DHI<\/h3>\n<p>Subito dopo il prelievo, i follicoli piliferi vengono impiantati nell\u2019area ricevente senza alcun ritardo.<\/p>\n<p>Il metodo utilizzato viene sempre determinato individualmente e adattato alle esigenze specifiche dei pazienti. Inoltre, avete la possibilit\u00e0 di far eseguire personalmente al Dr. Vedat Tosun l\u2019apertura dei canali.<\/p>\n<h2>Trattamento presso il rinomato Liv Hospital di Istanbul<\/h2>\n<p>Il Liv Hospital Istanbul \u00e8 uno dei principali ospedali privati della Turchia. Soddisfa i pi\u00f9 elevati standard medici e igienici, comparabili a quelli della Germania, ed \u00e8 certificato da prestigiosi accreditamenti come T\u00dcV S\u00dcD e JCI.<\/p>\n<p>I pazienti beneficiano dei pi\u00f9 alti standard di qualit\u00e0 e il rinomato ospedale consente di eseguire trapianti di capelli ai massimi livelli, dalle attrezzature all\u2019assistenza e al follow-up dopo l\u2019intervento.<\/p>\n<h2>Perch\u00e9 l\u2019esperienza medica \u00e8 decisiva<\/h2>\n<p>La competenza di un medico fa la differenza: a differenza del modello basato sul tecnico, il medico dirige personalmente la procedura, un aspetto decisivo per un\u2019attaccatura precisa e una <b>densit\u00e0 capillare ottimale<\/b>. Il Dr. Vedat Tosun supervisiona personalmente il controllo qualit\u00e0 e garantisce cos\u00ec un risultato naturale e duraturo.<\/p>\n<h2>Dr. Vedat Tosun e MedHair Clinic<\/h2>\n<p>Un team specializzato lavora fianco a fianco sotto la direzione medica del Dr. Tosun per offrire ai pazienti la <b>migliore assistenza possibile<\/b> prima, durante e dopo l\u2019operazione. In questo modo vengono garantite la massima sicurezza e precisione.<\/p>\n<h2>Conclusione<\/h2>\n<p>Grazie all\u2019esperienza del Dr. Vedat Tosun e all\u2019assistenza professionale del team MedHair, i pazienti beneficiano della massima sicurezza, di una qualit\u00e0 costantemente elevata e di un <b>risultato naturale.<\/b> Prenotate ora la vostra consulenza personale con il Dr. Vedat Tosun per discutere il vostro trapianto di capelli personalizzato.<\/p>\n\n\t\t<style type=\"text\/css\">\n\t\t\t#gallery-1 {\n\t\t\t\tmargin: auto;\n\t\t\t}\n\t\t\t#gallery-1 .gallery-item {\n\t\t\t\tfloat: left;\n\t\t\t\tmargin-top: 10px;\n\t\t\t\ttext-align: center;\n\t\t\t\twidth: 33%;\n\t\t\t}\n\t\t\t#gallery-1 img {\n\t\t\t\tborder: 2px solid #cfcfcf;\n\t\t\t}\n\t\t\t#gallery-1 .gallery-caption {\n\t\t\t\tmargin-left: 0;\n\t\t\t}\n\t\t\t\/* see gallery_shortcode() in wp-includes\/media.php *\/\n\t\t<\/style>\n\t\t<div id='gallery-1' class='gallery galleryid-8040 gallery-columns-3 gallery-size-medium'><dl class='gallery-item'>\n\t\t\t<dt class='gallery-icon landscape'>\n\t\t\t\t<a href='https:\/\/www.medhairclinic.eu\/wp-content\/uploads\/2026\/04\/medhair-clinic-glcklicher-patient-69cd09df1bb16.webp'><img loading=\"lazy\" decoding=\"async\" width=\"300\" height=\"200\" src=\"https:\/\/www.medhairclinic.eu\/wp-content\/uploads\/2026\/04\/medhair-clinic-glcklicher-patient-69cd09df1bb16-300x200.webp\" class=\"attachment-medium size-medium\" alt=\"\" srcset=\"https:\/\/www.medhairclinic.eu\/wp-content\/uploads\/2026\/04\/medhair-clinic-glcklicher-patient-69cd09df1bb16-300x200.webp 300w, https:\/\/www.medhairclinic.eu\/wp-content\/uploads\/2026\/04\/medhair-clinic-glcklicher-patient-69cd09df1bb16-1024x683.webp 1024w, https:\/\/www.medhairclinic.eu\/wp-content\/uploads\/2026\/04\/medhair-clinic-glcklicher-patient-69cd09df1bb16-768x512.webp 768w, https:\/\/www.medhairclinic.eu\/wp-content\/uploads\/2026\/04\/medhair-clinic-glcklicher-patient-69cd09df1bb16-1536x1025.webp 1536w, https:\/\/www.medhairclinic.eu\/wp-content\/uploads\/2026\/04\/medhair-clinic-glcklicher-patient-69cd09df1bb16-600x400.webp 600w, https:\/\/www.medhairclinic.eu\/wp-content\/uploads\/2026\/04\/medhair-clinic-glcklicher-patient-69cd09df1bb16-150x100.webp 150w, https:\/\/www.medhairclinic.eu\/wp-content\/uploads\/2026\/04\/medhair-clinic-glcklicher-patient-69cd09df1bb16.webp 2048w\" sizes=\"auto, (max-width: 300px) 100vw, 300px\" \/><\/a>\n\t\t\t<\/dt><\/dl><dl class='gallery-item'>\n\t\t\t<dt class='gallery-icon landscape'>\n\t\t\t\t<a href='https:\/\/www.medhairclinic.eu\/wp-content\/uploads\/2026\/04\/dr-verdat-tosun-haaranalyse-69cd09dc95370.webp'><img loading=\"lazy\" decoding=\"async\" width=\"300\" height=\"200\" src=\"https:\/\/www.medhairclinic.eu\/wp-content\/uploads\/2026\/04\/dr-verdat-tosun-haaranalyse-69cd09dc95370-300x200.webp\" class=\"attachment-medium size-medium\" alt=\"\" srcset=\"https:\/\/www.medhairclinic.eu\/wp-content\/uploads\/2026\/04\/dr-verdat-tosun-haaranalyse-69cd09dc95370-300x200.webp 300w, https:\/\/www.medhairclinic.eu\/wp-content\/uploads\/2026\/04\/dr-verdat-tosun-haaranalyse-69cd09dc95370-1024x683.webp 1024w, https:\/\/www.medhairclinic.eu\/wp-content\/uploads\/2026\/04\/dr-verdat-tosun-haaranalyse-69cd09dc95370-768x512.webp 768w, https:\/\/www.medhairclinic.eu\/wp-content\/uploads\/2026\/04\/dr-verdat-tosun-haaranalyse-69cd09dc95370-600x400.webp 600w, https:\/\/www.medhairclinic.eu\/wp-content\/uploads\/2026\/04\/dr-verdat-tosun-haaranalyse-69cd09dc95370-150x100.webp 150w, https:\/\/www.medhairclinic.eu\/wp-content\/uploads\/2026\/04\/dr-verdat-tosun-haaranalyse-69cd09dc95370.webp 1200w\" sizes=\"auto, (max-width: 300px) 100vw, 300px\" \/><\/a>\n\t\t\t<\/dt><\/dl><dl class='gallery-item'>\n\t\t\t<dt class='gallery-icon landscape'>\n\t\t\t\t<a href='https:\/\/www.medhairclinic.eu\/wp-content\/uploads\/2026\/04\/medhair-clinic-istanbul-patient-69cd09de3e92c.webp'><img loading=\"lazy\" decoding=\"async\" width=\"300\" height=\"200\" src=\"https:\/\/www.medhairclinic.eu\/wp-content\/uploads\/2026\/04\/medhair-clinic-istanbul-patient-69cd09de3e92c-300x200.webp\" class=\"attachment-medium size-medium\" alt=\"\" srcset=\"https:\/\/www.medhairclinic.eu\/wp-content\/uploads\/2026\/04\/medhair-clinic-istanbul-patient-69cd09de3e92c-300x200.webp 300w, https:\/\/www.medhairclinic.eu\/wp-content\/uploads\/2026\/04\/medhair-clinic-istanbul-patient-69cd09de3e92c-1024x683.webp 1024w, https:\/\/www.medhairclinic.eu\/wp-content\/uploads\/2026\/04\/medhair-clinic-istanbul-patient-69cd09de3e92c-768x512.webp 768w, https:\/\/www.medhairclinic.eu\/wp-content\/uploads\/2026\/04\/medhair-clinic-istanbul-patient-69cd09de3e92c-1536x1025.webp 1536w, https:\/\/www.medhairclinic.eu\/wp-content\/uploads\/2026\/04\/medhair-clinic-istanbul-patient-69cd09de3e92c-600x400.webp 600w, https:\/\/www.medhairclinic.eu\/wp-content\/uploads\/2026\/04\/medhair-clinic-istanbul-patient-69cd09de3e92c-150x100.webp 150w, https:\/\/www.medhairclinic.eu\/wp-content\/uploads\/2026\/04\/medhair-clinic-istanbul-patient-69cd09de3e92c.webp 2048w\" sizes=\"auto, (max-width: 300px) 100vw, 300px\" \/><\/a>\n\t\t\t<\/dt><\/dl><br style=\"clear: both\" \/><dl class='gallery-item'>\n\t\t\t<dt class='gallery-icon landscape'>\n\t\t\t\t<a href='https:\/\/www.medhairclinic.eu\/wp-content\/uploads\/2026\/04\/liv-hostpital-istanbul-69cd09e1eb44f.webp'><img loading=\"lazy\" decoding=\"async\" width=\"300\" height=\"200\" src=\"https:\/\/www.medhairclinic.eu\/wp-content\/uploads\/2026\/04\/liv-hostpital-istanbul-69cd09e1eb44f-300x200.webp\" class=\"attachment-medium size-medium\" alt=\"\" srcset=\"https:\/\/www.medhairclinic.eu\/wp-content\/uploads\/2026\/04\/liv-hostpital-istanbul-69cd09e1eb44f-300x200.webp 300w, https:\/\/www.medhairclinic.eu\/wp-content\/uploads\/2026\/04\/liv-hostpital-istanbul-69cd09e1eb44f-1024x683.webp 1024w, https:\/\/www.medhairclinic.eu\/wp-content\/uploads\/2026\/04\/liv-hostpital-istanbul-69cd09e1eb44f-768x512.webp 768w, https:\/\/www.medhairclinic.eu\/wp-content\/uploads\/2026\/04\/liv-hostpital-istanbul-69cd09e1eb44f-1536x1024.webp 1536w, https:\/\/www.medhairclinic.eu\/wp-content\/uploads\/2026\/04\/liv-hostpital-istanbul-69cd09e1eb44f-600x400.webp 600w, https:\/\/www.medhairclinic.eu\/wp-content\/uploads\/2026\/04\/liv-hostpital-istanbul-69cd09e1eb44f-150x100.webp 150w, https:\/\/www.medhairclinic.eu\/wp-content\/uploads\/2026\/04\/liv-hostpital-istanbul-69cd09e1eb44f.webp 1600w\" sizes=\"auto, (max-width: 300px) 100vw, 300px\" \/><\/a>\n\t\t\t<\/dt><\/dl><dl class='gallery-item'>\n\t\t\t<dt class='gallery-icon landscape'>\n\t\t\t\t<a href='https:\/\/www.medhairclinic.eu\/wp-content\/uploads\/2026\/04\/dr-tosun-mit-patient-69cd09e026803.webp'><img loading=\"lazy\" decoding=\"async\" width=\"300\" height=\"200\" src=\"https:\/\/www.medhairclinic.eu\/wp-content\/uploads\/2026\/04\/dr-tosun-mit-patient-69cd09e026803-300x200.webp\" class=\"attachment-medium size-medium\" alt=\"\" srcset=\"https:\/\/www.medhairclinic.eu\/wp-content\/uploads\/2026\/04\/dr-tosun-mit-patient-69cd09e026803-300x200.webp 300w, https:\/\/www.medhairclinic.eu\/wp-content\/uploads\/2026\/04\/dr-tosun-mit-patient-69cd09e026803-1024x683.webp 1024w, https:\/\/www.medhairclinic.eu\/wp-content\/uploads\/2026\/04\/dr-tosun-mit-patient-69cd09e026803-768x512.webp 768w, https:\/\/www.medhairclinic.eu\/wp-content\/uploads\/2026\/04\/dr-tosun-mit-patient-69cd09e026803-1536x1025.webp 1536w, https:\/\/www.medhairclinic.eu\/wp-content\/uploads\/2026\/04\/dr-tosun-mit-patient-69cd09e026803-600x400.webp 600w, https:\/\/www.medhairclinic.eu\/wp-content\/uploads\/2026\/04\/dr-tosun-mit-patient-69cd09e026803-150x100.webp 150w, https:\/\/www.medhairclinic.eu\/wp-content\/uploads\/2026\/04\/dr-tosun-mit-patient-69cd09e026803.webp 2048w\" sizes=\"auto, (max-width: 300px) 100vw, 300px\" \/><\/a>\n\t\t\t<\/dt><\/dl><dl class='gallery-item'>\n\t\t\t<dt class='gallery-icon landscape'>\n\t\t\t\t<a href='https:\/\/www.medhairclinic.eu\/wp-content\/uploads\/2026\/04\/medhair_2026-4.webp'><img loading=\"lazy\" decoding=\"async\" width=\"300\" height=\"200\" src=\"https:\/\/www.medhairclinic.eu\/wp-content\/uploads\/2026\/04\/medhair_2026-4-300x200.webp\" class=\"attachment-medium size-medium\" alt=\"\" srcset=\"https:\/\/www.medhairclinic.eu\/wp-content\/uploads\/2026\/04\/medhair_2026-4-300x200.webp 300w, https:\/\/www.medhairclinic.eu\/wp-content\/uploads\/2026\/04\/medhair_2026-4-1024x683.webp 1024w, https:\/\/www.medhairclinic.eu\/wp-content\/uploads\/2026\/04\/medhair_2026-4-768x512.webp 768w, https:\/\/www.medhairclinic.eu\/wp-content\/uploads\/2026\/04\/medhair_2026-4-1536x1025.webp 1536w, https:\/\/www.medhairclinic.eu\/wp-content\/uploads\/2026\/04\/medhair_2026-4-600x400.webp 600w, https:\/\/www.medhairclinic.eu\/wp-content\/uploads\/2026\/04\/medhair_2026-4-150x100.webp 150w, https:\/\/www.medhairclinic.eu\/wp-content\/uploads\/2026\/04\/medhair_2026-4.webp 2048w\" sizes=\"auto, (max-width: 300px) 100vw, 300px\" \/><\/a>\n\t\t\t<\/dt><\/dl><br style=\"clear: both\" \/>\n\t\t<\/div>\n\n","protected":false},"excerpt":{"rendered":"<p>Il choix du bon m\u00e9decin joue un r\u00f4le \u00e9norme si vous envisagez une greffe de cheveux. Il est pr\u00e9f\u00e9rable d\u2019examiner attentivement son exp\u00e9rience, ses qualifications et les avis des anciens patients. C\u2019est ainsi que vous vous assurez d\u2019\u00eatre entre de bonnes mains. Le Dr Vedat Tosun, par exemple, fait partie des meilleurs experts en trapianto [&hellip;]<\/p>\n","protected":false},"author":1,"featured_media":8041,"parent":0,"menu_order":0,"comment_status":"closed","ping_status":"closed","template":"","meta":{"footnotes":""},"class_list":["post-8040","page","type-page","status-publish","has-post-thumbnail","hentry"],"_links":{"self":[{"href":"https:\/\/www.medhairclinic.eu\/it\/wp-json\/wp\/v2\/pages\/8040","targetHints":{"allow":["GET"]}}],"collection":[{"href":"https:\/\/www.medhairclinic.eu\/it\/wp-json\/wp\/v2\/pages"}],"about":[{"href":"https:\/\/www.medhairclinic.eu\/it\/wp-json\/wp\/v2\/types\/page"}],"author":[{"embeddable":true,"href":"https:\/\/www.medhairclinic.eu\/it\/wp-json\/wp\/v2\/users\/1"}],"replies":[{"embeddable":true,"href":"https:\/\/www.medhairclinic.eu\/it\/wp-json\/wp\/v2\/comments?post=8040"}],"version-history":[{"count":5,"href":"https:\/\/www.medhairclinic.eu\/it\/wp-json\/wp\/v2\/pages\/8040\/revisions"}],"predecessor-version":[{"id":8139,"href":"https:\/\/www.medhairclinic.eu\/it\/wp-json\/wp\/v2\/pages\/8040\/revisions\/8139"}],"wp:featuredmedia":[{"embeddable":true,"href":"https:\/\/www.medhairclinic.eu\/it\/wp-json\/wp\/v2\/media\/8041"}],"wp:attachment":[{"href":"https:\/\/www.medhairclinic.eu\/it\/wp-json\/wp\/v2\/media?parent=8040"}],"curies":[{"name":"wp","href":"https:\/\/api.w.org\/{rel}","templated":true}]}}