{"id":6202,"date":"2024-07-12T13:42:11","date_gmt":"2024-07-12T10:42:11","guid":{"rendered":"https:\/\/medhairclinic.eu\/about-us\/"},"modified":"2026-04-01T10:20:04","modified_gmt":"2026-04-01T07:20:04","slug":"sobre-nos","status":"publish","type":"page","link":"https:\/\/www.medhairclinic.eu\/pt-pt\/sobre-nos\/","title":{"rendered":"Sobre n\u00f3s"},"content":{"rendered":"<div class=\"elementor-element elementor-element-09302a6 elementor-widget elementor-widget-text-editor\" data-id=\"09302a6\" data-element_type=\"widget\" data-e-type=\"widget\" data-widget_type=\"text-editor.default\">\n<h2>Cl\u00ednica MedHair: Transplante e Tratamentos Capilares com Mais de 15 Anos de Experi\u00eancia<\/h2>\n<div class=\"elementor-widget-container\">A Medhair Clinic, com a sua equipa de mais de 15 anos de experi\u00eancia, oferece os melhores servi\u00e7os no tratamento da queda de cabelo, especialmente no transplante capilar. A Medhair Clinic, que presta servi\u00e7os com a sua equipa de especialistas nas \u00e1reas de transplante de barba, transplante de sobrancelhas e transplante capilar, sempre teve como objetivo utilizar a tecnologia mais avan\u00e7ada, bem como um servi\u00e7o de sa\u00fade de qualidade e fi\u00e1vel em todos os tratamentos.<\/div>\n<\/div>\n<div class=\"elementor-element elementor-element-f8460f7 elementor-widget__width-inherit elementor-mobile-align-justify elementor-widget elementor-widget-button\" data-id=\"f8460f7\" data-element_type=\"widget\" data-e-type=\"widget\" data-widget_type=\"button.default\">\n<div class=\"elementor-widget-container\">\n<div class=\"elementor-button-wrapper\"><\/div>\n<\/div>\n<\/div>\n<p><iframe loading=\"lazy\" title=\"Reprodutor de v\u00eddeo do YouTube\" src=\"https:\/\/www.youtube.com\/embed\/yVB092qwUGM\" width=\"100%\" height=\"500\" frameborder=\"0\" allowfullscreen=\"allowfullscreen\"><\/iframe><\/p>\n<div class=\"elementor-element elementor-element-14a266c elementor-widget elementor-widget-heading\" data-id=\"14a266c\" data-element_type=\"widget\" data-e-type=\"widget\" data-widget_type=\"heading.default\">\n<div class=\"elementor-widget-container\">\n<h2 class=\"elementor-heading-title elementor-size-default\">Dr. Vedat Tosun \u2013 Especialista em transplante capilar reconhecido internacionalmente<\/h2>\n<\/div>\n<\/div>\n<div class=\"elementor-element elementor-element-39de5f4 elementor-widget elementor-widget-text-editor\" data-id=\"39de5f4\" data-element_type=\"widget\" data-e-type=\"widget\" data-widget_type=\"text-editor.default\">\n<div class=\"elementor-widget-container\">\n<p data-start=\"109\" data-end=\"490\">O Dr. Vedat Tosun, Doutor em Ci\u00eancias M\u00e9dicas, tem mais de 12 anos de experi\u00eancia na \u00e1rea do transplante capilar. Na nossa cl\u00ednica, ele j\u00e1 ajudou mais de 14.000 pacientes a recuperar uma cabeleira cheia. O Dr. Tosun \u00e9 reconhecido pela sua precis\u00e3o art\u00edstica e pelos resultados com aspeto natural. Com grande sensibilidade e t\u00e9cnica meticulosa, ele alcan\u00e7a consistentemente resultados excecionais.<\/p>\n<p data-start=\"492\" data-end=\"779\">O seu trabalho \u00e9 a sua paix\u00e3o:<br data-start=\"516\" data-end=\"519\" \/><em data-start=\"519\" data-end=\"763\">\u201cCom procedimentos pl\u00e1sticos e cir\u00fargicos, ajuda-se as pessoas tanto f\u00edsica como emocionalmente, restaurando a sua autoconfian\u00e7a. Eu fa\u00e7o as pessoas felizes, e \u00e9 por isso que amo o que fa\u00e7o. \u00c9 por isso que quero continuar a especializar-me em transplantes capilares\u201d<\/em>, afirma o Dr. Tosun.<\/p>\n<p data-start=\"781\" data-end=\"1208\">O Dr. Vedat Tosun \u00e9 apoiado por uma equipa de tr\u00eas dermatologistas. Cada membro da nossa equipa possui forma\u00e7\u00e3o universit\u00e1ria em \u00e1reas relevantes da sa\u00fade. O Dr. Tosun formou pessoalmente a sua equipa atrav\u00e9s de educa\u00e7\u00e3o extensiva e anos de experi\u00eancia pr\u00e1tica, garantindo que a nossa cl\u00ednica oferece continuamente servi\u00e7os de alta qualidade. Como resultado, toda a equipa est\u00e1 qualificada para realizar <strong data-start=\"1157\" data-end=\"1171\">todas as fases<\/strong> do processo de transplante capilar.<\/p>\n<div class=\"elementor-element elementor-element-2b3faa9 elementor-widget elementor-widget-heading\" data-id=\"2b3faa9\" data-element_type=\"widget\" data-e-type=\"widget\" data-widget_type=\"heading.default\">\n<div class=\"elementor-widget-container\">\n<h2 class=\"elementor-heading-title elementor-size-default\">Planos de tratamento totalmente personalizados<\/h2>\n<\/div>\n<\/div>\n<div class=\"elementor-element elementor-element-1300c33 elementor-widget elementor-widget-text-editor\" data-id=\"1300c33\" data-element_type=\"widget\" data-e-type=\"widget\" data-widget_type=\"text-editor.default\">\n<div class=\"elementor-widget-container\">\n<p data-start=\"106\" data-end=\"448\">Na MedHair, o processo come\u00e7a com uma <strong data-start=\"144\" data-end=\"180\">an\u00e1lise capilar online sem compromisso<\/strong>, atrav\u00e9s da qual os pacientes recebem uma oferta inicial. Isto permite-nos obter uma primeira impress\u00e3o da sua situa\u00e7\u00e3o capilar e preparar uma estimativa de custos. Fornecemos aconselhamento detalhado sobre os v\u00e1rios m\u00e9todos de transplante capilar e calculamos o n\u00famero estimado de enxertos necess\u00e1rios.<\/p>\n<p data-start=\"450\" data-end=\"757\">Assim que decidir avan\u00e7ar com um <strong data-start=\"484\" data-end=\"526\">transplante capilar na Turquia com a MedHair<\/strong>, tratamos de todas as reservas necess\u00e1rias como parte dos nossos <strong data-start=\"586\" data-end=\"612\">pacotes com tudo inclu\u00eddo<\/strong>. Quando chegar a Istambul, o nosso servi\u00e7o de transfer ir\u00e1 lev\u00e1-lo ao seu hotel de 4 ou 5 estrelas. No dia seguinte, ser\u00e1 levado \u00e0 cl\u00ednica.<\/p>\n<p data-start=\"759\" data-end=\"1066\">O Dr. Tosun planeia pessoalmente o tratamento com o seu conhecimento m\u00e9dico especializado e desenha a linha capilar proposta. Assim que o paciente estiver satisfeito com o plano, o procedimento pode come\u00e7ar. Ap\u00f3s a opera\u00e7\u00e3o, ser\u00e1 levado de volta ao hotel, convenientemente localizado para que possa desfrutar da bela cidade de Istambul.<\/p>\n<p data-start=\"1068\" data-end=\"1428\">No dia seguinte, realiza-se um controlo p\u00f3s-operat\u00f3rio e, depois disso, um dos nossos motoristas lev\u00e1-lo-\u00e1 ao aeroporto.<br data-start=\"1182\" data-end=\"1185\" \/><strong data-start=\"1185\" data-end=\"1234\">O apoio online continua mesmo ap\u00f3s a sua viagem<\/strong>, para que quaisquer preocupa\u00e7\u00f5es ou d\u00favidas possam ser esclarecidas.<br data-start=\"1282\" data-end=\"1285\" \/>Na MedHair, estamos comprometidos em apoi\u00e1-lo <strong data-start=\"1331\" data-end=\"1371\">muito depois de o procedimento estar conclu\u00eddo<\/strong>, e estamos sempre dispon\u00edveis para consultas de acompanhamento.<\/p>\n\n\t\t<style type=\"text\/css\">\n\t\t\t#gallery-1 {\n\t\t\t\tmargin: auto;\n\t\t\t}\n\t\t\t#gallery-1 .gallery-item {\n\t\t\t\tfloat: left;\n\t\t\t\tmargin-top: 10px;\n\t\t\t\ttext-align: center;\n\t\t\t\twidth: 33%;\n\t\t\t}\n\t\t\t#gallery-1 img {\n\t\t\t\tborder: 2px solid #cfcfcf;\n\t\t\t}\n\t\t\t#gallery-1 .gallery-caption {\n\t\t\t\tmargin-left: 0;\n\t\t\t}\n\t\t\t\/* see gallery_shortcode() in wp-includes\/media.php *\/\n\t\t<\/style>\n\t\t<div id='gallery-1' class='gallery galleryid-6202 gallery-columns-3 gallery-size-thumbnail'><dl class='gallery-item'>\n\t\t\t<dt class='gallery-icon landscape'>\n\t\t\t\t<a href='https:\/\/www.medhairclinic.eu\/pt-pt\/sobre-nos\/medhair-hair-analysis_2026-150x150\/'><img loading=\"lazy\" decoding=\"async\" width=\"150\" height=\"150\" src=\"https:\/\/www.medhairclinic.eu\/wp-content\/uploads\/2026\/04\/MedHair-Hair-analysis_2026-150x150-3.webp\" class=\"attachment-thumbnail size-thumbnail\" alt=\"\" \/><\/a>\n\t\t\t<\/dt><\/dl><dl class='gallery-item'>\n\t\t\t<dt class='gallery-icon landscape'>\n\t\t\t\t<a href='https:\/\/www.medhairclinic.eu\/pt-pt\/sobre-nos\/dr-tosun-with-happy-patient_2026-150x150\/'><img loading=\"lazy\" decoding=\"async\" width=\"150\" height=\"150\" src=\"https:\/\/www.medhairclinic.eu\/wp-content\/uploads\/2026\/04\/Dr.-Tosun-with-happy-patient_2026-150x150-3.webp\" class=\"attachment-thumbnail size-thumbnail\" alt=\"\" \/><\/a>\n\t\t\t<\/dt><\/dl><dl class='gallery-item'>\n\t\t\t<dt class='gallery-icon landscape'>\n\t\t\t\t<a href='https:\/\/www.medhairclinic.eu\/pt-pt\/sobre-nos\/dr-verdat-tosun-hair-analysis_2026-150x150\/'><img loading=\"lazy\" decoding=\"async\" width=\"150\" height=\"150\" src=\"https:\/\/www.medhairclinic.eu\/wp-content\/uploads\/2026\/04\/Dr.-Verdat-Tosun-Hair-analysis_2026-150x150-3.webp\" class=\"attachment-thumbnail size-thumbnail\" alt=\"\" \/><\/a>\n\t\t\t<\/dt><\/dl><br style=\"clear: both\" \/><dl class='gallery-item'>\n\t\t\t<dt class='gallery-icon landscape'>\n\t\t\t\t<a href='https:\/\/www.medhairclinic.eu\/pt-pt\/sobre-nos\/liv-hospital-lobby_2026-150x150\/'><img loading=\"lazy\" decoding=\"async\" width=\"150\" height=\"150\" src=\"https:\/\/www.medhairclinic.eu\/wp-content\/uploads\/2026\/04\/LIV-Hospital-lobby_2026-150x150-3.webp\" class=\"attachment-thumbnail size-thumbnail\" alt=\"\" \/><\/a>\n\t\t\t<\/dt><\/dl><dl class='gallery-item'>\n\t\t\t<dt class='gallery-icon landscape'>\n\t\t\t\t<a href='https:\/\/www.medhairclinic.eu\/pt-pt\/sobre-nos\/liv-hostpital-istanbul_2026-150x150\/'><img loading=\"lazy\" decoding=\"async\" width=\"150\" height=\"150\" src=\"https:\/\/www.medhairclinic.eu\/wp-content\/uploads\/2026\/04\/Liv-Hostpital-Istanbul_2026-150x150-3.webp\" class=\"attachment-thumbnail size-thumbnail\" alt=\"\" \/><\/a>\n\t\t\t<\/dt><\/dl><dl class='gallery-item'>\n\t\t\t<dt class='gallery-icon landscape'>\n\t\t\t\t<a href='https:\/\/www.medhairclinic.eu\/pt-pt\/sobre-nos\/medhair-clinic-happy-patient_2026-150x150\/'><img loading=\"lazy\" decoding=\"async\" width=\"150\" height=\"150\" src=\"https:\/\/www.medhairclinic.eu\/wp-content\/uploads\/2026\/04\/MedHair-Clinic-happy-patient_2026-150x150-3.webp\" class=\"attachment-thumbnail size-thumbnail\" alt=\"\" \/><\/a>\n\t\t\t<\/dt><\/dl><br style=\"clear: both\" \/>\n\t\t<\/div>\n\n<h2 class=\"elementor-heading-title elementor-size-default\">MedHair &#8211; Reconhecida internacionalmente e destacada nos meios de comunica\u00e7\u00e3o europeus<\/h2>\n<\/div>\n<\/div>\n<p data-start=\"396\" data-end=\"861\">A MedHair Clinic conquistou reconhecimento internacional e foi destacada em duas grandes s\u00e9ries documentais europeias. As emissoras l\u00edderes <strong data-start=\"533\" data-end=\"541\">Arte<\/strong> e <strong data-start=\"546\" data-end=\"557\">Galileo<\/strong> (Alemanha) produziram reportagens aprofundadas sobre transplantes capilares na MedHair, na Turquia. Os document\u00e1rios destacaram as <strong data-start=\"679\" data-end=\"700\">instala\u00e7\u00f5es modernas<\/strong>, os <strong data-start=\"702\" data-end=\"730\">alojamentos luxuosos<\/strong>, os <strong data-start=\"732\" data-end=\"747\">cuidados especializados<\/strong> e os <strong data-start=\"753\" data-end=\"775\">resultados not\u00e1veis<\/strong> da cl\u00ednica. Importa destacar que <strong data-start=\"786\" data-end=\"836\">95% dos pacientes n\u00e3o necessitam de qualquer tratamento de acompanhamento<\/strong> nos seus pa\u00edses de origem.<\/p>\n<p data-start=\"863\" data-end=\"944\">Um paciente, <strong data-start=\"876\" data-end=\"886\">Dennis<\/strong>, partilhou a sua experi\u00eancia seis meses ap\u00f3s o transplante:<\/p>\n<blockquote data-start=\"945\" data-end=\"1161\">\n<p data-start=\"947\" data-end=\"1161\"><em data-start=\"947\" data-end=\"1096\">\u201cAs \u00e1reas recuadas desapareceram completamente e tudo cicatrizou perfeitamente. O meu cabelo voltou a parecer cheio. Sinto-me mais jovem e, sinceramente, mais atraente.\u201d<\/em><br data-start=\"1096\" data-end=\"1099\" \/>Ele j\u00e1 est\u00e1 a planear uma segunda visita para tratar a \u00e1rea da coroa.<\/p>\n<\/blockquote>\n<p data-start=\"1163\" data-end=\"1416\">Outro paciente, <strong data-start=\"1180\" data-end=\"1189\">Felix<\/strong>, viu progresso vis\u00edvel apenas <strong data-start=\"1217\" data-end=\"1238\">oito semanas ap\u00f3s<\/strong> o procedimento \u2014 o cabelo transplantado j\u00e1 tinha crescido cerca de um cent\u00edmetro. Felix afirma que os resultados superaram amplamente as suas expectativas e deram-lhe um <strong data-start=\"1383\" data-end=\"1415\">grande impulso de autoconfian\u00e7a<\/strong>.<\/p>\n<h2 class=\"elementor-heading-title elementor-size-default\">Localiza\u00e7\u00e3o privilegiada dentro do Liv Hospital Vadistanbul<\/h2>\n<\/div>\n<\/div>\n<p data-start=\"180\" data-end=\"487\">A nossa cl\u00ednica de transplante capilar est\u00e1 localizada dentro do prestigiado <strong data-start=\"241\" data-end=\"269\">Liv Hospital Vadistanbul<\/strong>, um dos hospitais privados mais bem avaliados da Turquia. O hospital \u00e9 certificado tanto pela <strong data-start=\"355\" data-end=\"366\">T\u00dcV S\u00dcD<\/strong> como pela <strong data-start=\"375\" data-end=\"415\">Joint Commission International (JCI)<\/strong>, garantindo os <strong data-start=\"430\" data-end=\"486\">mais elevados padr\u00f5es de cuidados m\u00e9dicos e seguran\u00e7a do paciente<\/strong>.<\/p>\n<p data-start=\"489\" data-end=\"782\">A cl\u00ednica oferece um n\u00edvel de qualidade compar\u00e1vel aos principais hospitais da Alemanha e de outros pa\u00edses. Pode ter a certeza de que est\u00e1 <strong data-start=\"616\" data-end=\"643\">nas melhores m\u00e3os poss\u00edveis<\/strong>. O seu conforto e a sua seguran\u00e7a s\u00e3o as nossas maiores prioridades \u2014 e \u00e9 exatamente por isso que escolhemos o <strong data-start=\"730\" data-end=\"758\">Liv Hospital Vadistanbul<\/strong> como sede da MedHair.<\/p>\n","protected":false},"excerpt":{"rendered":"<p>Cl\u00ednica MedHair: Transplante e Tratamentos Capilares com Mais de 15 Anos de Experi\u00eancia A Medhair Clinic, com a sua equipa de mais de 15 anos de experi\u00eancia, oferece os melhores servi\u00e7os no tratamento da queda de cabelo, especialmente no transplante capilar. A Medhair Clinic, que presta servi\u00e7os com a sua equipa de especialistas nas \u00e1reas [&hellip;]<\/p>\n","protected":false},"author":1,"featured_media":6204,"parent":0,"menu_order":0,"comment_status":"closed","ping_status":"closed","template":"","meta":{"footnotes":""},"class_list":["post-6202","page","type-page","status-publish","has-post-thumbnail","hentry"],"_links":{"self":[{"href":"https:\/\/www.medhairclinic.eu\/pt-pt\/wp-json\/wp\/v2\/pages\/6202","targetHints":{"allow":["GET"]}}],"collection":[{"href":"https:\/\/www.medhairclinic.eu\/pt-pt\/wp-json\/wp\/v2\/pages"}],"about":[{"href":"https:\/\/www.medhairclinic.eu\/pt-pt\/wp-json\/wp\/v2\/types\/page"}],"author":[{"embeddable":true,"href":"https:\/\/www.medhairclinic.eu\/pt-pt\/wp-json\/wp\/v2\/users\/1"}],"replies":[{"embeddable":true,"href":"https:\/\/www.medhairclinic.eu\/pt-pt\/wp-json\/wp\/v2\/comments?post=6202"}],"version-history":[{"count":6,"href":"https:\/\/www.medhairclinic.eu\/pt-pt\/wp-json\/wp\/v2\/pages\/6202\/revisions"}],"predecessor-version":[{"id":6398,"href":"https:\/\/www.medhairclinic.eu\/pt-pt\/wp-json\/wp\/v2\/pages\/6202\/revisions\/6398"}],"wp:featuredmedia":[{"embeddable":true,"href":"https:\/\/www.medhairclinic.eu\/pt-pt\/wp-json\/wp\/v2\/media\/6204"}],"wp:attachment":[{"href":"https:\/\/www.medhairclinic.eu\/pt-pt\/wp-json\/wp\/v2\/media?parent=6202"}],"curies":[{"name":"wp","href":"https:\/\/api.w.org\/{rel}","templated":true}]}}