{"id":8051,"date":"2026-04-01T15:05:29","date_gmt":"2026-04-01T12:05:29","guid":{"rendered":"https:\/\/medhairclinic.eu\/dr-vedat-tosun\/"},"modified":"2026-04-02T15:32:01","modified_gmt":"2026-04-02T12:32:01","slug":"dr-vedat-tosun","status":"publish","type":"page","link":"https:\/\/www.medhairclinic.eu\/pt-pt\/dr-vedat-tosun\/","title":{"rendered":"Dr. Vedat Tosun &#8211; O seu especialista em transplante capilar"},"content":{"rendered":"<p>A escolha do m\u00e9dico certo desempenha um papel enorme quando est\u00e1 a planear um transplante capilar. O ideal \u00e9 analisar com aten\u00e7\u00e3o a experi\u00eancia, as <b>qualifica\u00e7\u00f5es<\/b> e as avalia\u00e7\u00f5es de pacientes anteriores. Assim, garante que est\u00e1 em boas m\u00e3os.<\/p>\n<p>O Dr. Vedat Tosun, por exemplo, \u00e9 considerado um dos principais especialistas em <a href=\"https:\/\/medhairclinic.eu\/pt-pt\/\"><b>transplante capilar na Turquia<\/b><\/a>. Foi cofundador da prestigiada MedHair Clinic em 2011 e dirige-a desde ent\u00e3o. Tem j\u00e1 mais de 14 000 procedimentos bem-sucedidos realizados, o que fala por si. Trabalha na \u00e1rea do transplante capilar h\u00e1 mais de 12 anos.<\/p>\n<p>Forma continuamente a sua equipa experiente, utilizando os seus <b>vastos conhecimentos especializados<\/b>, para que os colaboradores possam realizar transplantes capilares de forma aut\u00f3noma, mas sempre sob a supervis\u00e3o do Dr. Vedat Tosun.<\/p>\n<h2>Dr. Vedat Tosun \u2013 experi\u00eancia m\u00e9dica e percurso<\/h2>\n<p><center><iframe loading=\"lazy\" title=\"Transplante Capilar na Turquia - Dr. Vedat Tosun\" src=\"https:\/\/www.youtube.com\/embed\/N0Vc_VXVEzM\" width=\"951\" height=\"535\" frameborder=\"0\" allowfullscreen=\"allowfullscreen\"><\/iframe><\/center>O Dr. Tosun \u00e9 um m\u00e9dico apaixonado h\u00e1 mais de 16 anos e possui uma vasta experi\u00eancia no setor m\u00e9dico. A sua forma\u00e7\u00e3o \u00e9 impressionante e conta com as seguintes acredita\u00e7\u00f5es:<\/p>\n<h3>Forma\u00e7\u00e3o<\/h3>\n<ul>\n<li><b>2017<\/b> \u2013 Terceiro Workshop Akdeniz FUE, Ant\u00e1lia, Turquia<\/li>\n<li><b>2014<\/b> \u2013 Quarto Dia Internacional de Cirurgia Dermatol\u00f3gica, Istambul, Turquia<\/li>\n<li><b>2013\u20132015<\/b> \u2013 Faculdade de Ci\u00eancias da Sa\u00fade, Universidade Medipol (Faculdade de Medicina), Istambul, Turquia<\/li>\n<li><b>2010<\/b> \u2013 Forma\u00e7\u00e3o em Dermocosmetologia, Universidade Medipol, Istambul, Turquia<\/li>\n<li><b>2004\u20132011<\/b> \u2013 Curso de Medicina, Faculdade de Medicina da Universidade de Baku, Baku, Azerbaij\u00e3o<\/li>\n<\/ul>\n<h3>Experi\u00eancia Profissional<\/h3>\n<ul>\n<li><b>Desde 2016<\/b> \u2013 Especialista em Transplante Capilar, MedHair Clinic, Istambul, Turquia<\/li>\n<li><b>Desde 2014<\/b> \u2013 Especialista em Transplante Capilar, ISU LIV Bah\u00e7e\u015fehir Hospital, Istambul, Turquia<\/li>\n<li><b>2015\u20132016<\/b> \u2013 Coordenador de Transplante Capilar, Hospital Florence Nightingale da Universidade de Istambul, Istambul, Turquia<\/li>\n<li><b>2011\u20132015<\/b> \u2013 Coordenador de Transplante Capilar, Apex Medical Center, Istambul, Turquia<\/li>\n<li><b>2008\u20132011<\/b> \u2013 Coordenador de Transplante Capilar, Hospital Alem\u00e3o (Alman Hastanesi), Istambul, Turquia<\/li>\n<\/ul>\n<p>Com a sua longa experi\u00eancia na \u00e1rea do transplante capilar aut\u00f3logo, conquistou um nome de destaque no setor. Trata numerosos pacientes internacionais e locais no prestigiado Liv Hospital, em Istambul, um dos principais hospitais privados da Turquia.<\/p>\n<h2>Dr. Vedat Tosun \u2013 abordagem terap\u00eautica e filosofia<\/h2>\n<p>O Dr. Vedat Tosun atribui grande import\u00e2ncia \u00e0 consulta e ao planeamento individualizados. Aconselha os seus pacientes internacionais por videochamada e planeia com eles o tratamento e o m\u00e9todo. Define individualmente o <b>n\u00famero de enxertos<\/b> e o m\u00e9todo de tratamento para cada paciente.<\/p>\n<p><em>\u201c\u00c9 importante para mim que cada paciente regresse a casa com um resultado natural e est\u00e9tico, sem compromissos\u201d<\/em>, afirma o Dr. Tosun. O planeamento individual garante <b>linhas capilares naturais<\/b> e resultados est\u00e9ticos. Gra\u00e7as \u00e0s t\u00e9cnicas minimamente invasivas, a \u00e1rea dadora \u00e9 preservada e a forma\u00e7\u00e3o de cicatrizes \u00e9 m\u00ednima.<\/p>\n<p>Ap\u00f3s um tratamento bem-sucedido, os pacientes recebem normalmente documentos que confirmam os detalhes do procedimento, o n\u00famero de enxertos transplantados e uma <b>garantia de 30 anos<\/b>. O Dr. Vedat e a sua equipa acompanham os pacientes desde a primeira consulta at\u00e9 muito tempo depois do procedimento, porque os cuidados p\u00f3s-operat\u00f3rios adequados s\u00e3o t\u00e3o importantes como o pr\u00f3prio tratamento.<\/p>\n<p>Ap\u00f3s o transplante capilar, pode ainda ser aplicado um <b>tratamento com exossomas<\/b> (terapia com c\u00e9lulas estaminais). Este tratamento apoia a cicatriza\u00e7\u00e3o natural do couro cabeludo e favorece um crescimento uniforme e forte do cabelo transplantado. Al\u00e9m disso, pode influenciar positivamente a estrutura e a densidade capilar. Os exossomas promovem o processo de crescimento capilar ao ativarem os fol\u00edculos pilosos adormecidos e ao fornecerem-lhes, de forma direcionada, fatores de crescimento essenciais e prote\u00ednas de sinaliza\u00e7\u00e3o. Desta forma, os processos regenerativos podem ser apoiados e as condi\u00e7\u00f5es para um crescimento capilar saud\u00e1vel podem ser melhoradas.<\/p>\n<h2>Os m\u00e9todos de transplante capilar mais avan\u00e7ados do Dr. Vedat Tosun<\/h2>\n<p>A MedHair Clinic, em Istambul, \u00e9 especializada em t\u00e9cnicas minimamente invasivas e delicadas:<\/p>\n<h3>M\u00e9todo FUE<\/h3>\n<p>Os fol\u00edculos capilares extra\u00eddos s\u00e3o retirados da \u00e1rea dadora e mantidos numa solu\u00e7\u00e3o rica em nutrientes at\u00e9 \u00e0 implanta\u00e7\u00e3o, para preservar a sua vitalidade.<\/p>\n<h3>Sapphire FUE<\/h3>\n<p>Trata-se de um desenvolvimento do m\u00e9todo FUE, no qual as incis\u00f5es s\u00e3o feitas com precis\u00e3o utilizando l\u00e2minas de safira sint\u00e9tica.<\/p>\n<h3>T\u00e9cnica DHI<\/h3>\n<p>Imediatamente ap\u00f3s a extra\u00e7\u00e3o, os fol\u00edculos capilares s\u00e3o implantados na \u00e1rea recetora sem demora.<\/p>\n<p>O m\u00e9todo utilizado \u00e9 sempre determinado individualmente e adaptado \u00e0s necessidades espec\u00edficas dos pacientes. Tem tamb\u00e9m a possibilidade de solicitar que a abertura dos canais seja realizada pessoalmente pelo Dr. Vedat Tosun.<\/p>\n<h2>Tratamento no prestigiado Liv Hospital, em Istambul<\/h2>\n<p>O Liv Hospital Istanbul \u00e9 um dos principais hospitais privados da Turquia. Cumpre os mais elevados padr\u00f5es m\u00e9dicos e requisitos de higiene, compar\u00e1veis aos da Alemanha, e est\u00e1 certificado por acredita\u00e7\u00f5es prestigiadas como a T\u00dcV S\u00dcD e a JCI.<\/p>\n<p>Os pacientes beneficiam dos mais elevados padr\u00f5es de qualidade, e este prestigiado hospital permite realizar transplantes capilares ao mais alto n\u00edvel, desde o equipamento at\u00e9 aos cuidados e ao acompanhamento ap\u00f3s o procedimento.<\/p>\n<h2>Porque \u00e9 que a experi\u00eancia m\u00e9dica \u00e9 decisiva<\/h2>\n<p>A compet\u00eancia de um m\u00e9dico faz a diferen\u00e7a: ao contr\u00e1rio do modelo t\u00e9cnico, \u00e9 o m\u00e9dico que orienta pessoalmente o procedimento, o que \u00e9 decisivo para uma linha capilar precisa e uma <b>densidade capilar ideal<\/b>. O Dr. Vedat Tosun supervisiona pessoalmente o controlo de qualidade e garante, assim, um resultado natural e duradouro.<\/p>\n<h2>Dr. Vedat Tosun e MedHair Clinic<\/h2>\n<p>Uma equipa especializada trabalha lado a lado sob a dire\u00e7\u00e3o m\u00e9dica do Dr. Tosun para proporcionar aos pacientes os <b>melhores cuidados poss\u00edveis<\/b> antes, durante e ap\u00f3s a opera\u00e7\u00e3o. Desta forma, s\u00e3o garantidas a m\u00e1xima seguran\u00e7a e precis\u00e3o.<\/p>\n<h2>Conclus\u00e3o<\/h2>\n<p>Gra\u00e7as \u00e0 experi\u00eancia do Dr. Vedat Tosun e aos cuidados profissionais da equipa da MedHair, os pacientes beneficiam de m\u00e1xima seguran\u00e7a, qualidade consistentemente elevada e um <b>resultado natural.<\/b> Marque j\u00e1 a sua consulta pessoal com o Dr. Vedat Tosun para discutir o seu transplante capilar individual.<\/p>\n\n\t\t<style type=\"text\/css\">\n\t\t\t#gallery-1 {\n\t\t\t\tmargin: auto;\n\t\t\t}\n\t\t\t#gallery-1 .gallery-item {\n\t\t\t\tfloat: left;\n\t\t\t\tmargin-top: 10px;\n\t\t\t\ttext-align: center;\n\t\t\t\twidth: 33%;\n\t\t\t}\n\t\t\t#gallery-1 img {\n\t\t\t\tborder: 2px solid #cfcfcf;\n\t\t\t}\n\t\t\t#gallery-1 .gallery-caption {\n\t\t\t\tmargin-left: 0;\n\t\t\t}\n\t\t\t\/* see gallery_shortcode() in wp-includes\/media.php *\/\n\t\t<\/style>\n\t\t<div id='gallery-1' class='gallery galleryid-8051 gallery-columns-3 gallery-size-medium'><dl class='gallery-item'>\n\t\t\t<dt class='gallery-icon landscape'>\n\t\t\t\t<a href='https:\/\/www.medhairclinic.eu\/wp-content\/uploads\/2026\/04\/medhair-clinic-glcklicher-patient-69cd09df1bb16.webp'><img loading=\"lazy\" decoding=\"async\" width=\"300\" height=\"200\" src=\"https:\/\/www.medhairclinic.eu\/wp-content\/uploads\/2026\/04\/medhair-clinic-glcklicher-patient-69cd09df1bb16-300x200.webp\" class=\"attachment-medium size-medium\" alt=\"\" srcset=\"https:\/\/www.medhairclinic.eu\/wp-content\/uploads\/2026\/04\/medhair-clinic-glcklicher-patient-69cd09df1bb16-300x200.webp 300w, https:\/\/www.medhairclinic.eu\/wp-content\/uploads\/2026\/04\/medhair-clinic-glcklicher-patient-69cd09df1bb16-1024x683.webp 1024w, https:\/\/www.medhairclinic.eu\/wp-content\/uploads\/2026\/04\/medhair-clinic-glcklicher-patient-69cd09df1bb16-768x512.webp 768w, https:\/\/www.medhairclinic.eu\/wp-content\/uploads\/2026\/04\/medhair-clinic-glcklicher-patient-69cd09df1bb16-1536x1025.webp 1536w, https:\/\/www.medhairclinic.eu\/wp-content\/uploads\/2026\/04\/medhair-clinic-glcklicher-patient-69cd09df1bb16-600x400.webp 600w, https:\/\/www.medhairclinic.eu\/wp-content\/uploads\/2026\/04\/medhair-clinic-glcklicher-patient-69cd09df1bb16-150x100.webp 150w, https:\/\/www.medhairclinic.eu\/wp-content\/uploads\/2026\/04\/medhair-clinic-glcklicher-patient-69cd09df1bb16.webp 2048w\" sizes=\"auto, (max-width: 300px) 100vw, 300px\" \/><\/a>\n\t\t\t<\/dt><\/dl><dl class='gallery-item'>\n\t\t\t<dt class='gallery-icon landscape'>\n\t\t\t\t<a href='https:\/\/www.medhairclinic.eu\/wp-content\/uploads\/2026\/04\/dr-verdat-tosun-haaranalyse-69cd09dc95370.webp'><img loading=\"lazy\" decoding=\"async\" width=\"300\" height=\"200\" src=\"https:\/\/www.medhairclinic.eu\/wp-content\/uploads\/2026\/04\/dr-verdat-tosun-haaranalyse-69cd09dc95370-300x200.webp\" class=\"attachment-medium size-medium\" alt=\"\" srcset=\"https:\/\/www.medhairclinic.eu\/wp-content\/uploads\/2026\/04\/dr-verdat-tosun-haaranalyse-69cd09dc95370-300x200.webp 300w, https:\/\/www.medhairclinic.eu\/wp-content\/uploads\/2026\/04\/dr-verdat-tosun-haaranalyse-69cd09dc95370-1024x683.webp 1024w, https:\/\/www.medhairclinic.eu\/wp-content\/uploads\/2026\/04\/dr-verdat-tosun-haaranalyse-69cd09dc95370-768x512.webp 768w, https:\/\/www.medhairclinic.eu\/wp-content\/uploads\/2026\/04\/dr-verdat-tosun-haaranalyse-69cd09dc95370-600x400.webp 600w, https:\/\/www.medhairclinic.eu\/wp-content\/uploads\/2026\/04\/dr-verdat-tosun-haaranalyse-69cd09dc95370-150x100.webp 150w, https:\/\/www.medhairclinic.eu\/wp-content\/uploads\/2026\/04\/dr-verdat-tosun-haaranalyse-69cd09dc95370.webp 1200w\" sizes=\"auto, (max-width: 300px) 100vw, 300px\" \/><\/a>\n\t\t\t<\/dt><\/dl><dl class='gallery-item'>\n\t\t\t<dt class='gallery-icon landscape'>\n\t\t\t\t<a href='https:\/\/www.medhairclinic.eu\/wp-content\/uploads\/2026\/04\/medhair-clinic-istanbul-patient-69cd09de3e92c.webp'><img loading=\"lazy\" decoding=\"async\" width=\"300\" height=\"200\" src=\"https:\/\/www.medhairclinic.eu\/wp-content\/uploads\/2026\/04\/medhair-clinic-istanbul-patient-69cd09de3e92c-300x200.webp\" class=\"attachment-medium size-medium\" alt=\"\" srcset=\"https:\/\/www.medhairclinic.eu\/wp-content\/uploads\/2026\/04\/medhair-clinic-istanbul-patient-69cd09de3e92c-300x200.webp 300w, https:\/\/www.medhairclinic.eu\/wp-content\/uploads\/2026\/04\/medhair-clinic-istanbul-patient-69cd09de3e92c-1024x683.webp 1024w, https:\/\/www.medhairclinic.eu\/wp-content\/uploads\/2026\/04\/medhair-clinic-istanbul-patient-69cd09de3e92c-768x512.webp 768w, https:\/\/www.medhairclinic.eu\/wp-content\/uploads\/2026\/04\/medhair-clinic-istanbul-patient-69cd09de3e92c-1536x1025.webp 1536w, https:\/\/www.medhairclinic.eu\/wp-content\/uploads\/2026\/04\/medhair-clinic-istanbul-patient-69cd09de3e92c-600x400.webp 600w, https:\/\/www.medhairclinic.eu\/wp-content\/uploads\/2026\/04\/medhair-clinic-istanbul-patient-69cd09de3e92c-150x100.webp 150w, https:\/\/www.medhairclinic.eu\/wp-content\/uploads\/2026\/04\/medhair-clinic-istanbul-patient-69cd09de3e92c.webp 2048w\" sizes=\"auto, (max-width: 300px) 100vw, 300px\" \/><\/a>\n\t\t\t<\/dt><\/dl><br style=\"clear: both\" \/><dl class='gallery-item'>\n\t\t\t<dt class='gallery-icon landscape'>\n\t\t\t\t<a href='https:\/\/www.medhairclinic.eu\/wp-content\/uploads\/2026\/04\/liv-hostpital-istanbul-69cd09e1eb44f.webp'><img loading=\"lazy\" decoding=\"async\" width=\"300\" height=\"200\" src=\"https:\/\/www.medhairclinic.eu\/wp-content\/uploads\/2026\/04\/liv-hostpital-istanbul-69cd09e1eb44f-300x200.webp\" class=\"attachment-medium size-medium\" alt=\"\" srcset=\"https:\/\/www.medhairclinic.eu\/wp-content\/uploads\/2026\/04\/liv-hostpital-istanbul-69cd09e1eb44f-300x200.webp 300w, https:\/\/www.medhairclinic.eu\/wp-content\/uploads\/2026\/04\/liv-hostpital-istanbul-69cd09e1eb44f-1024x683.webp 1024w, https:\/\/www.medhairclinic.eu\/wp-content\/uploads\/2026\/04\/liv-hostpital-istanbul-69cd09e1eb44f-768x512.webp 768w, https:\/\/www.medhairclinic.eu\/wp-content\/uploads\/2026\/04\/liv-hostpital-istanbul-69cd09e1eb44f-1536x1024.webp 1536w, https:\/\/www.medhairclinic.eu\/wp-content\/uploads\/2026\/04\/liv-hostpital-istanbul-69cd09e1eb44f-600x400.webp 600w, https:\/\/www.medhairclinic.eu\/wp-content\/uploads\/2026\/04\/liv-hostpital-istanbul-69cd09e1eb44f-150x100.webp 150w, https:\/\/www.medhairclinic.eu\/wp-content\/uploads\/2026\/04\/liv-hostpital-istanbul-69cd09e1eb44f.webp 1600w\" sizes=\"auto, (max-width: 300px) 100vw, 300px\" \/><\/a>\n\t\t\t<\/dt><\/dl><dl class='gallery-item'>\n\t\t\t<dt class='gallery-icon landscape'>\n\t\t\t\t<a href='https:\/\/www.medhairclinic.eu\/wp-content\/uploads\/2026\/04\/dr-tosun-mit-patient-69cd09e026803.webp'><img loading=\"lazy\" decoding=\"async\" width=\"300\" height=\"200\" src=\"https:\/\/www.medhairclinic.eu\/wp-content\/uploads\/2026\/04\/dr-tosun-mit-patient-69cd09e026803-300x200.webp\" class=\"attachment-medium size-medium\" alt=\"\" srcset=\"https:\/\/www.medhairclinic.eu\/wp-content\/uploads\/2026\/04\/dr-tosun-mit-patient-69cd09e026803-300x200.webp 300w, https:\/\/www.medhairclinic.eu\/wp-content\/uploads\/2026\/04\/dr-tosun-mit-patient-69cd09e026803-1024x683.webp 1024w, https:\/\/www.medhairclinic.eu\/wp-content\/uploads\/2026\/04\/dr-tosun-mit-patient-69cd09e026803-768x512.webp 768w, https:\/\/www.medhairclinic.eu\/wp-content\/uploads\/2026\/04\/dr-tosun-mit-patient-69cd09e026803-1536x1025.webp 1536w, https:\/\/www.medhairclinic.eu\/wp-content\/uploads\/2026\/04\/dr-tosun-mit-patient-69cd09e026803-600x400.webp 600w, https:\/\/www.medhairclinic.eu\/wp-content\/uploads\/2026\/04\/dr-tosun-mit-patient-69cd09e026803-150x100.webp 150w, https:\/\/www.medhairclinic.eu\/wp-content\/uploads\/2026\/04\/dr-tosun-mit-patient-69cd09e026803.webp 2048w\" sizes=\"auto, (max-width: 300px) 100vw, 300px\" \/><\/a>\n\t\t\t<\/dt><\/dl><dl class='gallery-item'>\n\t\t\t<dt class='gallery-icon landscape'>\n\t\t\t\t<a href='https:\/\/www.medhairclinic.eu\/wp-content\/uploads\/2026\/04\/medhair_2026-5.webp'><img loading=\"lazy\" decoding=\"async\" width=\"300\" height=\"200\" src=\"https:\/\/www.medhairclinic.eu\/wp-content\/uploads\/2026\/04\/medhair_2026-5-300x200.webp\" class=\"attachment-medium size-medium\" alt=\"\" srcset=\"https:\/\/www.medhairclinic.eu\/wp-content\/uploads\/2026\/04\/medhair_2026-5-300x200.webp 300w, https:\/\/www.medhairclinic.eu\/wp-content\/uploads\/2026\/04\/medhair_2026-5-1024x683.webp 1024w, https:\/\/www.medhairclinic.eu\/wp-content\/uploads\/2026\/04\/medhair_2026-5-768x512.webp 768w, https:\/\/www.medhairclinic.eu\/wp-content\/uploads\/2026\/04\/medhair_2026-5-1536x1025.webp 1536w, https:\/\/www.medhairclinic.eu\/wp-content\/uploads\/2026\/04\/medhair_2026-5-600x400.webp 600w, https:\/\/www.medhairclinic.eu\/wp-content\/uploads\/2026\/04\/medhair_2026-5-150x100.webp 150w, https:\/\/www.medhairclinic.eu\/wp-content\/uploads\/2026\/04\/medhair_2026-5.webp 2048w\" sizes=\"auto, (max-width: 300px) 100vw, 300px\" \/><\/a>\n\t\t\t<\/dt><\/dl><br style=\"clear: both\" \/>\n\t\t<\/div>\n\n","protected":false},"excerpt":{"rendered":"<p>A escolha do m\u00e9dico certo desempenha um papel enorme quando est\u00e1 a planear um transplante capilar. O ideal \u00e9 analisar com aten\u00e7\u00e3o a experi\u00eancia, as qualifica\u00e7\u00f5es e as avalia\u00e7\u00f5es de pacientes anteriores. Assim, garante que est\u00e1 em boas m\u00e3os. O Dr. Vedat Tosun, por exemplo, \u00e9 considerado um dos principais especialistas em transplante capilar na [&hellip;]<\/p>\n","protected":false},"author":1,"featured_media":8052,"parent":0,"menu_order":0,"comment_status":"closed","ping_status":"closed","template":"","meta":{"footnotes":""},"class_list":["post-8051","page","type-page","status-publish","has-post-thumbnail","hentry"],"_links":{"self":[{"href":"https:\/\/www.medhairclinic.eu\/pt-pt\/wp-json\/wp\/v2\/pages\/8051","targetHints":{"allow":["GET"]}}],"collection":[{"href":"https:\/\/www.medhairclinic.eu\/pt-pt\/wp-json\/wp\/v2\/pages"}],"about":[{"href":"https:\/\/www.medhairclinic.eu\/pt-pt\/wp-json\/wp\/v2\/types\/page"}],"author":[{"embeddable":true,"href":"https:\/\/www.medhairclinic.eu\/pt-pt\/wp-json\/wp\/v2\/users\/1"}],"replies":[{"embeddable":true,"href":"https:\/\/www.medhairclinic.eu\/pt-pt\/wp-json\/wp\/v2\/comments?post=8051"}],"version-history":[{"count":4,"href":"https:\/\/www.medhairclinic.eu\/pt-pt\/wp-json\/wp\/v2\/pages\/8051\/revisions"}],"predecessor-version":[{"id":8142,"href":"https:\/\/www.medhairclinic.eu\/pt-pt\/wp-json\/wp\/v2\/pages\/8051\/revisions\/8142"}],"wp:featuredmedia":[{"embeddable":true,"href":"https:\/\/www.medhairclinic.eu\/pt-pt\/wp-json\/wp\/v2\/media\/8052"}],"wp:attachment":[{"href":"https:\/\/www.medhairclinic.eu\/pt-pt\/wp-json\/wp\/v2\/media?parent=8051"}],"curies":[{"name":"wp","href":"https:\/\/api.w.org\/{rel}","templated":true}]}}